{"id":44647,"date":"2025-08-15T12:42:01","date_gmt":"2025-08-15T12:42:01","guid":{"rendered":"https:\/\/skinstudio.ee\/?post_type=product&#038;p=44647"},"modified":"2026-01-19T15:12:53","modified_gmt":"2026-01-19T15:12:53","slug":"genage-face-cream","status":"publish","type":"product","link":"https:\/\/skinstudio.ee\/lv\/catalog\/natinuel\/genage-face-cream\/","title":{"rendered":"Genage Face Cream"},"content":{"rendered":"<p data-start=\"91\" data-end=\"684\">Unik\u0101ls pretnoveco\u0161an\u0101s kr\u0113ms ar pla\u0161u darb\u012bbas spektru. Tas iedarbojas pret vis\u0101m noveco\u0161an\u0101s paz\u012bm\u0113m, tostarp funkcion\u0101laj\u0101m, piem\u0113ram, dehidrat\u0101ciju, \u0101das kr\u0101sas izmai\u0146\u0101m, neefekt\u012bvu \u0101das aizsargbarjeru, k\u0101 ar\u012b struktur\u0101laj\u0101m paz\u012bm\u0113m, piem\u0113ram, \u0101das \u013cenganumu, krunk\u0101m, papla\u0161in\u0101t\u0101m por\u0101m un aps\u0101rtumu. Pretnoveco\u0161an\u0101s, pretstresa un aizsarg\u0101jo\u0161ais efekts tiek pan\u0101kts, stabiliz\u0113jot telom\u0113rus un saglab\u0101jot DNS integrit\u0101ti. Noz\u012bm\u012bgs \u0101das audu kvalit\u0101tes uzlabojums tiek sasniegts, pateicoties optim\u0101lai \u0161\u016bnu mijiedarb\u012bbai un t\u0101s anabolisko un katabolisko funkciju atjauno\u0161anai.<\/p>\n<p data-start=\"686\" data-end=\"710\"><strong data-start=\"686\" data-end=\"698\">Tilpums:<\/strong> <strong data-start=\"699\" data-end=\"708\">50 ml<\/strong><\/p>\n","protected":false},"excerpt":{"rendered":"<p data-start=\"805\" data-end=\"834\">Pretnoveco\u0161an\u0101s sejas kr\u0113ms<\/p>\n<h2 data-start=\"836\" data-end=\"1088\"><strong data-start=\"836\" data-end=\"875\">Natinuel Genage Face Cream \u012bpa\u0161\u012bbas<\/strong><\/h2>\n<p data-start=\"836\" data-end=\"1088\">\u2714\ufe0f Pal\u0113nina \u0101das noveco\u0161an\u0101s procesu<br data-start=\"914\" data-end=\"917\" \/>\u2714\ufe0f Stimul\u0113 \u0161\u016bnu re\u0123ener\u0101ciju<br data-start=\"945\" data-end=\"948\" \/>\u2714\ufe0f Stiprina \u0101das strukt\u016bru un uzlabo elast\u012bbu<br data-start=\"993\" data-end=\"996\" \/>\u2714\ufe0f Izl\u012bdzina krunkas un uzlabo tekst\u016bru<br data-start=\"1035\" data-end=\"1038\" \/>\u2714\ufe0f Aizsarg\u0101 pret oksidat\u012bvo stresu un boj\u0101jumiem<\/p>\n","protected":false},"featured_media":67612,"template":"","meta":[],"pwb-brand":[1127],"product_brand":[],"product_cat":[737,749],"product_tag":[],"giftcard-category":[],"class_list":{"0":"post-44647","1":"product","2":"type-product","3":"status-publish","4":"has-post-thumbnail","6":"pwb-brand-natinuel","7":"product_cat-mitrinasana","8":"product_cat-novecojosa-ada","10":"first","11":"instock","12":"taxable","13":"shipping-taxable","14":"purchasable","15":"product-type-simple"},"acf":[],"brands":[{"id":1127,"name":"Natinuel","slug":"natinuel"}],"_links":{"self":[{"href":"https:\/\/skinstudio.ee\/lv\/wp-json\/wp\/v2\/product\/44647","targetHints":{"allow":["GET"]}}],"collection":[{"href":"https:\/\/skinstudio.ee\/lv\/wp-json\/wp\/v2\/product"}],"about":[{"href":"https:\/\/skinstudio.ee\/lv\/wp-json\/wp\/v2\/types\/product"}],"version-history":[{"count":0,"href":"https:\/\/skinstudio.ee\/lv\/wp-json\/wp\/v2\/product\/44647\/revisions"}],"wp:featuredmedia":[{"embeddable":true,"href":"https:\/\/skinstudio.ee\/lv\/wp-json\/wp\/v2\/media\/67612"}],"wp:attachment":[{"href":"https:\/\/skinstudio.ee\/lv\/wp-json\/wp\/v2\/media?parent=44647"}],"wp:term":[{"taxonomy":"pwb-brand","embeddable":true,"href":"https:\/\/skinstudio.ee\/lv\/wp-json\/wp\/v2\/pwb-brand?post=44647"},{"taxonomy":"product_brand","embeddable":true,"href":"https:\/\/skinstudio.ee\/lv\/wp-json\/wp\/v2\/product_brand?post=44647"},{"taxonomy":"product_cat","embeddable":true,"href":"https:\/\/skinstudio.ee\/lv\/wp-json\/wp\/v2\/product_cat?post=44647"},{"taxonomy":"product_tag","embeddable":true,"href":"https:\/\/skinstudio.ee\/lv\/wp-json\/wp\/v2\/product_tag?post=44647"},{"taxonomy":"giftcard-category","embeddable":true,"href":"https:\/\/skinstudio.ee\/lv\/wp-json\/wp\/v2\/giftcard-category?post=44647"}],"curies":[{"name":"wp","href":"https:\/\/api.w.org\/{rel}","templated":true}]}}