{"id":44664,"date":"2025-08-15T12:55:23","date_gmt":"2025-08-15T12:55:23","guid":{"rendered":"https:\/\/skinstudio.ee\/?post_type=product&#038;p=44664"},"modified":"2026-01-19T15:12:52","modified_gmt":"2026-01-19T15:12:52","slug":"defend-plus-face-cream","status":"publish","type":"product","link":"https:\/\/skinstudio.ee\/lv\/catalog\/natinuel\/defend-plus-face-cream\/","title":{"rendered":"Defend Plus Face Cream"},"content":{"rendered":"<p data-start=\"0\" data-end=\"425\"><strong data-start=\"5\" data-end=\"20\">DEFEND PLUS<\/strong> \u2013 kr\u0113ms, kas izstr\u0101d\u0101ts, lai c\u012bn\u012btos ar priek\u0161laic\u012bgu \u0101das noveco\u0161anos. Pal\u012bdz normaliz\u0113t jut\u012bgu \u0101du, kuru nov\u0101jin\u0101jis dermat\u012bts, stiprina \u0101das barjeru un aizsarg\u0101 to no UV staru, br\u012bvo radik\u0101\u013cu un iekaisumu kait\u012bg\u0101s ietekmes. Nodro\u0161ina pilnu antioksidantu darb\u012bbu pret tr\u012bs br\u012bvo radik\u0101\u013cu grup\u0101m: ROS, RNS un RCS, k\u0101 ar\u012b palielina \u0101das sp\u0113ju atjaunoties. Pal\u012bdz uztur\u0113t dabisko \u0101das mitruma l\u012bdzsvaru.<\/p>\n<p data-start=\"427\" data-end=\"447\"><strong data-start=\"427\" data-end=\"439\">Tilpums:<\/strong> 50 ml<\/p>\n","protected":false},"excerpt":{"rendered":"<p data-start=\"513\" data-end=\"532\">\u0100das aizsargkr\u0113ms<\/p>\n<h2 data-start=\"534\" data-end=\"838\"><strong data-start=\"534\" data-end=\"578\">Natinuel Defend Plus Face Cream \u012bpa\u0161\u012bbas<\/strong><\/h2>\n<p data-start=\"534\" data-end=\"838\">\u2714\ufe0f Pal\u012bdz saglab\u0101t \u0101das integrit\u0101ti un vesel\u012bbu<br data-start=\"628\" data-end=\"631\" \/>\u2714\ufe0f Uzlabo vielmai\u0146as meh\u0101nismus<br data-start=\"662\" data-end=\"665\" \/>\u2714\ufe0f C\u012bn\u0101s ar priek\u0161laic\u012bgu \u0161\u016bnu noveco\u0161anos<br data-start=\"707\" data-end=\"710\" \/>\u2714\ufe0f Stiprina \u0101das aizsardz\u012bbu pret apk\u0101rt\u0113j\u0101s vides kairin\u0101t\u0101jiem<br data-start=\"774\" data-end=\"777\" \/>\u2714\ufe0f Palielina \u0101das biolo\u0123isko aizsardz\u012bbu pret UV boj\u0101jumiem<\/p>\n","protected":false},"featured_media":44655,"template":"","meta":[],"pwb-brand":[1127],"product_brand":[],"product_cat":[737,749],"product_tag":[],"giftcard-category":[],"class_list":{"0":"post-44664","1":"product","2":"type-product","3":"status-publish","4":"has-post-thumbnail","6":"pwb-brand-natinuel","7":"product_cat-mitrinasana","8":"product_cat-novecojosa-ada","10":"first","11":"instock","12":"taxable","13":"shipping-taxable","14":"purchasable","15":"product-type-simple"},"acf":[],"brands":[{"id":1127,"name":"Natinuel","slug":"natinuel"}],"_links":{"self":[{"href":"https:\/\/skinstudio.ee\/lv\/wp-json\/wp\/v2\/product\/44664","targetHints":{"allow":["GET"]}}],"collection":[{"href":"https:\/\/skinstudio.ee\/lv\/wp-json\/wp\/v2\/product"}],"about":[{"href":"https:\/\/skinstudio.ee\/lv\/wp-json\/wp\/v2\/types\/product"}],"version-history":[{"count":0,"href":"https:\/\/skinstudio.ee\/lv\/wp-json\/wp\/v2\/product\/44664\/revisions"}],"wp:featuredmedia":[{"embeddable":true,"href":"https:\/\/skinstudio.ee\/lv\/wp-json\/wp\/v2\/media\/44655"}],"wp:attachment":[{"href":"https:\/\/skinstudio.ee\/lv\/wp-json\/wp\/v2\/media?parent=44664"}],"wp:term":[{"taxonomy":"pwb-brand","embeddable":true,"href":"https:\/\/skinstudio.ee\/lv\/wp-json\/wp\/v2\/pwb-brand?post=44664"},{"taxonomy":"product_brand","embeddable":true,"href":"https:\/\/skinstudio.ee\/lv\/wp-json\/wp\/v2\/product_brand?post=44664"},{"taxonomy":"product_cat","embeddable":true,"href":"https:\/\/skinstudio.ee\/lv\/wp-json\/wp\/v2\/product_cat?post=44664"},{"taxonomy":"product_tag","embeddable":true,"href":"https:\/\/skinstudio.ee\/lv\/wp-json\/wp\/v2\/product_tag?post=44664"},{"taxonomy":"giftcard-category","embeddable":true,"href":"https:\/\/skinstudio.ee\/lv\/wp-json\/wp\/v2\/giftcard-category?post=44664"}],"curies":[{"name":"wp","href":"https:\/\/api.w.org\/{rel}","templated":true}]}}