{"id":44680,"date":"2025-08-15T13:05:18","date_gmt":"2025-08-15T13:05:18","guid":{"rendered":"https:\/\/skinstudio.ee\/?post_type=product&#038;p=44680"},"modified":"2026-01-19T15:12:52","modified_gmt":"2026-01-19T15:12:52","slug":"elisir-face-cream","status":"publish","type":"product","link":"https:\/\/skinstudio.ee\/lv\/catalog\/natinuel\/elisir-face-cream\/","title":{"rendered":"Elisir Face Cream"},"content":{"rendered":"<p data-start=\"70\" data-end=\"732\"><strong data-start=\"75\" data-end=\"187\">ELISIR \u2013 Intens\u012bvs tr\u012bsk\u0101r\u0161as iedarb\u012bbas kr\u0113ms: \u0101das aizsardz\u012bbai un atjauno\u0161anai foto\u00adnoveco\u0161an\u0101s gad\u012bjum\u0101.<\/strong><br data-start=\"187\" data-end=\"190\" \/>Bag\u0101t\u012bg\u0101 formula satur aug\u0161anas faktoru kombin\u0101cij\u0101 ar retinaldeh\u012bda kompleksu un l\u0113nas izdal\u012b\u0161an\u0101s idebenonu ar augstu biopept\u012bda koncentr\u0101ciju. \u0160o sast\u0101vda\u013cu siner\u0123ija aktiviz\u0113 boj\u0101to audu aizst\u0101\u0161anu un piln\u012bb\u0101 atjauno dermu un epidermu. Tas ar\u012b nodro\u0161ina augstu kolag\u0113na, elast\u012bna un \u0161\u016bnu DNS aizsardz\u012bbas pak\u0101pi pret UV staru boj\u0101jumiem. Veicina boj\u0101to dermas un epidermas audu re\u0123ener\u0101ciju, nodro\u0161inot DNS, elast\u012bna un kolag\u0113na biolo\u0123isko aizsardz\u012bbu. \u012as\u0101 laik\u0101 \u0101da k\u013c\u016bst toniz\u0113ta, stingra, gluda, samtaini maiga un ar vienm\u0113r\u012bgu toni.<\/p>\n<p data-start=\"734\" data-end=\"754\"><strong data-start=\"734\" data-end=\"746\">Tilpums:<\/strong> 50 ml<\/p>\n","protected":false},"excerpt":{"rendered":"<p data-start=\"835\" data-end=\"867\">Barojo\u0161s pretnoveco\u0161an\u0101s kr\u0113ms<\/p>\n<h2 data-start=\"869\" data-end=\"1137\"><strong data-start=\"869\" data-end=\"908\">Natinuel Elisir Face Cream \u012bpa\u0161\u012bbas<\/strong><\/h2>\n<p data-start=\"869\" data-end=\"1137\">\u2714\ufe0f Likvid\u0113 boj\u0101t\u0101s \u0161\u016bnas<br data-start=\"935\" data-end=\"938\" \/>\u2714\ufe0f Stimul\u0113 un re\u0123ener\u0113 \u0101du<br data-start=\"964\" data-end=\"967\" \/>\u2714\ufe0f Aizsarg\u0101 kolag\u0113nu, elast\u012bnu un DNS no UV staru kait\u012bg\u0101s ietekmes<br data-start=\"1034\" data-end=\"1037\" \/>\u2714\ufe0f Samazina un izl\u012bdzina grumbas<br data-start=\"1109\" data-end=\"1112\" \/>\u2714\ufe0f Vienm\u0113rina \u0101das toni<\/p>\n","protected":false},"featured_media":67605,"template":"","meta":[],"pwb-brand":[1127],"product_brand":[],"product_cat":[737,749],"product_tag":[],"giftcard-category":[],"class_list":{"0":"post-44680","1":"product","2":"type-product","3":"status-publish","4":"has-post-thumbnail","6":"pwb-brand-natinuel","7":"product_cat-mitrinasana","8":"product_cat-novecojosa-ada","10":"first","11":"instock","12":"taxable","13":"shipping-taxable","14":"purchasable","15":"product-type-simple"},"acf":[],"brands":[{"id":1127,"name":"Natinuel","slug":"natinuel"}],"_links":{"self":[{"href":"https:\/\/skinstudio.ee\/lv\/wp-json\/wp\/v2\/product\/44680","targetHints":{"allow":["GET"]}}],"collection":[{"href":"https:\/\/skinstudio.ee\/lv\/wp-json\/wp\/v2\/product"}],"about":[{"href":"https:\/\/skinstudio.ee\/lv\/wp-json\/wp\/v2\/types\/product"}],"version-history":[{"count":0,"href":"https:\/\/skinstudio.ee\/lv\/wp-json\/wp\/v2\/product\/44680\/revisions"}],"wp:featuredmedia":[{"embeddable":true,"href":"https:\/\/skinstudio.ee\/lv\/wp-json\/wp\/v2\/media\/67605"}],"wp:attachment":[{"href":"https:\/\/skinstudio.ee\/lv\/wp-json\/wp\/v2\/media?parent=44680"}],"wp:term":[{"taxonomy":"pwb-brand","embeddable":true,"href":"https:\/\/skinstudio.ee\/lv\/wp-json\/wp\/v2\/pwb-brand?post=44680"},{"taxonomy":"product_brand","embeddable":true,"href":"https:\/\/skinstudio.ee\/lv\/wp-json\/wp\/v2\/product_brand?post=44680"},{"taxonomy":"product_cat","embeddable":true,"href":"https:\/\/skinstudio.ee\/lv\/wp-json\/wp\/v2\/product_cat?post=44680"},{"taxonomy":"product_tag","embeddable":true,"href":"https:\/\/skinstudio.ee\/lv\/wp-json\/wp\/v2\/product_tag?post=44680"},{"taxonomy":"giftcard-category","embeddable":true,"href":"https:\/\/skinstudio.ee\/lv\/wp-json\/wp\/v2\/giftcard-category?post=44680"}],"curies":[{"name":"wp","href":"https:\/\/api.w.org\/{rel}","templated":true}]}}