{"id":44695,"date":"2025-08-15T13:12:22","date_gmt":"2025-08-15T13:12:22","guid":{"rendered":"https:\/\/skinstudio.ee\/?post_type=product&#038;p=44695"},"modified":"2026-01-19T15:12:53","modified_gmt":"2026-01-19T15:12:53","slug":"ultraton-face-cream","status":"publish","type":"product","link":"https:\/\/skinstudio.ee\/lv\/catalog\/natinuel\/ultraton-face-cream\/","title":{"rendered":"Ultraton Face Cream"},"content":{"rendered":"<p data-start=\"12\" data-end=\"560\"><strong data-start=\"12\" data-end=\"24\">ULTRATON<\/strong> \u2013 satur akt\u012bv\u0101s vielas, kas ietekm\u0113 dermas un epidermas strukt\u016bru, palielinot dermas un epidermas dzi\u013c\u0101ko sl\u0101\u0146u biezumu. \u0160is speci\u0101li izstr\u0101d\u0101tais kr\u0113ms sejas, kakla un dekolt\u0113 \u0101dai iedarbojas uz vis\u0101m noveco\u0161an\u0101s paz\u012bm\u0113m. Tas satur biolo\u0123iski akt\u012bvos pept\u012bdus, kas darbojas siner\u0123iski un m\u0113r\u0137tiec\u012bgi ar dermo\u2013epiderm\u0101l\u0101 savienojuma (DEJ) komponentiem. To efekt\u012bva stimul\u0113\u0161ana pal\u012bdz uztur\u0113t DEJ struktur\u0101lo integrit\u0101ti un molekul\u0101r\u0101s saites, k\u0101 ar\u012b atjaunot ekstracelul\u0101r\u0101s matricas komponentus. Kr\u0113ms ir piem\u0113rots ar\u012b jut\u012bgai \u0101dai.<\/p>\n<p data-start=\"562\" data-end=\"586\"><strong data-start=\"562\" data-end=\"574\">Tilpums:<\/strong> <strong data-start=\"575\" data-end=\"584\">50 ml<\/strong><\/p>\n","protected":false},"excerpt":{"rendered":"<p data-start=\"690\" data-end=\"719\">Pretnoveco\u0161an\u0101s sejas kr\u0113ms<\/p>\n<h2 data-start=\"721\" data-end=\"940\"><strong data-start=\"721\" data-end=\"762\">Natinuel Ultraton Face Cream \u012bpa\u0161\u012bbas<\/strong><\/h2>\n<p data-start=\"721\" data-end=\"940\">\u2714\ufe0f Atjauno \u0101das stingr\u012bbu un elast\u012bbu<br data-start=\"802\" data-end=\"805\" \/>\u2714\ufe0f Izl\u012bdzina grumbas un nov\u0113r\u0161 to ra\u0161anos<br data-start=\"846\" data-end=\"849\" \/>\u2714\ufe0f Stimul\u0113 \u0161\u016bnu re\u0123ener\u0101ciju<br data-start=\"877\" data-end=\"880\" \/>\u2714\ufe0f Stiprina \u0101das aizsargbarjeru<br data-start=\"911\" data-end=\"914\" \/>\u2714\ufe0f Dzi\u013ci mitrina un baro<\/p>\n","protected":false},"featured_media":67705,"template":"","meta":[],"pwb-brand":[1127],"product_brand":[],"product_cat":[737,749],"product_tag":[],"giftcard-category":[],"class_list":{"0":"post-44695","1":"product","2":"type-product","3":"status-publish","4":"has-post-thumbnail","6":"pwb-brand-natinuel","7":"product_cat-mitrinasana","8":"product_cat-novecojosa-ada","10":"first","11":"instock","12":"taxable","13":"shipping-taxable","14":"purchasable","15":"product-type-simple"},"acf":[],"brands":[{"id":1127,"name":"Natinuel","slug":"natinuel"}],"_links":{"self":[{"href":"https:\/\/skinstudio.ee\/lv\/wp-json\/wp\/v2\/product\/44695","targetHints":{"allow":["GET"]}}],"collection":[{"href":"https:\/\/skinstudio.ee\/lv\/wp-json\/wp\/v2\/product"}],"about":[{"href":"https:\/\/skinstudio.ee\/lv\/wp-json\/wp\/v2\/types\/product"}],"version-history":[{"count":0,"href":"https:\/\/skinstudio.ee\/lv\/wp-json\/wp\/v2\/product\/44695\/revisions"}],"wp:featuredmedia":[{"embeddable":true,"href":"https:\/\/skinstudio.ee\/lv\/wp-json\/wp\/v2\/media\/67705"}],"wp:attachment":[{"href":"https:\/\/skinstudio.ee\/lv\/wp-json\/wp\/v2\/media?parent=44695"}],"wp:term":[{"taxonomy":"pwb-brand","embeddable":true,"href":"https:\/\/skinstudio.ee\/lv\/wp-json\/wp\/v2\/pwb-brand?post=44695"},{"taxonomy":"product_brand","embeddable":true,"href":"https:\/\/skinstudio.ee\/lv\/wp-json\/wp\/v2\/product_brand?post=44695"},{"taxonomy":"product_cat","embeddable":true,"href":"https:\/\/skinstudio.ee\/lv\/wp-json\/wp\/v2\/product_cat?post=44695"},{"taxonomy":"product_tag","embeddable":true,"href":"https:\/\/skinstudio.ee\/lv\/wp-json\/wp\/v2\/product_tag?post=44695"},{"taxonomy":"giftcard-category","embeddable":true,"href":"https:\/\/skinstudio.ee\/lv\/wp-json\/wp\/v2\/giftcard-category?post=44695"}],"curies":[{"name":"wp","href":"https:\/\/api.w.org\/{rel}","templated":true}]}}