{"id":44711,"date":"2025-08-15T13:19:16","date_gmt":"2025-08-15T13:19:16","guid":{"rendered":"https:\/\/skinstudio.ee\/?post_type=product&#038;p=44711"},"modified":"2026-01-19T15:12:53","modified_gmt":"2026-01-19T15:12:53","slug":"hydra-moist-face-mask","status":"publish","type":"product","link":"https:\/\/skinstudio.ee\/lv\/catalog\/natinuel\/hydra-moist-face-mask\/","title":{"rendered":"Hydra-Moist Face Mask"},"content":{"rendered":"<p data-start=\"12\" data-end=\"340\">Pateicoties polisahar\u012bdiem \u2014 laktobionsk\u0101bei un glikonolaktonam \u2014 k\u0101 ar\u012b molekul\u0101rajam komponentam Lipomoist, maska nodro\u0161ina ilgsto\u0161u mitrino\u0161u efektu un nov\u0113r\u0161 mitruma zudumu uz ilgu laiku. T\u0101 piln\u012bb\u0101 atjauno raga sl\u0101ni, uzlabo t\u0101 aizsargfunkcijas, palielina \u0101das elast\u012bbu un maigumu, pie\u0161\u0137ir tai vesel\u012bgu un koptu mirdzumu.<\/p>\n<p data-start=\"342\" data-end=\"362\"><strong data-start=\"342\" data-end=\"354\">Tilpums:<\/strong> 50 ml<\/p>\n","protected":false},"excerpt":{"rendered":"<p data-start=\"463\" data-end=\"486\">Mitrino\u0161a sejas maska<\/p>\n<h2 data-start=\"488\" data-end=\"733\"><strong data-start=\"488\" data-end=\"531\">Natinuel Hydra-Moist Face Mask \u012bpa\u0161\u012bbas<\/strong><\/h2>\n<p data-start=\"488\" data-end=\"733\">\u2714\ufe0f Intens\u012bvi mitrina un baro \u0101du<br data-start=\"566\" data-end=\"569\" \/>\u2714\ufe0f Atjauno \u016bdens balansu un notur mitrumu<br data-start=\"610\" data-end=\"613\" \/>\u2714\ufe0f M\u012bkstina un uzlabo \u0101das elast\u012bbu<br data-start=\"648\" data-end=\"651\" \/>\u2714\ufe0f Atsvaidzina un pie\u0161\u0137ir vesel\u012bgu mirdzumu<br data-start=\"694\" data-end=\"697\" \/>\u2714\ufe0f Nomierina un mazina kairin\u0101jumu<\/p>\n","protected":false},"featured_media":67598,"template":"","meta":[],"pwb-brand":[1127],"product_brand":[],"product_cat":[741,745,725,737],"product_tag":[],"giftcard-category":[],"class_list":{"0":"post-44711","1":"product","2":"type-product","3":"status-publish","4":"has-post-thumbnail","6":"pwb-brand-natinuel","7":"product_cat-izsitumi","8":"product_cat-jutigai-adai","9":"product_cat-maskas","10":"product_cat-mitrinasana","12":"first","13":"instock","14":"taxable","15":"shipping-taxable","16":"purchasable","17":"product-type-simple"},"acf":[],"brands":[{"id":1127,"name":"Natinuel","slug":"natinuel"}],"_links":{"self":[{"href":"https:\/\/skinstudio.ee\/lv\/wp-json\/wp\/v2\/product\/44711","targetHints":{"allow":["GET"]}}],"collection":[{"href":"https:\/\/skinstudio.ee\/lv\/wp-json\/wp\/v2\/product"}],"about":[{"href":"https:\/\/skinstudio.ee\/lv\/wp-json\/wp\/v2\/types\/product"}],"version-history":[{"count":0,"href":"https:\/\/skinstudio.ee\/lv\/wp-json\/wp\/v2\/product\/44711\/revisions"}],"wp:featuredmedia":[{"embeddable":true,"href":"https:\/\/skinstudio.ee\/lv\/wp-json\/wp\/v2\/media\/67598"}],"wp:attachment":[{"href":"https:\/\/skinstudio.ee\/lv\/wp-json\/wp\/v2\/media?parent=44711"}],"wp:term":[{"taxonomy":"pwb-brand","embeddable":true,"href":"https:\/\/skinstudio.ee\/lv\/wp-json\/wp\/v2\/pwb-brand?post=44711"},{"taxonomy":"product_brand","embeddable":true,"href":"https:\/\/skinstudio.ee\/lv\/wp-json\/wp\/v2\/product_brand?post=44711"},{"taxonomy":"product_cat","embeddable":true,"href":"https:\/\/skinstudio.ee\/lv\/wp-json\/wp\/v2\/product_cat?post=44711"},{"taxonomy":"product_tag","embeddable":true,"href":"https:\/\/skinstudio.ee\/lv\/wp-json\/wp\/v2\/product_tag?post=44711"},{"taxonomy":"giftcard-category","embeddable":true,"href":"https:\/\/skinstudio.ee\/lv\/wp-json\/wp\/v2\/giftcard-category?post=44711"}],"curies":[{"name":"wp","href":"https:\/\/api.w.org\/{rel}","templated":true}]}}