{"id":44727,"date":"2025-08-15T13:27:20","date_gmt":"2025-08-15T13:27:20","guid":{"rendered":"https:\/\/skinstudio.ee\/?post_type=product&#038;p=44727"},"modified":"2026-01-19T15:12:53","modified_gmt":"2026-01-19T15:12:53","slug":"hydra-moist-face-cream","status":"publish","type":"product","link":"https:\/\/skinstudio.ee\/lv\/catalog\/natinuel\/hydra-moist-face-cream\/","title":{"rendered":"Hydra-Moist Face Cream"},"content":{"rendered":"<p data-start=\"21\" data-end=\"119\">Rad\u012bts, lai atjaunotu dehidrat\u0113tas \u0101das dabisko mitruma l\u012bmeni. Piem\u0113rots jaunai un maigai \u0101dai.<\/p>\n<p data-start=\"121\" data-end=\"397\">Pateicoties polisahar\u012bdu kompleksam, hialuronsk\u0101bei un molekul\u0101rajam komponentam Lipomoist, kr\u0113ms dzi\u013ci ies\u016bcas epiderm\u0101, ilgsto\u0161i notur mitrumu un stiprina \u0101das aizsargbarjeru. Tas pal\u012bdz uzlabot elast\u012bbu, maigumu un kop\u0113jo toni, pie\u0161\u0137irot sejai svaigu un vesel\u012bgu izskatu.<\/p>\n<p data-start=\"399\" data-end=\"419\"><strong data-start=\"399\" data-end=\"411\">Tilpums:<\/strong> 30 ml<\/p>\n","protected":false},"excerpt":{"rendered":"<p data-start=\"493\" data-end=\"516\">Mitrino\u0161s sejas kr\u0113ms<\/p>\n<h2 data-start=\"518\" data-end=\"758\"><strong data-start=\"518\" data-end=\"562\">Natinuel Hydra-Moist Face Cream \u012bpa\u0161\u012bbas<\/strong><\/h2>\n<p data-start=\"518\" data-end=\"758\">\u2714\ufe0f Intens\u012bvi mitrina un baro \u0101du<br data-start=\"597\" data-end=\"600\" \/>\u2714\ufe0f Atjauno \u016bdens l\u012bdzsvaru un saglab\u0101 mitrumu<br data-start=\"645\" data-end=\"648\" \/>\u2714\ufe0f M\u012bkstina un uzlabo \u0101das elast\u012bbu<br data-start=\"683\" data-end=\"686\" \/>\u2714\ufe0f Nomierina un mazina kairin\u0101jumu<br data-start=\"720\" data-end=\"723\" \/>\u2714\ufe0f Pie\u0161\u0137ir \u0101dai vesel\u012bgu mirdzumu<\/p>\n","protected":false},"featured_media":67593,"template":"","meta":[],"pwb-brand":[1127],"product_brand":[],"product_cat":[741,745,737],"product_tag":[],"giftcard-category":[],"class_list":{"0":"post-44727","1":"product","2":"type-product","3":"status-publish","4":"has-post-thumbnail","6":"pwb-brand-natinuel","7":"product_cat-izsitumi","8":"product_cat-jutigai-adai","9":"product_cat-mitrinasana","11":"first","12":"instock","13":"taxable","14":"shipping-taxable","15":"purchasable","16":"product-type-simple"},"acf":[],"brands":[{"id":1127,"name":"Natinuel","slug":"natinuel"}],"_links":{"self":[{"href":"https:\/\/skinstudio.ee\/lv\/wp-json\/wp\/v2\/product\/44727","targetHints":{"allow":["GET"]}}],"collection":[{"href":"https:\/\/skinstudio.ee\/lv\/wp-json\/wp\/v2\/product"}],"about":[{"href":"https:\/\/skinstudio.ee\/lv\/wp-json\/wp\/v2\/types\/product"}],"version-history":[{"count":0,"href":"https:\/\/skinstudio.ee\/lv\/wp-json\/wp\/v2\/product\/44727\/revisions"}],"wp:featuredmedia":[{"embeddable":true,"href":"https:\/\/skinstudio.ee\/lv\/wp-json\/wp\/v2\/media\/67593"}],"wp:attachment":[{"href":"https:\/\/skinstudio.ee\/lv\/wp-json\/wp\/v2\/media?parent=44727"}],"wp:term":[{"taxonomy":"pwb-brand","embeddable":true,"href":"https:\/\/skinstudio.ee\/lv\/wp-json\/wp\/v2\/pwb-brand?post=44727"},{"taxonomy":"product_brand","embeddable":true,"href":"https:\/\/skinstudio.ee\/lv\/wp-json\/wp\/v2\/product_brand?post=44727"},{"taxonomy":"product_cat","embeddable":true,"href":"https:\/\/skinstudio.ee\/lv\/wp-json\/wp\/v2\/product_cat?post=44727"},{"taxonomy":"product_tag","embeddable":true,"href":"https:\/\/skinstudio.ee\/lv\/wp-json\/wp\/v2\/product_tag?post=44727"},{"taxonomy":"giftcard-category","embeddable":true,"href":"https:\/\/skinstudio.ee\/lv\/wp-json\/wp\/v2\/giftcard-category?post=44727"}],"curies":[{"name":"wp","href":"https:\/\/api.w.org\/{rel}","templated":true}]}}