{"id":44743,"date":"2025-08-15T13:34:48","date_gmt":"2025-08-15T13:34:48","guid":{"rendered":"https:\/\/skinstudio.ee\/?post_type=product&#038;p=44743"},"modified":"2026-01-19T15:12:53","modified_gmt":"2026-01-19T15:12:53","slug":"homeo-rose-rosacea-prone-skin-cream","status":"publish","type":"product","link":"https:\/\/skinstudio.ee\/lv\/catalog\/natinuel\/homeo-rose-rosacea-prone-skin-cream\/","title":{"rendered":"Homeo-Rose Rosacea Prone Skin Cream"},"content":{"rendered":"<p data-start=\"12\" data-end=\"286\">Kr\u0113mam ir pretiekaisuma \u012bpa\u0161\u012bbas, un tas ir paredz\u0113ts sejas aps\u0101rtu\u0161\u0101m zon\u0101m ar kuperozi vai roz\u0101ciju. Tas normaliz\u0113 iekaisuma procesus, samazina vazodilat\u0101ciju un mikrokapil\u0101ru caurlaid\u012bbu. Stiprina kapil\u0101ru sienas un palielina \u0101das iztur\u012bbu pret temperat\u016bras sv\u0101rst\u012bb\u0101m.<\/p>\n<p data-start=\"288\" data-end=\"607\">Pateicoties akt\u012bvajam augu ekstraktu un mitrino\u0161o sast\u0101vda\u013cu kompleksam, kr\u0113ms dzi\u013ci baro un atjauno \u0101du, nodro\u0161inot komfortu un maigumu. Regul\u0101ra lieto\u0161ana pal\u012bdz iev\u0113rojami samazin\u0101t redzamo kapil\u0101ru t\u012bklu, izl\u012bdzin\u0101t \u0101das toni un aizsarg\u0101t \u0101du no \u0101r\u0113jiem kairin\u0101t\u0101jiem, pie\u0161\u0137irot tai vesel\u012bg\u0101ku un kopt\u0101ku izskatu.<\/p>\n<p data-start=\"609\" data-end=\"629\"><strong data-start=\"609\" data-end=\"621\">Tilpums:<\/strong> 15 ml<\/p>\n","protected":false},"excerpt":{"rendered":"<p data-start=\"698\" data-end=\"738\">Mitrino\u0161s kr\u0113ms roz\u0101cijas skartai \u0101dai<\/p>\n<h2 data-start=\"740\" data-end=\"1010\"><strong data-start=\"740\" data-end=\"797\">Natinuel Homeo-Rose Rosacea Prone Skin Cream \u012bpa\u0161\u012bbas<\/strong><\/h2>\n<p data-start=\"740\" data-end=\"1010\">\u2714\ufe0f Samazina \u0101das aps\u0101rtumu un kairin\u0101jumu<br data-start=\"841\" data-end=\"844\" \/>\u2714\ufe0f Stiprina asinsvadu sienas un mazina to trauslumu<br data-start=\"895\" data-end=\"898\" \/>\u2714\ufe0f Nomierina un aizsarg\u0101 jut\u012bgu \u0101du<br data-start=\"933\" data-end=\"936\" \/>\u2714\ufe0f Samazina roz\u0101cijas saasin\u0101jumu risku<br data-start=\"975\" data-end=\"978\" \/>\u2714\ufe0f Atjauno \u0101das aizsargbarjeru<\/p>\n","protected":false},"featured_media":67588,"template":"","meta":[],"pwb-brand":[1127],"product_brand":[],"product_cat":[741,745,737,749],"product_tag":[],"giftcard-category":[],"class_list":{"0":"post-44743","1":"product","2":"type-product","3":"status-publish","4":"has-post-thumbnail","6":"pwb-brand-natinuel","7":"product_cat-izsitumi","8":"product_cat-jutigai-adai","9":"product_cat-mitrinasana","10":"product_cat-novecojosa-ada","12":"first","13":"instock","14":"taxable","15":"shipping-taxable","16":"purchasable","17":"product-type-simple"},"acf":[],"brands":[{"id":1127,"name":"Natinuel","slug":"natinuel"}],"_links":{"self":[{"href":"https:\/\/skinstudio.ee\/lv\/wp-json\/wp\/v2\/product\/44743","targetHints":{"allow":["GET"]}}],"collection":[{"href":"https:\/\/skinstudio.ee\/lv\/wp-json\/wp\/v2\/product"}],"about":[{"href":"https:\/\/skinstudio.ee\/lv\/wp-json\/wp\/v2\/types\/product"}],"version-history":[{"count":0,"href":"https:\/\/skinstudio.ee\/lv\/wp-json\/wp\/v2\/product\/44743\/revisions"}],"wp:featuredmedia":[{"embeddable":true,"href":"https:\/\/skinstudio.ee\/lv\/wp-json\/wp\/v2\/media\/67588"}],"wp:attachment":[{"href":"https:\/\/skinstudio.ee\/lv\/wp-json\/wp\/v2\/media?parent=44743"}],"wp:term":[{"taxonomy":"pwb-brand","embeddable":true,"href":"https:\/\/skinstudio.ee\/lv\/wp-json\/wp\/v2\/pwb-brand?post=44743"},{"taxonomy":"product_brand","embeddable":true,"href":"https:\/\/skinstudio.ee\/lv\/wp-json\/wp\/v2\/product_brand?post=44743"},{"taxonomy":"product_cat","embeddable":true,"href":"https:\/\/skinstudio.ee\/lv\/wp-json\/wp\/v2\/product_cat?post=44743"},{"taxonomy":"product_tag","embeddable":true,"href":"https:\/\/skinstudio.ee\/lv\/wp-json\/wp\/v2\/product_tag?post=44743"},{"taxonomy":"giftcard-category","embeddable":true,"href":"https:\/\/skinstudio.ee\/lv\/wp-json\/wp\/v2\/giftcard-category?post=44743"}],"curies":[{"name":"wp","href":"https:\/\/api.w.org\/{rel}","templated":true}]}}