{"id":44759,"date":"2025-08-15T13:42:52","date_gmt":"2025-08-15T13:42:52","guid":{"rendered":"https:\/\/skinstudio.ee\/?post_type=product&#038;p=44759"},"modified":"2026-01-19T15:12:53","modified_gmt":"2026-01-19T15:12:53","slug":"firmin-lift-strong-face-serum","status":"publish","type":"product","link":"https:\/\/skinstudio.ee\/lv\/catalog\/natinuel\/firmin-lift-strong-face-serum\/","title":{"rendered":"Firmin Lift Strong Face Serum"},"content":{"rendered":"<p data-start=\"21\" data-end=\"390\">Stiprino\u0161s un atjaunojo\u0161s serums \u2014 koncentr\u0113ts bioceutisks produkts ar divk\u0101r\u0161u iedarb\u012bbu. Bioakt\u012bvo komponentu komplekss siner\u0123iski mijiedarbojas ar viel\u0101m, kas veido baz\u0101lo membr\u0101nu (GDE), stiprinot t\u0101s strukt\u016bru un uzlabojot starp\u0161\u016bnu saites. Serums iev\u0113rojami palielina \u0101das elast\u012bbu un bl\u012bvumu, aizpilda grumbas un nodro\u0161ina izteiktu un ilgsto\u0161u liftinga efektu.<\/p>\n<p data-start=\"392\" data-end=\"712\">Pateicoties augstajai akt\u012bvo vielu koncentr\u0101cijai, l\u012bdzeklis pal\u012bdz uzlabot \u0101das tonusu, atjaunot skaidras kont\u016bras un stimul\u0113t kolag\u0113na un elast\u012bna sint\u0113zi. Regul\u0101ra lieto\u0161ana pal\u012bdz atjaunot \u0101dai jaunekl\u012bgu, svaigu un koptu izskatu, k\u0101 ar\u012b palielina t\u0101s iztur\u012bbu pret noveco\u0161an\u0101s paz\u012bm\u0113m un \u0101r\u0113jiem stresa faktoriem.<\/p>\n<p data-start=\"714\" data-end=\"734\"><strong data-start=\"714\" data-end=\"726\">Tilpums:<\/strong> 30 ml<\/p>\n","protected":false},"excerpt":{"rendered":"<p data-start=\"844\" data-end=\"898\">Stiprino\u0161s sejas serums ar intens\u012bvu liftinga efektu<\/p>\n<h2 data-start=\"900\" data-end=\"1164\"><strong data-start=\"900\" data-end=\"951\">Natinuel Firmin Lift Strong Face Serum \u012bpa\u0161\u012bbas<\/strong><\/h2>\n<p data-start=\"900\" data-end=\"1164\">\u2714\ufe0f Nodro\u0161ina redzamu liftinga efektu<br data-start=\"990\" data-end=\"993\" \/>\u2714\ufe0f Palielina \u0101das elast\u012bbu un stingr\u012bbu<br data-start=\"1032\" data-end=\"1035\" \/>\u2714\ufe0f Stimul\u0113 kolag\u0113na un elast\u012bna ra\u017eo\u0161anu<br data-start=\"1075\" data-end=\"1078\" \/>\u2714\ufe0f Izl\u012bdzina grumbas un nostiprina sejas kont\u016bras<br data-start=\"1127\" data-end=\"1130\" \/>\u2714\ufe0f Uzlabo \u0101das tonusu un bl\u012bvumu<\/p>\n","protected":false},"featured_media":67580,"template":"","meta":[],"pwb-brand":[1127],"product_brand":[],"product_cat":[749,723],"product_tag":[],"giftcard-category":[],"class_list":{"0":"post-44759","1":"product","2":"type-product","3":"status-publish","4":"has-post-thumbnail","6":"pwb-brand-natinuel","7":"product_cat-novecojosa-ada","8":"product_cat-serumi","10":"first","11":"instock","12":"taxable","13":"shipping-taxable","14":"purchasable","15":"product-type-simple"},"acf":[],"brands":[{"id":1127,"name":"Natinuel","slug":"natinuel"}],"_links":{"self":[{"href":"https:\/\/skinstudio.ee\/lv\/wp-json\/wp\/v2\/product\/44759","targetHints":{"allow":["GET"]}}],"collection":[{"href":"https:\/\/skinstudio.ee\/lv\/wp-json\/wp\/v2\/product"}],"about":[{"href":"https:\/\/skinstudio.ee\/lv\/wp-json\/wp\/v2\/types\/product"}],"version-history":[{"count":0,"href":"https:\/\/skinstudio.ee\/lv\/wp-json\/wp\/v2\/product\/44759\/revisions"}],"wp:featuredmedia":[{"embeddable":true,"href":"https:\/\/skinstudio.ee\/lv\/wp-json\/wp\/v2\/media\/67580"}],"wp:attachment":[{"href":"https:\/\/skinstudio.ee\/lv\/wp-json\/wp\/v2\/media?parent=44759"}],"wp:term":[{"taxonomy":"pwb-brand","embeddable":true,"href":"https:\/\/skinstudio.ee\/lv\/wp-json\/wp\/v2\/pwb-brand?post=44759"},{"taxonomy":"product_brand","embeddable":true,"href":"https:\/\/skinstudio.ee\/lv\/wp-json\/wp\/v2\/product_brand?post=44759"},{"taxonomy":"product_cat","embeddable":true,"href":"https:\/\/skinstudio.ee\/lv\/wp-json\/wp\/v2\/product_cat?post=44759"},{"taxonomy":"product_tag","embeddable":true,"href":"https:\/\/skinstudio.ee\/lv\/wp-json\/wp\/v2\/product_tag?post=44759"},{"taxonomy":"giftcard-category","embeddable":true,"href":"https:\/\/skinstudio.ee\/lv\/wp-json\/wp\/v2\/giftcard-category?post=44759"}],"curies":[{"name":"wp","href":"https:\/\/api.w.org\/{rel}","templated":true}]}}