{"id":44775,"date":"2025-08-15T13:50:57","date_gmt":"2025-08-15T13:50:57","guid":{"rendered":"https:\/\/skinstudio.ee\/?post_type=product&#038;p=44775"},"modified":"2026-01-19T15:12:53","modified_gmt":"2026-01-19T15:12:53","slug":"oxy-100-face-cream","status":"publish","type":"product","link":"https:\/\/skinstudio.ee\/lv\/catalog\/natinuel\/oxy-100-face-cream\/","title":{"rendered":"OXY 100 Face Cream"},"content":{"rendered":"<p data-start=\"21\" data-end=\"459\">OXY 100 ir inovat\u012bvs kr\u0113ms, kas balst\u012bts uz ozon\u012bdiem apvienojum\u0101 ar speci\u0101lu pept\u012bdu. \u0160\u012b unik\u0101l\u0101 bio\u0137\u012bmisk\u0101 siner\u0123ija bag\u0101tina \u0101das audus ar sk\u0101bekli un dzi\u013ci mitrina. P\u0113c uzkl\u0101\u0161anas OXY 100 rada sk\u0101bekli, kas, kombin\u0113joties ar hemoglob\u012bnu, pies\u0101tina audus ar sk\u0101bekli l\u012bdz pat musku\u013cu sl\u0101nim. Kr\u0113ms veicina \u0101das boj\u0101jumu dz\u012b\u0161anu, aktiviz\u0113 un restruktur\u0113 vair\u0101kus vielmai\u0146as meh\u0101nismus, kas ir pamats veselai un biolo\u0123iski jaunai \u0101dai.<\/p>\n<p data-start=\"461\" data-end=\"481\"><strong data-start=\"461\" data-end=\"473\">Tilpums:<\/strong> 50 ml<\/p>\n","protected":false},"excerpt":{"rendered":"<p data-start=\"555\" data-end=\"579\">Dzied\u0113jo\u0161s sejas kr\u0113ms<\/p>\n<h2 data-start=\"581\" data-end=\"823\"><strong data-start=\"581\" data-end=\"621\">Natinuel OXY 100 Face Cream \u012bpa\u0161\u012bbas<\/strong><\/h2>\n<p data-start=\"581\" data-end=\"823\">\u2714\ufe0f Aktiviz\u0113 \u0161\u016bnu elpo\u0161anu un vielmai\u0146u<br data-start=\"662\" data-end=\"665\" \/>\u2714\ufe0f Uzlabo \u0101das apg\u0101di ar sk\u0101bekli<br data-start=\"698\" data-end=\"701\" \/>\u2714\ufe0f Stimul\u0113 audu re\u0123ener\u0101ciju<br data-start=\"729\" data-end=\"732\" \/>\u2714\ufe0f Palielina \u0101das elast\u012bbu un tvirtumu<br data-start=\"770\" data-end=\"773\" \/>\u2714\ufe0f Uzlabo \u0101das toni un pie\u0161\u0137ir vesel\u012bgu mirdzumu<\/p>\n","protected":false},"featured_media":67574,"template":"","meta":[],"pwb-brand":[1127],"product_brand":[],"product_cat":[745,737,749],"product_tag":[],"giftcard-category":[],"class_list":{"0":"post-44775","1":"product","2":"type-product","3":"status-publish","4":"has-post-thumbnail","6":"pwb-brand-natinuel","7":"product_cat-jutigai-adai","8":"product_cat-mitrinasana","9":"product_cat-novecojosa-ada","11":"first","12":"instock","13":"taxable","14":"shipping-taxable","15":"purchasable","16":"product-type-simple"},"acf":[],"brands":[{"id":1127,"name":"Natinuel","slug":"natinuel"}],"_links":{"self":[{"href":"https:\/\/skinstudio.ee\/lv\/wp-json\/wp\/v2\/product\/44775","targetHints":{"allow":["GET"]}}],"collection":[{"href":"https:\/\/skinstudio.ee\/lv\/wp-json\/wp\/v2\/product"}],"about":[{"href":"https:\/\/skinstudio.ee\/lv\/wp-json\/wp\/v2\/types\/product"}],"version-history":[{"count":0,"href":"https:\/\/skinstudio.ee\/lv\/wp-json\/wp\/v2\/product\/44775\/revisions"}],"wp:featuredmedia":[{"embeddable":true,"href":"https:\/\/skinstudio.ee\/lv\/wp-json\/wp\/v2\/media\/67574"}],"wp:attachment":[{"href":"https:\/\/skinstudio.ee\/lv\/wp-json\/wp\/v2\/media?parent=44775"}],"wp:term":[{"taxonomy":"pwb-brand","embeddable":true,"href":"https:\/\/skinstudio.ee\/lv\/wp-json\/wp\/v2\/pwb-brand?post=44775"},{"taxonomy":"product_brand","embeddable":true,"href":"https:\/\/skinstudio.ee\/lv\/wp-json\/wp\/v2\/product_brand?post=44775"},{"taxonomy":"product_cat","embeddable":true,"href":"https:\/\/skinstudio.ee\/lv\/wp-json\/wp\/v2\/product_cat?post=44775"},{"taxonomy":"product_tag","embeddable":true,"href":"https:\/\/skinstudio.ee\/lv\/wp-json\/wp\/v2\/product_tag?post=44775"},{"taxonomy":"giftcard-category","embeddable":true,"href":"https:\/\/skinstudio.ee\/lv\/wp-json\/wp\/v2\/giftcard-category?post=44775"}],"curies":[{"name":"wp","href":"https:\/\/api.w.org\/{rel}","templated":true}]}}