{"id":44791,"date":"2025-08-15T13:59:01","date_gmt":"2025-08-15T13:59:01","guid":{"rendered":"https:\/\/skinstudio.ee\/?post_type=product&#038;p=44791"},"modified":"2026-01-19T15:12:53","modified_gmt":"2026-01-19T15:12:53","slug":"intractive-serum-g-factor-p63","status":"publish","type":"product","link":"https:\/\/skinstudio.ee\/lv\/catalog\/natinuel\/intractive-serum-g-factor-p63\/","title":{"rendered":"Intractive Serum G-Factor P63"},"content":{"rendered":"<p data-start=\"68\" data-end=\"165\">INTERACTIVE SERUM p\u0101rst\u0101v radik\u0101li jaunu pieeju \u0101das noveco\u0161an\u0101s \u0101rst\u0113\u0161an\u0101.<\/p>\n<p data-start=\"167\" data-end=\"557\">Biofunkcion\u0101lais komplekss ar augstu dermatolo\u0123isko aktivit\u0101ti, kas v\u0113rsts uz c\u012b\u0146u ar noveco\u0161anos. Inovat\u012bvs metaboliskais aktivators nodro\u0161ina dzi\u013cu un piln\u012bgu \u0101das restrukturiz\u0101ciju un re\u0123ener\u0101ciju. Serums vienlaikus darbojas ar biolo\u0123iskiem, produkt\u012bviem, aizsarg\u0101jo\u0161iem un atjaunojo\u0161iem meh\u0101nismiem epidermas, dermas un dermoepiderm\u0101l\u0101s savienojuma l\u012bmen\u012b, nodro\u0161inot ilgsto\u0161u efektu.<\/p>\n<p data-start=\"559\" data-end=\"579\"><strong data-start=\"559\" data-end=\"577\">Tilpums: 30 ml<\/strong><\/p>\n","protected":false},"excerpt":{"rendered":"<p data-start=\"802\" data-end=\"832\">Intens\u012bvs atjaunojo\u0161s serums<\/p>\n<h2 data-start=\"834\" data-end=\"1099\"><strong data-start=\"834\" data-end=\"885\">Natinuel Intractive Serum G-Factor P63 \u012bpa\u0161\u012bbas<\/strong><\/h2>\n<p data-start=\"834\" data-end=\"1099\">\u2714\ufe0f Aktiviz\u0113 \u0161\u016bnu re\u0123ener\u0101ciju<br data-start=\"917\" data-end=\"920\" \/>\u2714\ufe0f Stimul\u0113 kolag\u0113na un elast\u012bna ra\u017eo\u0161anu<br data-start=\"960\" data-end=\"963\" \/>\u2714\ufe0f Uzlabo \u0101das elast\u012bbu un bl\u012bvumu<br data-start=\"997\" data-end=\"1000\" \/>\u2714\ufe0f Izl\u012bdzina grumbas un \u0101das toni<br data-start=\"1033\" data-end=\"1036\" \/>\u2714\ufe0f Aizsarg\u0101 \u0161\u016bnas no boj\u0101jumiem un priek\u0161laic\u012bgas noveco\u0161an\u0101s<\/p>\n","protected":false},"featured_media":67567,"template":"","meta":[],"pwb-brand":[1127],"product_brand":[],"product_cat":[749,723],"product_tag":[],"giftcard-category":[],"class_list":{"0":"post-44791","1":"product","2":"type-product","3":"status-publish","4":"has-post-thumbnail","6":"pwb-brand-natinuel","7":"product_cat-novecojosa-ada","8":"product_cat-serumi","10":"first","11":"instock","12":"taxable","13":"shipping-taxable","14":"purchasable","15":"product-type-simple"},"acf":[],"brands":[{"id":1127,"name":"Natinuel","slug":"natinuel"}],"_links":{"self":[{"href":"https:\/\/skinstudio.ee\/lv\/wp-json\/wp\/v2\/product\/44791","targetHints":{"allow":["GET"]}}],"collection":[{"href":"https:\/\/skinstudio.ee\/lv\/wp-json\/wp\/v2\/product"}],"about":[{"href":"https:\/\/skinstudio.ee\/lv\/wp-json\/wp\/v2\/types\/product"}],"version-history":[{"count":0,"href":"https:\/\/skinstudio.ee\/lv\/wp-json\/wp\/v2\/product\/44791\/revisions"}],"wp:featuredmedia":[{"embeddable":true,"href":"https:\/\/skinstudio.ee\/lv\/wp-json\/wp\/v2\/media\/67567"}],"wp:attachment":[{"href":"https:\/\/skinstudio.ee\/lv\/wp-json\/wp\/v2\/media?parent=44791"}],"wp:term":[{"taxonomy":"pwb-brand","embeddable":true,"href":"https:\/\/skinstudio.ee\/lv\/wp-json\/wp\/v2\/pwb-brand?post=44791"},{"taxonomy":"product_brand","embeddable":true,"href":"https:\/\/skinstudio.ee\/lv\/wp-json\/wp\/v2\/product_brand?post=44791"},{"taxonomy":"product_cat","embeddable":true,"href":"https:\/\/skinstudio.ee\/lv\/wp-json\/wp\/v2\/product_cat?post=44791"},{"taxonomy":"product_tag","embeddable":true,"href":"https:\/\/skinstudio.ee\/lv\/wp-json\/wp\/v2\/product_tag?post=44791"},{"taxonomy":"giftcard-category","embeddable":true,"href":"https:\/\/skinstudio.ee\/lv\/wp-json\/wp\/v2\/giftcard-category?post=44791"}],"curies":[{"name":"wp","href":"https:\/\/api.w.org\/{rel}","templated":true}]}}