{"id":44806,"date":"2025-08-15T14:59:51","date_gmt":"2025-08-15T14:59:51","guid":{"rendered":"https:\/\/skinstudio.ee\/?post_type=product&#038;p=44806"},"modified":"2026-01-19T15:12:53","modified_gmt":"2026-01-19T15:12:53","slug":"interactive-cream-g-factor-complex","status":"publish","type":"product","link":"https:\/\/skinstudio.ee\/lv\/catalog\/natinuel\/interactive-cream-g-factor-complex\/","title":{"rendered":"Interactive Cream G-Factor Complex"},"content":{"rendered":"<p data-start=\"99\" data-end=\"293\">Kr\u0113ms ar augstu dermatolo\u0123isko aktivit\u0101ti, kura pamat\u0101 ir aug\u0161anas faktori, nodro\u0161ina epidermas, dermas un DEJ (dermoepiderm\u0101l\u0101 savienojuma) dzi\u013cu un piln\u012bgu restrukturiz\u0101ciju un re\u0123ener\u0101ciju.<\/p>\n<p data-start=\"295\" data-end=\"737\">Akt\u012bva fibroblastu biostimul\u0101cija tiek papildin\u0101ta ar mikroiekaisuma un galveno de\u0123enerat\u012bvo katabolisko meh\u0101nismu, piem\u0113ram, MMP un glik\u0101cijas, regul\u0113\u0161anu, nodro\u0161inot ilgsto\u0161u efektu. Formula pastiprina \u0101das dabiskos atjauno\u0161an\u0101s procesus, stiprina t\u0101s strukt\u016bru un atjauno bl\u012bvumu un elast\u012bbu. Regul\u0101ras lieto\u0161anas rezult\u0101t\u0101 kr\u0113ms redzami izl\u012bdzina grumbas, uzlabo \u0101das toni un tekst\u016bru, pie\u0161\u0137ir sejai svaigu, jaunekl\u012bgu un koptu izskatu.<\/p>\n<p data-start=\"739\" data-end=\"759\"><strong data-start=\"739\" data-end=\"751\">Tilpums:<\/strong> 50 ml<\/p>\n","protected":false},"excerpt":{"rendered":"<p data-start=\"835\" data-end=\"859\">Pretgrumbu sejas kr\u0113ms<\/p>\n<h2 data-start=\"861\" data-end=\"919\"><strong data-start=\"861\" data-end=\"917\">Natinuel Interactive Cream G-Factor Complex \u012bpa\u0161\u012bbas<\/strong><\/h2>\n<p data-start=\"921\" data-end=\"1120\">\u2714\ufe0f Izl\u012bdzina grumbas un uzlabo \u0101das tekst\u016bru<br data-start=\"965\" data-end=\"968\" \/>\u2714\ufe0f Palielina elast\u012bbu un stingr\u012bbu<br data-start=\"1002\" data-end=\"1005\" \/>\u2714\ufe0f Atjauno \u0101das strukt\u016bru<br data-start=\"1030\" data-end=\"1033\" \/>\u2714\ufe0f Stimul\u0113 kolag\u0113na un elast\u012bna ra\u017eo\u0161anu<br data-start=\"1073\" data-end=\"1076\" \/>\u2714\ufe0f Aizsarg\u0101 pret priek\u0161laic\u012bgu noveco\u0161anos<\/p>\n","protected":false},"featured_media":67560,"template":"","meta":[],"pwb-brand":[1127],"product_brand":[],"product_cat":[737,749],"product_tag":[],"giftcard-category":[],"class_list":{"0":"post-44806","1":"product","2":"type-product","3":"status-publish","4":"has-post-thumbnail","6":"pwb-brand-natinuel","7":"product_cat-mitrinasana","8":"product_cat-novecojosa-ada","10":"first","11":"instock","12":"taxable","13":"shipping-taxable","14":"purchasable","15":"product-type-simple"},"acf":[],"brands":[{"id":1127,"name":"Natinuel","slug":"natinuel"}],"_links":{"self":[{"href":"https:\/\/skinstudio.ee\/lv\/wp-json\/wp\/v2\/product\/44806","targetHints":{"allow":["GET"]}}],"collection":[{"href":"https:\/\/skinstudio.ee\/lv\/wp-json\/wp\/v2\/product"}],"about":[{"href":"https:\/\/skinstudio.ee\/lv\/wp-json\/wp\/v2\/types\/product"}],"version-history":[{"count":0,"href":"https:\/\/skinstudio.ee\/lv\/wp-json\/wp\/v2\/product\/44806\/revisions"}],"wp:featuredmedia":[{"embeddable":true,"href":"https:\/\/skinstudio.ee\/lv\/wp-json\/wp\/v2\/media\/67560"}],"wp:attachment":[{"href":"https:\/\/skinstudio.ee\/lv\/wp-json\/wp\/v2\/media?parent=44806"}],"wp:term":[{"taxonomy":"pwb-brand","embeddable":true,"href":"https:\/\/skinstudio.ee\/lv\/wp-json\/wp\/v2\/pwb-brand?post=44806"},{"taxonomy":"product_brand","embeddable":true,"href":"https:\/\/skinstudio.ee\/lv\/wp-json\/wp\/v2\/product_brand?post=44806"},{"taxonomy":"product_cat","embeddable":true,"href":"https:\/\/skinstudio.ee\/lv\/wp-json\/wp\/v2\/product_cat?post=44806"},{"taxonomy":"product_tag","embeddable":true,"href":"https:\/\/skinstudio.ee\/lv\/wp-json\/wp\/v2\/product_tag?post=44806"},{"taxonomy":"giftcard-category","embeddable":true,"href":"https:\/\/skinstudio.ee\/lv\/wp-json\/wp\/v2\/giftcard-category?post=44806"}],"curies":[{"name":"wp","href":"https:\/\/api.w.org\/{rel}","templated":true}]}}