{"id":44822,"date":"2025-08-15T15:13:28","date_gmt":"2025-08-15T15:13:28","guid":{"rendered":"https:\/\/skinstudio.ee\/?post_type=product&#038;p=44822"},"modified":"2026-01-19T15:12:52","modified_gmt":"2026-01-19T15:12:52","slug":"exohyal-intense-serum","status":"publish","type":"product","link":"https:\/\/skinstudio.ee\/lv\/catalog\/natinuel\/exohyal-intense-serum\/","title":{"rendered":"EXOHYAL Intense Serum"},"content":{"rendered":"<p data-start=\"12\" data-end=\"511\">EXOHYAL Intense Serum ir augstas aktivit\u0101tes formula, kas izstr\u0101d\u0101ta intens\u012bvai \u0101das mitrin\u0101\u0161anai, atjauno\u0161anai un atjaunin\u0101\u0161anai. Da\u017e\u0101du molekulmasu hialuronsk\u0101bes un augu izcelsmes ekzosomu kombin\u0101cija pal\u012bdz nog\u0101d\u0101t mitrumu dzi\u013ci \u0101d\u0101, stiprina t\u0101s aizsargbarjeru un stimul\u0113 re\u0123ener\u0101cijas procesus. Ekzosomas aktiviz\u0113 \u0161\u016bnu vielmai\u0146u, uzlabojot \u0101das sp\u0113ju pa\u0161atjaunoties un palielinot t\u0101s elast\u012bbu. Serums pal\u012bdz izl\u012bdzin\u0101t smalk\u0101s grumbi\u0146as, atjaunot \u0101das maigumu, elast\u012bbu un vesel\u012bgu mirdzumu.<\/p>\n<p data-start=\"513\" data-end=\"533\"><strong data-start=\"513\" data-end=\"525\">Tilpums:<\/strong> 15 ml<\/p>\n","protected":false},"excerpt":{"rendered":"<p data-start=\"713\" data-end=\"746\">Serums dzi\u013cai \u0101das mitrin\u0101\u0161anai<\/p>\n<h2 data-start=\"748\" data-end=\"1000\"><strong data-start=\"748\" data-end=\"791\">Natinuel EXOHYAL Intense Serum \u012bpa\u0161\u012bbas<\/strong><\/h2>\n<p data-start=\"748\" data-end=\"1000\">\u2714\ufe0f Nodro\u0161ina intens\u012bvu un ilgsto\u0161u mitrin\u0101\u0161anu<br data-start=\"840\" data-end=\"843\" \/>\u2714\ufe0f Atjauno un stiprina \u0101das aizsargbarjeru<br data-start=\"885\" data-end=\"888\" \/>\u2714\ufe0f Izl\u012bdzina smalk\u0101s grumbi\u0146as<br data-start=\"918\" data-end=\"921\" \/>\u2714\ufe0f Uzlabo \u0101das elast\u012bbu un tvirtumu<br data-start=\"956\" data-end=\"959\" \/>\u2714\ufe0f Pie\u0161\u0137ir vesel\u012bgu mirdzumu un maigumu<\/p>\n","protected":false},"featured_media":67554,"template":"","meta":[],"pwb-brand":[1127],"product_brand":[],"product_cat":[737,749,723],"product_tag":[],"giftcard-category":[],"class_list":{"0":"post-44822","1":"product","2":"type-product","3":"status-publish","4":"has-post-thumbnail","6":"pwb-brand-natinuel","7":"product_cat-mitrinasana","8":"product_cat-novecojosa-ada","9":"product_cat-serumi","11":"first","12":"instock","13":"taxable","14":"shipping-taxable","15":"purchasable","16":"product-type-simple"},"acf":[],"brands":[{"id":1127,"name":"Natinuel","slug":"natinuel"}],"_links":{"self":[{"href":"https:\/\/skinstudio.ee\/lv\/wp-json\/wp\/v2\/product\/44822","targetHints":{"allow":["GET"]}}],"collection":[{"href":"https:\/\/skinstudio.ee\/lv\/wp-json\/wp\/v2\/product"}],"about":[{"href":"https:\/\/skinstudio.ee\/lv\/wp-json\/wp\/v2\/types\/product"}],"version-history":[{"count":0,"href":"https:\/\/skinstudio.ee\/lv\/wp-json\/wp\/v2\/product\/44822\/revisions"}],"wp:featuredmedia":[{"embeddable":true,"href":"https:\/\/skinstudio.ee\/lv\/wp-json\/wp\/v2\/media\/67554"}],"wp:attachment":[{"href":"https:\/\/skinstudio.ee\/lv\/wp-json\/wp\/v2\/media?parent=44822"}],"wp:term":[{"taxonomy":"pwb-brand","embeddable":true,"href":"https:\/\/skinstudio.ee\/lv\/wp-json\/wp\/v2\/pwb-brand?post=44822"},{"taxonomy":"product_brand","embeddable":true,"href":"https:\/\/skinstudio.ee\/lv\/wp-json\/wp\/v2\/product_brand?post=44822"},{"taxonomy":"product_cat","embeddable":true,"href":"https:\/\/skinstudio.ee\/lv\/wp-json\/wp\/v2\/product_cat?post=44822"},{"taxonomy":"product_tag","embeddable":true,"href":"https:\/\/skinstudio.ee\/lv\/wp-json\/wp\/v2\/product_tag?post=44822"},{"taxonomy":"giftcard-category","embeddable":true,"href":"https:\/\/skinstudio.ee\/lv\/wp-json\/wp\/v2\/giftcard-category?post=44822"}],"curies":[{"name":"wp","href":"https:\/\/api.w.org\/{rel}","templated":true}]}}