{"id":44837,"date":"2025-08-15T15:33:00","date_gmt":"2025-08-15T15:33:00","guid":{"rendered":"https:\/\/skinstudio.ee\/?post_type=product&#038;p=44837"},"modified":"2026-01-19T15:12:53","modified_gmt":"2026-01-19T15:12:53","slug":"revinol-night-cream","status":"publish","type":"product","link":"https:\/\/skinstudio.ee\/lv\/catalog\/natinuel\/revinol-night-cream\/","title":{"rendered":"Revinol Night Cream"},"content":{"rendered":"<p data-start=\"21\" data-end=\"282\">Nakts kr\u0113ms ar retinolu ir sp\u0113c\u012bgs l\u012bdzeklis vispus\u012bgai \u0101das kop\u0161anai. Retinola un retinala kombin\u0101cija kop\u0101 ar dzintarsk\u0101bi stimul\u0113 \u0161\u016bnu atjauno\u0161anos, c\u012bn\u0101s ar noveco\u0161an\u0101s paz\u012bm\u0113m, izl\u012bdzina \u0101das toni, normaliz\u0113 sebuma izdal\u012b\u0161anos un stiprina \u0101das imunit\u0101ti.<\/p>\n<p data-start=\"284\" data-end=\"304\"><strong data-start=\"284\" data-end=\"296\">Tilpums:<\/strong> 50 ml<\/p>\n","protected":false},"excerpt":{"rendered":"<p data-start=\"520\" data-end=\"560\">Nakts kr\u0113ms ar retinolu un niacinam\u012bdu<\/p>\n<h2 data-start=\"562\" data-end=\"832\"><strong data-start=\"562\" data-end=\"603\">Natinuel Revinol Night Cream \u012bpa\u0161\u012bbas<\/strong><\/h2>\n<p data-start=\"562\" data-end=\"832\">\u2714\ufe0f Stimul\u0113 \u0161\u016bnu atjauno\u0161anos miega laik\u0101<br data-start=\"646\" data-end=\"649\" \/>\u2714\ufe0f Izl\u012bdzina grumbas un uzlabo \u0101das tekst\u016bru<br data-start=\"693\" data-end=\"696\" \/>\u2714\ufe0f Vienm\u0113r\u012bgo \u0101das toni un samazina pigment\u0101ciju<br data-start=\"744\" data-end=\"747\" \/>\u2714\ufe0f Palielina \u0101das elast\u012bbu un tvirtumu<br data-start=\"785\" data-end=\"788\" \/>\u2714\ufe0f Mitrina un stiprina \u0101das aizsargbarjeru<\/p>\n","protected":false},"featured_media":67549,"template":"","meta":[],"pwb-brand":[1127],"product_brand":[],"product_cat":[727,737,749],"product_tag":[],"giftcard-category":[],"class_list":{"0":"post-44837","1":"product","2":"type-product","3":"status-publish","4":"has-post-thumbnail","6":"pwb-brand-natinuel","7":"product_cat-a-vitamins-retinols","8":"product_cat-mitrinasana","9":"product_cat-novecojosa-ada","11":"first","12":"instock","13":"taxable","14":"shipping-taxable","15":"purchasable","16":"product-type-simple"},"acf":[],"brands":[{"id":1127,"name":"Natinuel","slug":"natinuel"}],"_links":{"self":[{"href":"https:\/\/skinstudio.ee\/lv\/wp-json\/wp\/v2\/product\/44837","targetHints":{"allow":["GET"]}}],"collection":[{"href":"https:\/\/skinstudio.ee\/lv\/wp-json\/wp\/v2\/product"}],"about":[{"href":"https:\/\/skinstudio.ee\/lv\/wp-json\/wp\/v2\/types\/product"}],"version-history":[{"count":0,"href":"https:\/\/skinstudio.ee\/lv\/wp-json\/wp\/v2\/product\/44837\/revisions"}],"wp:featuredmedia":[{"embeddable":true,"href":"https:\/\/skinstudio.ee\/lv\/wp-json\/wp\/v2\/media\/67549"}],"wp:attachment":[{"href":"https:\/\/skinstudio.ee\/lv\/wp-json\/wp\/v2\/media?parent=44837"}],"wp:term":[{"taxonomy":"pwb-brand","embeddable":true,"href":"https:\/\/skinstudio.ee\/lv\/wp-json\/wp\/v2\/pwb-brand?post=44837"},{"taxonomy":"product_brand","embeddable":true,"href":"https:\/\/skinstudio.ee\/lv\/wp-json\/wp\/v2\/product_brand?post=44837"},{"taxonomy":"product_cat","embeddable":true,"href":"https:\/\/skinstudio.ee\/lv\/wp-json\/wp\/v2\/product_cat?post=44837"},{"taxonomy":"product_tag","embeddable":true,"href":"https:\/\/skinstudio.ee\/lv\/wp-json\/wp\/v2\/product_tag?post=44837"},{"taxonomy":"giftcard-category","embeddable":true,"href":"https:\/\/skinstudio.ee\/lv\/wp-json\/wp\/v2\/giftcard-category?post=44837"}],"curies":[{"name":"wp","href":"https:\/\/api.w.org\/{rel}","templated":true}]}}