{"id":44855,"date":"2025-08-16T08:50:02","date_gmt":"2025-08-16T08:50:02","guid":{"rendered":"https:\/\/skinstudio.ee\/?post_type=product&#038;p=44855"},"modified":"2026-01-19T15:12:52","modified_gmt":"2026-01-19T15:12:52","slug":"exohyal-cream","status":"publish","type":"product","link":"https:\/\/skinstudio.ee\/lv\/catalog\/natinuel\/exohyal-cream\/","title":{"rendered":"EXOHYAL Cream"},"content":{"rendered":"<p data-start=\"21\" data-end=\"615\">\u012apa\u0161s kr\u0113ms, kas izmanto inovat\u012bvu vielu siner\u0123iju un nodro\u0161ina revolucion\u0101ru pretnoveco\u0161an\u0101s, atjaunojo\u0161u un biostimul\u0113jo\u0161u iedarb\u012bbu. Tas nov\u0113r\u0161 un kav\u0113 vair\u0101kus \u0101das noveco\u0161an\u0101s meh\u0101nismus. No mezenhim\u0101laj\u0101m cilmes \u0161\u016bn\u0101m ieg\u016bt\u0101s eksosomas demonstr\u0113 specifisku dermatolo\u0123isku iedarb\u012bbu: t\u0101s palielina I un III tipa kolag\u0113na ekspresiju, atbalsta fibroblastu prolifer\u0101ciju un nom\u0101c provielas citok\u012bnu ekspresiju. Kr\u0113mam ir antioksidantas \u012bpa\u0161\u012bbas, tas neitraliz\u0113 br\u012bvos radik\u0101\u013cus un darbojas pretiekaisuma veid\u0101. Tas stimul\u0113 \u0161\u016bnu prolifer\u0101ciju, aktiviz\u0113 fibroblastus un nov\u0113r\u0161 to noveco\u0161anos.<\/p>\n<p data-start=\"617\" data-end=\"637\"><strong data-start=\"617\" data-end=\"629\">Tilpums:<\/strong> 50 ml<\/p>\n","protected":false},"excerpt":{"rendered":"<p data-start=\"750\" data-end=\"783\">Mitrino\u0161s pretnoveco\u0161an\u0101s kr\u0113ms<\/p>\n<h2 data-start=\"785\" data-end=\"1050\"><strong data-start=\"785\" data-end=\"820\">Natinuel EXOHYAL Cream \u012bpa\u0161\u012bbas<\/strong><\/h2>\n<p data-start=\"785\" data-end=\"1050\">\u2714\ufe0f Nodro\u0161ina dzi\u013cu un ilgsto\u0161u mitrin\u0101\u0161anu<br data-start=\"865\" data-end=\"868\" \/>\u2714\ufe0f Atjauno aizsargbarjeru un uzlabo elast\u012bbu<br data-start=\"912\" data-end=\"915\" \/>\u2714\ufe0f Izl\u012bdzina krunkas un uzlabo \u0101das tekst\u016bru<br data-start=\"959\" data-end=\"962\" \/>\u2714\ufe0f Pie\u0161\u0137ir \u0101dai maigumu, mirdzumu un svaigumu<br data-start=\"1007\" data-end=\"1010\" \/>\u2714\ufe0f Stimul\u0113 \u0161\u016bnu re\u0123ener\u0101cijas procesus<\/p>\n","protected":false},"featured_media":67543,"template":"","meta":[],"pwb-brand":[1127],"product_brand":[],"product_cat":[737,749],"product_tag":[],"giftcard-category":[],"class_list":{"0":"post-44855","1":"product","2":"type-product","3":"status-publish","4":"has-post-thumbnail","6":"pwb-brand-natinuel","7":"product_cat-mitrinasana","8":"product_cat-novecojosa-ada","10":"first","11":"instock","12":"taxable","13":"shipping-taxable","14":"purchasable","15":"product-type-simple"},"acf":[],"brands":[{"id":1127,"name":"Natinuel","slug":"natinuel"}],"_links":{"self":[{"href":"https:\/\/skinstudio.ee\/lv\/wp-json\/wp\/v2\/product\/44855","targetHints":{"allow":["GET"]}}],"collection":[{"href":"https:\/\/skinstudio.ee\/lv\/wp-json\/wp\/v2\/product"}],"about":[{"href":"https:\/\/skinstudio.ee\/lv\/wp-json\/wp\/v2\/types\/product"}],"version-history":[{"count":0,"href":"https:\/\/skinstudio.ee\/lv\/wp-json\/wp\/v2\/product\/44855\/revisions"}],"wp:featuredmedia":[{"embeddable":true,"href":"https:\/\/skinstudio.ee\/lv\/wp-json\/wp\/v2\/media\/67543"}],"wp:attachment":[{"href":"https:\/\/skinstudio.ee\/lv\/wp-json\/wp\/v2\/media?parent=44855"}],"wp:term":[{"taxonomy":"pwb-brand","embeddable":true,"href":"https:\/\/skinstudio.ee\/lv\/wp-json\/wp\/v2\/pwb-brand?post=44855"},{"taxonomy":"product_brand","embeddable":true,"href":"https:\/\/skinstudio.ee\/lv\/wp-json\/wp\/v2\/product_brand?post=44855"},{"taxonomy":"product_cat","embeddable":true,"href":"https:\/\/skinstudio.ee\/lv\/wp-json\/wp\/v2\/product_cat?post=44855"},{"taxonomy":"product_tag","embeddable":true,"href":"https:\/\/skinstudio.ee\/lv\/wp-json\/wp\/v2\/product_tag?post=44855"},{"taxonomy":"giftcard-category","embeddable":true,"href":"https:\/\/skinstudio.ee\/lv\/wp-json\/wp\/v2\/giftcard-category?post=44855"}],"curies":[{"name":"wp","href":"https:\/\/api.w.org\/{rel}","templated":true}]}}