{"id":46385,"date":"2025-08-21T15:20:54","date_gmt":"2025-08-21T15:20:54","guid":{"rendered":"https:\/\/skinstudio.ee\/?post_type=product&#038;p=46385"},"modified":"2025-12-29T09:56:26","modified_gmt":"2025-12-29T09:56:26","slug":"daily-prevention-lip-balm-spf-30","status":"publish","type":"product","link":"https:\/\/skinstudio.ee\/lv\/catalog\/image-skincare\/daily-prevention-lip-balm-spf-30\/","title":{"rendered":"Daily Prevention Lip Balm SPF 30"},"content":{"rendered":"<p data-start=\"86\" data-end=\"568\"><strong data-start=\"91\" data-end=\"142\">Daily Prevention Lip Balm SPF 30<\/strong> &#8211; ir \u012bpa\u0161i barojo\u0161s g\u0113la l\u016bpu balzams, kas nodro\u0161ina pla\u0161a spektra SPF 30 aizsardz\u012bbu un vienlaikus dzi\u013ci mitrina l\u016bpas. XOSM\u2122 tehnolo\u0123ija \u2013 gudra kapsul\u0113\u0161anas sist\u0113ma, kas optimiz\u0113 antioksidantu m\u0113r\u0137tiec\u012bgu pieg\u0101di \u2013 pal\u012bdz aizsarg\u0101t \u0101du no priek\u0161laic\u012bgas noveco\u0161anas redzamaj\u0101m paz\u012bm\u0113m. J\u016bras pild\u012bjuma sf\u0113ras un pept\u012bdi vizu\u0101li palielina l\u016bpu apjomu, izl\u012bdzina smalk\u0101s l\u012bnijas un pie\u0161\u0137ir t\u0101m piln\u012bg\u0101ku, defin\u0113t\u0101ku izskatu.<\/p>\n<p data-start=\"570\" data-end=\"588\"><strong data-start=\"570\" data-end=\"582\">Tilpums:<\/strong> 8 g<\/p>\n","protected":false},"excerpt":{"rendered":"<p data-start=\"680\" data-end=\"714\">Mitrino\u0161s l\u016bpu balzams ar SPF 30<\/p>\n<h2 data-start=\"716\" data-end=\"992\"><strong data-start=\"716\" data-end=\"776\">Image Skincare &#8211; Daily Prevention Lip Balm SPF 30 \u012bpa\u0161\u012bbas<\/strong><\/h2>\n<p data-start=\"716\" data-end=\"992\">\u2714\ufe0f Intens\u012bvi mitrina un baro l\u016bpas<br data-start=\"813\" data-end=\"816\" \/>\u2714\ufe0f Nodro\u0161ina pla\u0161a spektra UVA\/UVB aizsardz\u012bbu<br data-start=\"862\" data-end=\"865\" \/>\u2714\ufe0f Nov\u0113r\u0161 sausumu un lob\u012b\u0161anos<br data-start=\"895\" data-end=\"898\" \/>\u2714\ufe0f Saglab\u0101 l\u016bpas m\u012bkstas un elast\u012bgas<br data-start=\"935\" data-end=\"938\" \/>\u2714\ufe0f Aizsarg\u0101 no foto noveco\u0161an\u0101s un saules boj\u0101jumiem<\/p>\n","protected":false},"featured_media":62483,"template":"","meta":[],"pwb-brand":[1134],"product_brand":[],"product_cat":[759,731],"product_tag":[],"giftcard-category":[],"class_list":{"0":"post-46385","1":"product","2":"type-product","3":"status-publish","4":"has-post-thumbnail","6":"pwb-brand-image-skincare","7":"product_cat-lupu-kopsana","8":"product_cat-spf-aizsardziba","10":"first","11":"instock","12":"taxable","13":"shipping-taxable","14":"purchasable","15":"product-type-simple"},"acf":[],"brands":[{"id":1134,"name":"Image Skincare","slug":"image-skincare"}],"_links":{"self":[{"href":"https:\/\/skinstudio.ee\/lv\/wp-json\/wp\/v2\/product\/46385","targetHints":{"allow":["GET"]}}],"collection":[{"href":"https:\/\/skinstudio.ee\/lv\/wp-json\/wp\/v2\/product"}],"about":[{"href":"https:\/\/skinstudio.ee\/lv\/wp-json\/wp\/v2\/types\/product"}],"version-history":[{"count":0,"href":"https:\/\/skinstudio.ee\/lv\/wp-json\/wp\/v2\/product\/46385\/revisions"}],"wp:featuredmedia":[{"embeddable":true,"href":"https:\/\/skinstudio.ee\/lv\/wp-json\/wp\/v2\/media\/62483"}],"wp:attachment":[{"href":"https:\/\/skinstudio.ee\/lv\/wp-json\/wp\/v2\/media?parent=46385"}],"wp:term":[{"taxonomy":"pwb-brand","embeddable":true,"href":"https:\/\/skinstudio.ee\/lv\/wp-json\/wp\/v2\/pwb-brand?post=46385"},{"taxonomy":"product_brand","embeddable":true,"href":"https:\/\/skinstudio.ee\/lv\/wp-json\/wp\/v2\/product_brand?post=46385"},{"taxonomy":"product_cat","embeddable":true,"href":"https:\/\/skinstudio.ee\/lv\/wp-json\/wp\/v2\/product_cat?post=46385"},{"taxonomy":"product_tag","embeddable":true,"href":"https:\/\/skinstudio.ee\/lv\/wp-json\/wp\/v2\/product_tag?post=46385"},{"taxonomy":"giftcard-category","embeddable":true,"href":"https:\/\/skinstudio.ee\/lv\/wp-json\/wp\/v2\/giftcard-category?post=46385"}],"curies":[{"name":"wp","href":"https:\/\/api.w.org\/{rel}","templated":true}]}}