{"id":46401,"date":"2025-08-21T15:30:34","date_gmt":"2025-08-21T15:30:34","guid":{"rendered":"https:\/\/skinstudio.ee\/?post_type=product&#038;p=46401"},"modified":"2025-12-30T17:05:03","modified_gmt":"2025-12-30T17:05:03","slug":"mesoprotech-water-veil","status":"publish","type":"product","link":"https:\/\/skinstudio.ee\/lv\/catalog\/mesoestetic\/mesoprotech-water-veil\/","title":{"rendered":"Mesoprotech Water Veil"},"content":{"rendered":"<p data-start=\"2655\" data-end=\"2984\">Viegls sejas saules aizsargkr\u0113ms ar \u013coti augstu SPF50+ aizsardz\u012bbu taukainai un kombin\u0113tai \u0101dai. T\u0101 \u012bpa\u0161i viegl\u0101 g\u0113la-kr\u0113ma tekst\u016bra nodro\u0161ina mitrin\u0101\u0161anu un pie\u0161\u0137ir \u0101dai svaigu mat\u0113tu efektu. Hialuronsk\u0101be uzlabo \u0101das elast\u012bbu un tvirtumu, samazinot noveco\u0161an\u0101s paz\u012bmes. Dermatolo\u0123iski p\u0101rbaud\u012bts. Nekomedog\u0113ns. \u016adensiztur\u012bgs.<\/p>\n<p data-start=\"2986\" data-end=\"3006\"><strong data-start=\"2986\" data-end=\"3004\">Tilpums: 50 ml<\/strong><\/p>\n","protected":false},"excerpt":{"rendered":"<p data-start=\"3597\" data-end=\"3635\">Mitrino\u0161s saules aizsargfluid SPF 50<\/p>\n<h2 data-start=\"3637\" data-end=\"3943\"><strong data-start=\"3637\" data-end=\"3686\">Mesoestetic &#8211; Mesoprotech Water Veil \u012bpa\u0161\u012bbas<\/strong><\/h2>\n<p data-start=\"3637\" data-end=\"3943\">\u2714\ufe0f Nodro\u0161ina uzticamu UVA\/UVB un infrasarkan\u0101s gaismas aizsardz\u012bbu<br data-start=\"3755\" data-end=\"3758\" \/>\u2714\ufe0f Dzi\u013ci mitrina \u0101du un nov\u0113r\u0161 dehidrat\u0101ciju<br data-start=\"3802\" data-end=\"3805\" \/>\u2714\ufe0f Viegla, \u016bdens b\u0101zes tekst\u016bra \u0101tri uzs\u016bcas un neatst\u0101j lip\u012bgumu<br data-start=\"3870\" data-end=\"3873\" \/>\u2714\ufe0f Atbalsta dabisko \u0101das barjeru<br data-start=\"3905\" data-end=\"3908\" \/>\u2714\ufe0f Padara \u0101du svaigu un starojo\u0161u<\/p>\n","protected":false},"featured_media":67135,"template":"","meta":[],"pwb-brand":[1132],"product_brand":[],"product_cat":[731,747],"product_tag":[],"giftcard-category":[],"class_list":{"0":"post-46401","1":"product","2":"type-product","3":"status-publish","4":"has-post-thumbnail","6":"pwb-brand-mesoestetic","7":"product_cat-spf-aizsardziba","8":"product_cat-taukainai-adai","10":"first","11":"instock","12":"taxable","13":"shipping-taxable","14":"purchasable","15":"product-type-simple"},"acf":[],"brands":[{"id":1132,"name":"Mesoestetic","slug":"mesoestetic"}],"_links":{"self":[{"href":"https:\/\/skinstudio.ee\/lv\/wp-json\/wp\/v2\/product\/46401","targetHints":{"allow":["GET"]}}],"collection":[{"href":"https:\/\/skinstudio.ee\/lv\/wp-json\/wp\/v2\/product"}],"about":[{"href":"https:\/\/skinstudio.ee\/lv\/wp-json\/wp\/v2\/types\/product"}],"version-history":[{"count":0,"href":"https:\/\/skinstudio.ee\/lv\/wp-json\/wp\/v2\/product\/46401\/revisions"}],"wp:featuredmedia":[{"embeddable":true,"href":"https:\/\/skinstudio.ee\/lv\/wp-json\/wp\/v2\/media\/67135"}],"wp:attachment":[{"href":"https:\/\/skinstudio.ee\/lv\/wp-json\/wp\/v2\/media?parent=46401"}],"wp:term":[{"taxonomy":"pwb-brand","embeddable":true,"href":"https:\/\/skinstudio.ee\/lv\/wp-json\/wp\/v2\/pwb-brand?post=46401"},{"taxonomy":"product_brand","embeddable":true,"href":"https:\/\/skinstudio.ee\/lv\/wp-json\/wp\/v2\/product_brand?post=46401"},{"taxonomy":"product_cat","embeddable":true,"href":"https:\/\/skinstudio.ee\/lv\/wp-json\/wp\/v2\/product_cat?post=46401"},{"taxonomy":"product_tag","embeddable":true,"href":"https:\/\/skinstudio.ee\/lv\/wp-json\/wp\/v2\/product_tag?post=46401"},{"taxonomy":"giftcard-category","embeddable":true,"href":"https:\/\/skinstudio.ee\/lv\/wp-json\/wp\/v2\/giftcard-category?post=46401"}],"curies":[{"name":"wp","href":"https:\/\/api.w.org\/{rel}","templated":true}]}}