{"id":46698,"date":"2025-08-24T08:09:15","date_gmt":"2025-08-24T08:09:15","guid":{"rendered":"https:\/\/skinstudio.ee\/?post_type=product&#038;p=46698"},"modified":"2026-01-19T15:12:51","modified_gmt":"2026-01-19T15:12:51","slug":"bio-progen-ahas-14-peptides-face-cream","status":"publish","type":"product","link":"https:\/\/skinstudio.ee\/lv\/catalog\/natinuel\/bio-progen-ahas-14-peptides-face-cream\/","title":{"rendered":"BIO PROGEN AHAs 14% Peptides Face Cream"},"content":{"rendered":"<p data-start=\"101\" data-end=\"656\"><strong data-start=\"101\" data-end=\"144\">BIO PROGEN AHAs 14% Peptides Face Cream<\/strong> ir inovat\u012bvs l\u012bdzeklis, kas izstr\u0101d\u0101ts visaptvero\u0161ai \u0101das kop\u0161anai un atjauno\u0161anai. Unik\u0101l\u0101 formula ietver kapsul\u0113tus biostimul\u0113jo\u0161us pept\u012bdus un n\u0101kam\u0101s paaudzes sk\u0101bes (piem\u0113ram, maltobionsk\u0101bi, kurai piem\u012bt sp\u0113c\u012bgas antioksidantu \u012bpa\u0161\u012bbas un kas veicina glikozaminoglik\u0101nu ra\u017eo\u0161anu). Kr\u0113ms samazina noveco\u0161an\u0101s paz\u012bmes, uzlabo kolag\u0113na un elast\u012bna sint\u0113zi, padarot \u0101du stingr\u0101ku un izl\u012bdzinot smalk\u0101s grumbi\u0146as. Regul\u0101ri lietojot, \u0101da k\u013c\u016bst jaun\u0101ka, svaig\u0101ka, elast\u012bg\u0101ka, un t\u0101s tonis iev\u0113rojami uzlabojas.<\/p>\n<p data-start=\"658\" data-end=\"678\"><strong data-start=\"658\" data-end=\"670\">Tilpums:<\/strong> 50 ml<\/p>\n","protected":false},"excerpt":{"rendered":"<p data-start=\"836\" data-end=\"871\">Bio-stimul\u0113jo\u0161s atjaunojo\u0161s kr\u0113ms<\/p>\n<h2 data-start=\"873\" data-end=\"1144\"><strong data-start=\"873\" data-end=\"936\">Natinuel &#8211; Bio Progen AHAs 14% Peptides Face Cream \u012bpa\u0161\u012bbas<\/strong><\/h2>\n<p data-start=\"873\" data-end=\"1144\">\u2714\ufe0f Palielina \u0101das elast\u012bbu un tvirtumu<br data-start=\"977\" data-end=\"980\" \/>\u2714\ufe0f Stimul\u0113 \u0161\u016bnu atjauno\u0161anos un vielmai\u0146u<br data-start=\"1021\" data-end=\"1024\" \/>\u2714\ufe0f Izl\u012bdzina grumbas un \u0101das toni<br data-start=\"1057\" data-end=\"1060\" \/>\u2714\ufe0f Saglab\u0101 mitrumu un aizsarg\u0101 \u0101du<br data-start=\"1094\" data-end=\"1097\" \/>\u2714\ufe0f Atjauno \u0101das strukt\u016bru un pie\u0161\u0137ir mirdzumu<\/p>\n","protected":false},"featured_media":67538,"template":"","meta":[],"pwb-brand":[1127],"product_brand":[],"product_cat":[737,749],"product_tag":[],"giftcard-category":[],"class_list":{"0":"post-46698","1":"product","2":"type-product","3":"status-publish","4":"has-post-thumbnail","6":"pwb-brand-natinuel","7":"product_cat-mitrinasana","8":"product_cat-novecojosa-ada","10":"first","11":"instock","12":"taxable","13":"shipping-taxable","14":"purchasable","15":"product-type-simple"},"acf":[],"brands":[{"id":1127,"name":"Natinuel","slug":"natinuel"}],"_links":{"self":[{"href":"https:\/\/skinstudio.ee\/lv\/wp-json\/wp\/v2\/product\/46698","targetHints":{"allow":["GET"]}}],"collection":[{"href":"https:\/\/skinstudio.ee\/lv\/wp-json\/wp\/v2\/product"}],"about":[{"href":"https:\/\/skinstudio.ee\/lv\/wp-json\/wp\/v2\/types\/product"}],"version-history":[{"count":0,"href":"https:\/\/skinstudio.ee\/lv\/wp-json\/wp\/v2\/product\/46698\/revisions"}],"wp:featuredmedia":[{"embeddable":true,"href":"https:\/\/skinstudio.ee\/lv\/wp-json\/wp\/v2\/media\/67538"}],"wp:attachment":[{"href":"https:\/\/skinstudio.ee\/lv\/wp-json\/wp\/v2\/media?parent=46698"}],"wp:term":[{"taxonomy":"pwb-brand","embeddable":true,"href":"https:\/\/skinstudio.ee\/lv\/wp-json\/wp\/v2\/pwb-brand?post=46698"},{"taxonomy":"product_brand","embeddable":true,"href":"https:\/\/skinstudio.ee\/lv\/wp-json\/wp\/v2\/product_brand?post=46698"},{"taxonomy":"product_cat","embeddable":true,"href":"https:\/\/skinstudio.ee\/lv\/wp-json\/wp\/v2\/product_cat?post=46698"},{"taxonomy":"product_tag","embeddable":true,"href":"https:\/\/skinstudio.ee\/lv\/wp-json\/wp\/v2\/product_tag?post=46698"},{"taxonomy":"giftcard-category","embeddable":true,"href":"https:\/\/skinstudio.ee\/lv\/wp-json\/wp\/v2\/giftcard-category?post=46698"}],"curies":[{"name":"wp","href":"https:\/\/api.w.org\/{rel}","templated":true}]}}