{"id":46714,"date":"2025-08-24T08:57:35","date_gmt":"2025-08-24T08:57:35","guid":{"rendered":"https:\/\/skinstudio.ee\/?post_type=product&#038;p=46714"},"modified":"2026-01-19T15:12:52","modified_gmt":"2026-01-19T15:12:52","slug":"cromage-face-cream","status":"publish","type":"product","link":"https:\/\/skinstudio.ee\/lv\/catalog\/natinuel\/cromage-face-cream\/","title":{"rendered":"Cromage Face Cream"},"content":{"rendered":"<p data-start=\"90\" data-end=\"554\">Molekul\u0101rs multifunkcion\u0101ls prepar\u0101ts, kas jaun\u0101 veid\u0101 iedarbojas uz bio\u0137\u012bmiskajiem meh\u0101nismiem, kas atbild par iedegumu un \u0101das toni, vienlaikus aizsarg\u0101jot pret fotonoveco\u0161anos. Uzlabo un izl\u012bdzina sejas \u0101das toni, b\u016btiski uzlabo iedeguma kvalit\u0101ti un pagarina t\u0101 notur\u012bbu, nodro\u0161ina pla\u0161u biolo\u0123isko aizsardz\u012bbu pret br\u012bvajiem radik\u0101\u013ciem, nov\u0113r\u0161 fotonoveco\u0161anos, aizsarg\u0101 \u0161\u016bnu DNS no UV izrais\u012btiem boj\u0101jumiem, samazina kairin\u0101jumu un nov\u0113r\u0161 saules apdegumus.<\/p>\n<p data-start=\"556\" data-end=\"576\"><strong data-start=\"556\" data-end=\"568\">Tilpums:<\/strong> 50 ml<\/p>\n","protected":false},"excerpt":{"rendered":"<p data-start=\"766\" data-end=\"821\">Dienas kr\u0113ms ar izgaismojo\u0161u efektu un fotoprotekciju<\/p>\n<h2 data-start=\"823\" data-end=\"1187\"><strong data-start=\"823\" data-end=\"865\">Natinuel &#8211; Cromage Face Cream \u012bpa\u0161\u012bbas<\/strong><\/h2>\n<p data-start=\"823\" data-end=\"1187\">\u2714\ufe0f Izl\u012bdzina \u0101das toni un nodro\u0161ina vienm\u0113r\u012bgu, skaistu iedegumu<br data-start=\"932\" data-end=\"935\" \/>\u2714\ufe0f Nov\u0113r\u0161 fotonoveco\u0161anos un aizsarg\u0101 \u0161\u016bnu DNS no UV boj\u0101jumiem<br data-start=\"998\" data-end=\"1001\" \/>\u2714\ufe0f Nodro\u0161ina aizsardz\u012bbu pret br\u012bvajiem radik\u0101\u013ciem (ROS, RCS)<br data-start=\"1062\" data-end=\"1065\" \/>\u2714\ufe0f Samazina kairin\u0101jumu un nov\u0113r\u0161 saules apdegumus<br data-start=\"1115\" data-end=\"1118\" \/>\u2714\ufe0f Nodro\u0161ina augstu fotoprotekciju un pie\u0161\u0137ir \u0101dai vesel\u012bgu izskatu<\/p>\n","protected":false},"featured_media":67532,"template":"","meta":[],"pwb-brand":[1127],"product_brand":[],"product_cat":[770,749],"product_tag":[],"giftcard-category":[],"class_list":{"0":"post-46714","1":"product","2":"type-product","3":"status-publish","4":"has-post-thumbnail","6":"pwb-brand-natinuel","7":"product_cat-grims","8":"product_cat-novecojosa-ada","10":"first","11":"instock","12":"taxable","13":"shipping-taxable","14":"purchasable","15":"product-type-simple"},"acf":[],"brands":[{"id":1127,"name":"Natinuel","slug":"natinuel"}],"_links":{"self":[{"href":"https:\/\/skinstudio.ee\/lv\/wp-json\/wp\/v2\/product\/46714","targetHints":{"allow":["GET"]}}],"collection":[{"href":"https:\/\/skinstudio.ee\/lv\/wp-json\/wp\/v2\/product"}],"about":[{"href":"https:\/\/skinstudio.ee\/lv\/wp-json\/wp\/v2\/types\/product"}],"version-history":[{"count":0,"href":"https:\/\/skinstudio.ee\/lv\/wp-json\/wp\/v2\/product\/46714\/revisions"}],"wp:featuredmedia":[{"embeddable":true,"href":"https:\/\/skinstudio.ee\/lv\/wp-json\/wp\/v2\/media\/67532"}],"wp:attachment":[{"href":"https:\/\/skinstudio.ee\/lv\/wp-json\/wp\/v2\/media?parent=46714"}],"wp:term":[{"taxonomy":"pwb-brand","embeddable":true,"href":"https:\/\/skinstudio.ee\/lv\/wp-json\/wp\/v2\/pwb-brand?post=46714"},{"taxonomy":"product_brand","embeddable":true,"href":"https:\/\/skinstudio.ee\/lv\/wp-json\/wp\/v2\/product_brand?post=46714"},{"taxonomy":"product_cat","embeddable":true,"href":"https:\/\/skinstudio.ee\/lv\/wp-json\/wp\/v2\/product_cat?post=46714"},{"taxonomy":"product_tag","embeddable":true,"href":"https:\/\/skinstudio.ee\/lv\/wp-json\/wp\/v2\/product_tag?post=46714"},{"taxonomy":"giftcard-category","embeddable":true,"href":"https:\/\/skinstudio.ee\/lv\/wp-json\/wp\/v2\/giftcard-category?post=46714"}],"curies":[{"name":"wp","href":"https:\/\/api.w.org\/{rel}","templated":true}]}}