{"id":46729,"date":"2025-08-24T09:06:24","date_gmt":"2025-08-24T09:06:24","guid":{"rendered":"https:\/\/skinstudio.ee\/?post_type=product&#038;p=46729"},"modified":"2026-01-19T15:12:53","modified_gmt":"2026-01-19T15:12:53","slug":"protector-spf-50-face-cream","status":"publish","type":"product","link":"https:\/\/skinstudio.ee\/lv\/catalog\/natinuel\/protector-spf-50-face-cream\/","title":{"rendered":"Protector SPF 50+ Face Cream"},"content":{"rendered":"<p data-start=\"102\" data-end=\"565\">Multifunkcion\u0101ls bioceutisks kr\u0113ms, kas nodro\u0161ina augstu un efekt\u012bvu aizsardz\u012bbu pret ultravioletajiem stariem, stiprina \u0101das barjeru un sniedz sp\u0113c\u012bgu antioksidat\u012bvu iedarb\u012bbu, lai biolo\u0123iski aizsarg\u0101tu \u0161\u016bnu strukt\u016bras da\u017e\u0101dos \u0101das sl\u0101\u0146os. Piem\u0113rots visiem \u0101das tipiem, pat visjut\u012bg\u0101kajai un maig\u0101kajai b\u0113rnu \u0101dai, k\u0101 ar\u012b \u0101dai ar noslieci uz hiperpigment\u0101ciju. Ieteicams lietot visu gadu, pat ziem\u0101, lai aizsarg\u0101tu \u0101du visekstr\u0113m\u0101kajos klimatiskajos apst\u0101k\u013cos.<\/p>\n<p data-start=\"567\" data-end=\"587\"><strong data-start=\"567\" data-end=\"579\">Tilpums:<\/strong> 50 ml<\/p>\n","protected":false},"excerpt":{"rendered":"<p data-start=\"663\" data-end=\"698\">Sejas saules aizsargkr\u0113ms SPF 50+<\/p>\n<h2 data-start=\"700\" data-end=\"977\"><strong data-start=\"700\" data-end=\"752\">Natinuel &#8211; Protector SPF 50+ Face Cream \u012bpa\u0161\u012bbas<\/strong><\/h2>\n<p data-start=\"700\" data-end=\"977\">\u2714\ufe0f Nodro\u0161ina \u013coti augstu UVA\/UVB aizsardz\u012bbu<br data-start=\"799\" data-end=\"802\" \/>\u2714\ufe0f Nov\u0113r\u0161 fotonoveco\u0161anos un pigment\u0101ciju<br data-start=\"843\" data-end=\"846\" \/>\u2714\ufe0f Aizsarg\u0101 \u0161\u016bnu DNS no boj\u0101jumiem<br data-start=\"880\" data-end=\"883\" \/>\u2714\ufe0f Stiprina \u0101das barjeru un uztur mitrumu<br data-start=\"924\" data-end=\"927\" \/>\u2714\ufe0f Piem\u0113rots jut\u012bgai \u0101dai un ikdienas lieto\u0161anai<\/p>\n","protected":false},"featured_media":67526,"template":"","meta":[],"pwb-brand":[1127],"product_brand":[],"product_cat":[745,731],"product_tag":[],"giftcard-category":[],"class_list":{"0":"post-46729","1":"product","2":"type-product","3":"status-publish","4":"has-post-thumbnail","6":"pwb-brand-natinuel","7":"product_cat-jutigai-adai","8":"product_cat-spf-aizsardziba","10":"first","11":"instock","12":"taxable","13":"shipping-taxable","14":"purchasable","15":"product-type-simple"},"acf":[],"brands":[{"id":1127,"name":"Natinuel","slug":"natinuel"}],"_links":{"self":[{"href":"https:\/\/skinstudio.ee\/lv\/wp-json\/wp\/v2\/product\/46729","targetHints":{"allow":["GET"]}}],"collection":[{"href":"https:\/\/skinstudio.ee\/lv\/wp-json\/wp\/v2\/product"}],"about":[{"href":"https:\/\/skinstudio.ee\/lv\/wp-json\/wp\/v2\/types\/product"}],"version-history":[{"count":0,"href":"https:\/\/skinstudio.ee\/lv\/wp-json\/wp\/v2\/product\/46729\/revisions"}],"wp:featuredmedia":[{"embeddable":true,"href":"https:\/\/skinstudio.ee\/lv\/wp-json\/wp\/v2\/media\/67526"}],"wp:attachment":[{"href":"https:\/\/skinstudio.ee\/lv\/wp-json\/wp\/v2\/media?parent=46729"}],"wp:term":[{"taxonomy":"pwb-brand","embeddable":true,"href":"https:\/\/skinstudio.ee\/lv\/wp-json\/wp\/v2\/pwb-brand?post=46729"},{"taxonomy":"product_brand","embeddable":true,"href":"https:\/\/skinstudio.ee\/lv\/wp-json\/wp\/v2\/product_brand?post=46729"},{"taxonomy":"product_cat","embeddable":true,"href":"https:\/\/skinstudio.ee\/lv\/wp-json\/wp\/v2\/product_cat?post=46729"},{"taxonomy":"product_tag","embeddable":true,"href":"https:\/\/skinstudio.ee\/lv\/wp-json\/wp\/v2\/product_tag?post=46729"},{"taxonomy":"giftcard-category","embeddable":true,"href":"https:\/\/skinstudio.ee\/lv\/wp-json\/wp\/v2\/giftcard-category?post=46729"}],"curies":[{"name":"wp","href":"https:\/\/api.w.org\/{rel}","templated":true}]}}