{"id":46751,"date":"2025-08-24T09:18:10","date_gmt":"2025-08-24T09:18:10","guid":{"rendered":"https:\/\/skinstudio.ee\/?post_type=product&#038;p=46751"},"modified":"2026-01-19T15:12:52","modified_gmt":"2026-01-19T15:12:52","slug":"cromo-plus-face-and-body-lotion","status":"publish","type":"product","link":"https:\/\/skinstudio.ee\/lv\/catalog\/natinuel\/cromo-plus-face-and-body-lotion\/","title":{"rendered":"Cromo Plus Face and Body Lotion"},"content":{"rendered":"<p data-start=\"247\" data-end=\"666\">Nor\u0101d\u012bts aizsardz\u012bbai pret fotonoveco\u0161anos un akt\u012bnisk\u0101s erit\u0113mas nov\u0113r\u0161anai. Vienlaikus produkts uzlabo \u0101das toni, pastiprinot iedegumu visaugst\u0101kaj\u0101 l\u012bmen\u012b visos est\u0113tiskajos parametros: vienm\u0113r\u012bgums, spilgtums un notur\u012bba. Aizsarg\u0101 \u0161\u016bnu DNS no UV boj\u0101jumiem, samazina kairin\u0101jumu un nov\u0113r\u0161 saules apdegumus, pal\u012bdzot saglab\u0101t iedegumu ilg\u0101ku laiku. Nodro\u0161ina pla\u0161u biolo\u0123isko aizsardz\u012bbu pret br\u012bvajiem radik\u0101\u013ciem.<\/p>\n<p data-start=\"668\" data-end=\"689\"><strong data-start=\"668\" data-end=\"680\">Tilpums:<\/strong> 100 ml<\/p>\n","protected":false},"excerpt":{"rendered":"<p data-start=\"765\" data-end=\"809\">Sejas un \u0137erme\u0146a losjons ar UV aizsardz\u012bbu<\/p>\n<h2 data-start=\"811\" data-end=\"1131\"><strong data-start=\"811\" data-end=\"866\">Natinuel &#8211; Cromo Plus Face and Body Lotion \u012bpa\u0161\u012bbas<\/strong><\/h2>\n<p data-start=\"811\" data-end=\"1131\">\u2714\ufe0f Izl\u012bdzina \u0101das toni un padara iedegumu vienm\u0113r\u012bg\u0101ku un notur\u012bg\u0101ku<br data-start=\"937\" data-end=\"940\" \/>\u2714\ufe0f Aizsarg\u0101 pret fotonoveco\u0161anos un br\u012bvo radik\u0101\u013cu boj\u0101jumiem<br data-start=\"1001\" data-end=\"1004\" \/>\u2714\ufe0f Saglab\u0101 \u0161\u016bnu DNS no UV boj\u0101jumiem<br data-start=\"1040\" data-end=\"1043\" \/>\u2714\ufe0f Samazina kairin\u0101jumu un nov\u0113r\u0161 saules apdegumus<br data-start=\"1093\" data-end=\"1096\" \/>\u2714\ufe0f Uztur \u0101das mitrumu un elast\u012bbu<\/p>\n","protected":false},"featured_media":67520,"template":"","meta":[],"pwb-brand":[1127],"product_brand":[],"product_cat":[757,749],"product_tag":[],"giftcard-category":[],"class_list":{"0":"post-46751","1":"product","2":"type-product","3":"status-publish","4":"has-post-thumbnail","6":"pwb-brand-natinuel","7":"product_cat-kermena-kopsana","8":"product_cat-novecojosa-ada","10":"first","11":"instock","12":"taxable","13":"shipping-taxable","14":"purchasable","15":"product-type-simple"},"acf":[],"brands":[{"id":1127,"name":"Natinuel","slug":"natinuel"}],"_links":{"self":[{"href":"https:\/\/skinstudio.ee\/lv\/wp-json\/wp\/v2\/product\/46751","targetHints":{"allow":["GET"]}}],"collection":[{"href":"https:\/\/skinstudio.ee\/lv\/wp-json\/wp\/v2\/product"}],"about":[{"href":"https:\/\/skinstudio.ee\/lv\/wp-json\/wp\/v2\/types\/product"}],"version-history":[{"count":0,"href":"https:\/\/skinstudio.ee\/lv\/wp-json\/wp\/v2\/product\/46751\/revisions"}],"wp:featuredmedia":[{"embeddable":true,"href":"https:\/\/skinstudio.ee\/lv\/wp-json\/wp\/v2\/media\/67520"}],"wp:attachment":[{"href":"https:\/\/skinstudio.ee\/lv\/wp-json\/wp\/v2\/media?parent=46751"}],"wp:term":[{"taxonomy":"pwb-brand","embeddable":true,"href":"https:\/\/skinstudio.ee\/lv\/wp-json\/wp\/v2\/pwb-brand?post=46751"},{"taxonomy":"product_brand","embeddable":true,"href":"https:\/\/skinstudio.ee\/lv\/wp-json\/wp\/v2\/product_brand?post=46751"},{"taxonomy":"product_cat","embeddable":true,"href":"https:\/\/skinstudio.ee\/lv\/wp-json\/wp\/v2\/product_cat?post=46751"},{"taxonomy":"product_tag","embeddable":true,"href":"https:\/\/skinstudio.ee\/lv\/wp-json\/wp\/v2\/product_tag?post=46751"},{"taxonomy":"giftcard-category","embeddable":true,"href":"https:\/\/skinstudio.ee\/lv\/wp-json\/wp\/v2\/giftcard-category?post=46751"}],"curies":[{"name":"wp","href":"https:\/\/api.w.org\/{rel}","templated":true}]}}