{"id":46769,"date":"2025-08-24T09:29:13","date_gmt":"2025-08-24T09:29:13","guid":{"rendered":"https:\/\/skinstudio.ee\/?post_type=product&#038;p=46769"},"modified":"2026-01-19T15:12:53","modified_gmt":"2026-01-19T15:12:53","slug":"perfect-c-face-decollete-hands-cream","status":"publish","type":"product","link":"https:\/\/skinstudio.ee\/lv\/catalog\/natinuel\/perfect-c-face-decollete-hands-cream\/","title":{"rendered":"Perfect C Face Decollete Hands Cream"},"content":{"rendered":"<p data-start=\"130\" data-end=\"432\">BB kr\u0113ms da\u017e\u0101du \u0101das nepiln\u012bbu mazin\u0101\u0161anai. Daudzfunkcion\u0101ls jaun\u0101s paaudzes bioceutisks kr\u0113ms. Iedarbojas jaun\u0101 veid\u0101 uz bio\u0137\u012bmiskajiem meh\u0101nismiem, kas atbild par melan\u012bna veido\u0161anos, uztur fibroblastu optim\u0101lu bioaktivit\u0101ti un nodro\u0161ina sp\u0113c\u012bgu antioksidantu aizsardz\u012bbu pret br\u012bvajiem radik\u0101\u013ciem.<\/p>\n<p data-start=\"434\" data-end=\"454\"><strong data-start=\"434\" data-end=\"446\">Tilpums:<\/strong> 25 ml<\/p>\n","protected":false},"excerpt":{"rendered":"<p data-start=\"530\" data-end=\"573\">Daudzfunkcion\u0101ls kr\u0113ms ar ton\u0113jo\u0161u efektu<\/p>\n<h2 data-start=\"575\" data-end=\"914\"><strong data-start=\"575\" data-end=\"635\">Natinuel &#8211; Perfect C Face Decollete Hands Cream \u012bpa\u0161\u012bbas<\/strong><\/h2>\n<p data-start=\"575\" data-end=\"914\">\u2714\ufe0f Izl\u012bdzina \u0101das toni un pie\u0161\u0137ir mirdzumu<br data-start=\"680\" data-end=\"683\" \/>\u2714\ufe0f Mask\u0113 nepiln\u012bbas un uzlabo tekst\u016bru<br data-start=\"721\" data-end=\"724\" \/>\u2714\ufe0f Stimul\u0113 fibroblastu aktivit\u0101ti un melan\u012bna regul\u0101ciju<br data-start=\"780\" data-end=\"783\" \/>\u2714\ufe0f Nodro\u0161ina sp\u0113c\u012bgu antioksidantu aizsardz\u012bbu pret br\u012bvajiem radik\u0101\u013ciem<br data-start=\"855\" data-end=\"858\" \/>\u2714\ufe0f Aizsarg\u0101 pret fotonoveco\u0161anos un mazina kairin\u0101jumu<\/p>\n","protected":false},"featured_media":67512,"template":"","meta":[],"pwb-brand":[1127],"product_brand":[],"product_cat":[735,757,749],"product_tag":[],"giftcard-category":[],"class_list":{"0":"post-46769","1":"product","2":"type-product","3":"status-publish","4":"has-post-thumbnail","6":"pwb-brand-natinuel","7":"product_cat-dekolte-zona","8":"product_cat-kermena-kopsana","9":"product_cat-novecojosa-ada","11":"first","12":"instock","13":"taxable","14":"shipping-taxable","15":"purchasable","16":"product-type-simple"},"acf":[],"brands":[{"id":1127,"name":"Natinuel","slug":"natinuel"}],"_links":{"self":[{"href":"https:\/\/skinstudio.ee\/lv\/wp-json\/wp\/v2\/product\/46769","targetHints":{"allow":["GET"]}}],"collection":[{"href":"https:\/\/skinstudio.ee\/lv\/wp-json\/wp\/v2\/product"}],"about":[{"href":"https:\/\/skinstudio.ee\/lv\/wp-json\/wp\/v2\/types\/product"}],"version-history":[{"count":0,"href":"https:\/\/skinstudio.ee\/lv\/wp-json\/wp\/v2\/product\/46769\/revisions"}],"wp:featuredmedia":[{"embeddable":true,"href":"https:\/\/skinstudio.ee\/lv\/wp-json\/wp\/v2\/media\/67512"}],"wp:attachment":[{"href":"https:\/\/skinstudio.ee\/lv\/wp-json\/wp\/v2\/media?parent=46769"}],"wp:term":[{"taxonomy":"pwb-brand","embeddable":true,"href":"https:\/\/skinstudio.ee\/lv\/wp-json\/wp\/v2\/pwb-brand?post=46769"},{"taxonomy":"product_brand","embeddable":true,"href":"https:\/\/skinstudio.ee\/lv\/wp-json\/wp\/v2\/product_brand?post=46769"},{"taxonomy":"product_cat","embeddable":true,"href":"https:\/\/skinstudio.ee\/lv\/wp-json\/wp\/v2\/product_cat?post=46769"},{"taxonomy":"product_tag","embeddable":true,"href":"https:\/\/skinstudio.ee\/lv\/wp-json\/wp\/v2\/product_tag?post=46769"},{"taxonomy":"giftcard-category","embeddable":true,"href":"https:\/\/skinstudio.ee\/lv\/wp-json\/wp\/v2\/giftcard-category?post=46769"}],"curies":[{"name":"wp","href":"https:\/\/api.w.org\/{rel}","templated":true}]}}