{"id":46902,"date":"2025-08-24T10:35:34","date_gmt":"2025-08-24T10:35:34","guid":{"rendered":"https:\/\/skinstudio.ee\/?post_type=product&#038;p=46902"},"modified":"2026-01-19T15:12:53","modified_gmt":"2026-01-19T15:12:53","slug":"trico-lotion","status":"publish","type":"product","link":"https:\/\/skinstudio.ee\/lv\/catalog\/natinuel\/trico-lotion\/","title":{"rendered":"Trico Lotion"},"content":{"rendered":"<p data-start=\"115\" data-end=\"427\">\u0100tri uzs\u016bco\u0161s losjons, kas neatst\u0101j p\u0113das uz matiem, nesatur parabenus un smar\u017evielas, ar augstu biolo\u0123isko aktivit\u0101ti. Satur aug\u0161anas faktoru un vara pept\u012bdu kombin\u0101ciju, kas siner\u0123iski iedarbojas, lai atdz\u012bvin\u0101tu matu folikulus. Regul\u0113 matu dz\u012bves ciklu un darbojas pret matu izkri\u0161anu. Veicina matu aug\u0161anu.<\/p>\n<p data-start=\"429\" data-end=\"449\"><strong data-start=\"429\" data-end=\"441\">Tilpums:<\/strong> 30 ml<\/p>\n","protected":false},"excerpt":{"rendered":"<p data-start=\"518\" data-end=\"559\">Stimul\u0113jo\u0161s losjons pret matu izkri\u0161anu<\/p>\n<h2 data-start=\"561\" data-end=\"829\"><strong data-start=\"561\" data-end=\"597\">Natinuel &#8211; Trico Lotion \u012bpa\u0161\u012bbas<\/strong><\/h2>\n<p data-start=\"561\" data-end=\"829\">\u2714\ufe0f Uzlabo galvas \u0101das mikrocirkul\u0101ciju un aktiviz\u0113 matu folikulus<br data-start=\"665\" data-end=\"668\" \/>\u2714\ufe0f Inhib\u0113 DHT, pal\u012bdzot nov\u0113rst matu izkri\u0161anu<br data-start=\"714\" data-end=\"717\" \/>\u2714\ufe0f Baro un stiprina matus, uzlabo galvas \u0101das st\u0101vokli<br data-start=\"771\" data-end=\"774\" \/>\u2714\ufe0f Normaliz\u0113 matu aug\u0161anas ciklu un palielina bl\u012bvumu<\/p>\n","protected":false},"featured_media":67700,"template":"","meta":[],"pwb-brand":[1127],"product_brand":[],"product_cat":[762],"product_tag":[],"giftcard-category":[],"class_list":{"0":"post-46902","1":"product","2":"type-product","3":"status-publish","4":"has-post-thumbnail","6":"pwb-brand-natinuel","7":"product_cat-matu-kopsana","9":"first","10":"instock","11":"sale","12":"taxable","13":"shipping-taxable","14":"purchasable","15":"product-type-simple"},"acf":[],"brands":[{"id":1127,"name":"Natinuel","slug":"natinuel"}],"_links":{"self":[{"href":"https:\/\/skinstudio.ee\/lv\/wp-json\/wp\/v2\/product\/46902","targetHints":{"allow":["GET"]}}],"collection":[{"href":"https:\/\/skinstudio.ee\/lv\/wp-json\/wp\/v2\/product"}],"about":[{"href":"https:\/\/skinstudio.ee\/lv\/wp-json\/wp\/v2\/types\/product"}],"version-history":[{"count":0,"href":"https:\/\/skinstudio.ee\/lv\/wp-json\/wp\/v2\/product\/46902\/revisions"}],"wp:featuredmedia":[{"embeddable":true,"href":"https:\/\/skinstudio.ee\/lv\/wp-json\/wp\/v2\/media\/67700"}],"wp:attachment":[{"href":"https:\/\/skinstudio.ee\/lv\/wp-json\/wp\/v2\/media?parent=46902"}],"wp:term":[{"taxonomy":"pwb-brand","embeddable":true,"href":"https:\/\/skinstudio.ee\/lv\/wp-json\/wp\/v2\/pwb-brand?post=46902"},{"taxonomy":"product_brand","embeddable":true,"href":"https:\/\/skinstudio.ee\/lv\/wp-json\/wp\/v2\/product_brand?post=46902"},{"taxonomy":"product_cat","embeddable":true,"href":"https:\/\/skinstudio.ee\/lv\/wp-json\/wp\/v2\/product_cat?post=46902"},{"taxonomy":"product_tag","embeddable":true,"href":"https:\/\/skinstudio.ee\/lv\/wp-json\/wp\/v2\/product_tag?post=46902"},{"taxonomy":"giftcard-category","embeddable":true,"href":"https:\/\/skinstudio.ee\/lv\/wp-json\/wp\/v2\/giftcard-category?post=46902"}],"curies":[{"name":"wp","href":"https:\/\/api.w.org\/{rel}","templated":true}]}}