{"id":46918,"date":"2025-08-24T10:44:01","date_gmt":"2025-08-24T10:44:01","guid":{"rendered":"https:\/\/skinstudio.ee\/?post_type=product&#038;p=46918"},"modified":"2026-01-19T15:12:53","modified_gmt":"2026-01-19T15:12:53","slug":"physilogy-shampoo","status":"publish","type":"product","link":"https:\/\/skinstudio.ee\/lv\/catalog\/natinuel\/physilogy-shampoo\/","title":{"rendered":"Physilogy Shampoo"},"content":{"rendered":"<p data-start=\"136\" data-end=\"521\">Produkts paredz\u0113ts galvas \u0101das un matu maigai att\u012br\u012b\u0161anai ar maigu un kr\u0113m\u012bgu putu. Formula izstr\u0101d\u0101ta, izmantojot SLES un SLS nesaturo\u0161us virsmakt\u012bv\u0101s vielas, kas \u013cauj efekt\u012bvi att\u012br\u012bt, neboj\u0101jot \u0101das hidro-lip\u012bdu barjeru. Barojo\u0161\u0101s vielas padara matus sp\u012bd\u012bgus un viegli \u0137emm\u0113jamus. Kvie\u0161u prote\u012bni nodro\u0161ina matus ar uzturviel\u0101m, padarot tos stipr\u0101kus, vesel\u012bg\u0101kus un iztur\u012bg\u0101kus.<\/p>\n<p data-start=\"523\" data-end=\"544\"><strong data-start=\"523\" data-end=\"535\">Tilpums:<\/strong> 250 ml<\/p>\n","protected":false},"excerpt":{"rendered":"<p data-start=\"733\" data-end=\"799\">Fiziolo\u0123iskais \u0161amp\u016bns saudz\u012bgai matu un galvas \u0101das att\u012br\u012b\u0161anai<\/p>\n<h2 data-start=\"801\" data-end=\"1082\"><strong data-start=\"801\" data-end=\"842\">Natinuel &#8211; Physilogy Shampoo \u012bpa\u0161\u012bbas<\/strong><\/h2>\n<p data-start=\"801\" data-end=\"1082\">\u2714\ufe0f Maigi att\u012bra, neboj\u0101jot \u0101das hidro-lip\u012bdu barjeru<br data-start=\"897\" data-end=\"900\" \/>\u2714\ufe0f Nodro\u0161ina antiseptisku iedarb\u012bbu un padara matus z\u012bdainus<br data-start=\"960\" data-end=\"963\" \/>\u2714\ufe0f Nov\u0113r\u0161 sausumu un \u0161\u0137el\u0161anos<br data-start=\"993\" data-end=\"996\" \/>\u2714\ufe0f Atjauno elast\u012bbu un pie\u0161\u0137ir apjomu<br data-start=\"1033\" data-end=\"1036\" \/>\u2714\ufe0f Padara matus viegli \u0137emm\u0113jamus un m\u012bkstus<\/p>\n","protected":false},"featured_media":67504,"template":"","meta":[],"pwb-brand":[1127],"product_brand":[],"product_cat":[762],"product_tag":[],"giftcard-category":[],"class_list":{"0":"post-46918","1":"product","2":"type-product","3":"status-publish","4":"has-post-thumbnail","6":"pwb-brand-natinuel","7":"product_cat-matu-kopsana","9":"first","10":"instock","11":"taxable","12":"shipping-taxable","13":"purchasable","14":"product-type-simple"},"acf":[],"brands":[{"id":1127,"name":"Natinuel","slug":"natinuel"}],"_links":{"self":[{"href":"https:\/\/skinstudio.ee\/lv\/wp-json\/wp\/v2\/product\/46918","targetHints":{"allow":["GET"]}}],"collection":[{"href":"https:\/\/skinstudio.ee\/lv\/wp-json\/wp\/v2\/product"}],"about":[{"href":"https:\/\/skinstudio.ee\/lv\/wp-json\/wp\/v2\/types\/product"}],"version-history":[{"count":0,"href":"https:\/\/skinstudio.ee\/lv\/wp-json\/wp\/v2\/product\/46918\/revisions"}],"wp:featuredmedia":[{"embeddable":true,"href":"https:\/\/skinstudio.ee\/lv\/wp-json\/wp\/v2\/media\/67504"}],"wp:attachment":[{"href":"https:\/\/skinstudio.ee\/lv\/wp-json\/wp\/v2\/media?parent=46918"}],"wp:term":[{"taxonomy":"pwb-brand","embeddable":true,"href":"https:\/\/skinstudio.ee\/lv\/wp-json\/wp\/v2\/pwb-brand?post=46918"},{"taxonomy":"product_brand","embeddable":true,"href":"https:\/\/skinstudio.ee\/lv\/wp-json\/wp\/v2\/product_brand?post=46918"},{"taxonomy":"product_cat","embeddable":true,"href":"https:\/\/skinstudio.ee\/lv\/wp-json\/wp\/v2\/product_cat?post=46918"},{"taxonomy":"product_tag","embeddable":true,"href":"https:\/\/skinstudio.ee\/lv\/wp-json\/wp\/v2\/product_tag?post=46918"},{"taxonomy":"giftcard-category","embeddable":true,"href":"https:\/\/skinstudio.ee\/lv\/wp-json\/wp\/v2\/giftcard-category?post=46918"}],"curies":[{"name":"wp","href":"https:\/\/api.w.org\/{rel}","templated":true}]}}