{"id":46933,"date":"2025-08-24T10:54:02","date_gmt":"2025-08-24T10:54:02","guid":{"rendered":"https:\/\/skinstudio.ee\/?post_type=product&#038;p=46933"},"modified":"2026-01-19T15:12:53","modified_gmt":"2026-01-19T15:12:53","slug":"ozone-vital","status":"publish","type":"product","link":"https:\/\/skinstudio.ee\/lv\/catalog\/natinuel\/ozone-vital\/","title":{"rendered":"Ozone Vital"},"content":{"rendered":"<p data-start=\"105\" data-end=\"297\">OZONE VITAL ir prepar\u0101ts, kas satur ozon\u0113tus e\u013c\u013cas un betaglicir\u0113nsk\u0101bi. Produktam ir pla\u0161s lieto\u0161anas indik\u0101ciju kl\u0101sts, un to var kombin\u0113t ar citiem l\u012bdzek\u013ciem sejas un \u0137erme\u0146a proced\u016br\u0101s.<\/p>\n<p data-start=\"299\" data-end=\"320\"><strong data-start=\"299\" data-end=\"311\">Tilpums:<\/strong> 100 ml<\/p>\n","protected":false},"excerpt":{"rendered":"<p data-start=\"354\" data-end=\"402\">Nomierino\u0161s un atjaunojo\u0161s ozon\u0113ts sprejs-e\u013c\u013ca<\/p>\n<h2 data-start=\"404\" data-end=\"778\"><strong data-start=\"404\" data-end=\"439\">Natinuel &#8211; Ozone Vital \u012bpa\u0161\u012bbas<\/strong><\/h2>\n<p data-start=\"404\" data-end=\"778\">\u2714\ufe0f Nodro\u0161ina antibakteri\u0101lu un antimikrobi\u0101lu iedarb\u012bbu<br data-start=\"497\" data-end=\"500\" \/>\u2714\ufe0f Uzlabo asinsriti un pies\u0101tina \u0161\u016bnas ar sk\u0101bekli<br data-start=\"550\" data-end=\"553\" \/>\u2714\ufe0f Atbalsta \u0161\u016bnu metabolismu, veicina tauku sadal\u012b\u0161anos un neitraliz\u0113 br\u012bvos radik\u0101\u013cus<br data-start=\"639\" data-end=\"642\" \/>\u2714\ufe0f Piem\u012bt pretiekaisuma, pret\u00adt\u016bskas, prets\u0101pju un im\u016bnmodul\u0113jo\u0161a iedarb\u012bba<br data-start=\"717\" data-end=\"720\" \/>\u2714\ufe0f Pa\u0101trina br\u016b\u010du dz\u012b\u0161anu un sniedz neirotrofisku efektu<\/p>\n","protected":false},"featured_media":67498,"template":"","meta":[],"pwb-brand":[1127],"product_brand":[],"product_cat":[757],"product_tag":[],"giftcard-category":[],"class_list":{"0":"post-46933","1":"product","2":"type-product","3":"status-publish","4":"has-post-thumbnail","6":"pwb-brand-natinuel","7":"product_cat-kermena-kopsana","9":"first","10":"instock","11":"taxable","12":"shipping-taxable","13":"purchasable","14":"product-type-simple"},"acf":[],"brands":[{"id":1127,"name":"Natinuel","slug":"natinuel"}],"_links":{"self":[{"href":"https:\/\/skinstudio.ee\/lv\/wp-json\/wp\/v2\/product\/46933","targetHints":{"allow":["GET"]}}],"collection":[{"href":"https:\/\/skinstudio.ee\/lv\/wp-json\/wp\/v2\/product"}],"about":[{"href":"https:\/\/skinstudio.ee\/lv\/wp-json\/wp\/v2\/types\/product"}],"version-history":[{"count":0,"href":"https:\/\/skinstudio.ee\/lv\/wp-json\/wp\/v2\/product\/46933\/revisions"}],"wp:featuredmedia":[{"embeddable":true,"href":"https:\/\/skinstudio.ee\/lv\/wp-json\/wp\/v2\/media\/67498"}],"wp:attachment":[{"href":"https:\/\/skinstudio.ee\/lv\/wp-json\/wp\/v2\/media?parent=46933"}],"wp:term":[{"taxonomy":"pwb-brand","embeddable":true,"href":"https:\/\/skinstudio.ee\/lv\/wp-json\/wp\/v2\/pwb-brand?post=46933"},{"taxonomy":"product_brand","embeddable":true,"href":"https:\/\/skinstudio.ee\/lv\/wp-json\/wp\/v2\/product_brand?post=46933"},{"taxonomy":"product_cat","embeddable":true,"href":"https:\/\/skinstudio.ee\/lv\/wp-json\/wp\/v2\/product_cat?post=46933"},{"taxonomy":"product_tag","embeddable":true,"href":"https:\/\/skinstudio.ee\/lv\/wp-json\/wp\/v2\/product_tag?post=46933"},{"taxonomy":"giftcard-category","embeddable":true,"href":"https:\/\/skinstudio.ee\/lv\/wp-json\/wp\/v2\/giftcard-category?post=46933"}],"curies":[{"name":"wp","href":"https:\/\/api.w.org\/{rel}","templated":true}]}}