{"id":46956,"date":"2025-08-24T10:59:36","date_gmt":"2025-08-24T10:59:36","guid":{"rendered":"https:\/\/skinstudio.ee\/?post_type=product&#038;p=46956"},"modified":"2026-01-19T15:12:52","modified_gmt":"2026-01-19T15:12:52","slug":"body-vital","status":"publish","type":"product","link":"https:\/\/skinstudio.ee\/lv\/catalog\/natinuel\/body-vital\/","title":{"rendered":"Body Vital"},"content":{"rendered":"<p data-start=\"118\" data-end=\"447\"><strong>BODY VITAL<\/strong> ir \u0137erme\u0146a losjons, kas paredz\u0113ts sausai \u0101dai. Tas satur bioakt\u012bvus kompleksus un Lipomoist, kas \u0101tri atjauno optim\u0101lu mitruma l\u012bmeni. Pastiprin\u0101ts ar Chronodyn \u2013 jaunu sast\u0101vda\u013cu, kas atjauno \u0161\u016bnu metabolismu, pie\u0161\u0137ir \u0101dai pievilc\u012bbu, mitrin\u0101jumu, gludumu, maigumu, samtainumu, k\u0101 ar\u012b komforta un labsaj\u016btas saj\u016btu.<\/p>\n<p data-start=\"449\" data-end=\"470\"><strong data-start=\"449\" data-end=\"461\">Tilpums:<\/strong> 150 ml<\/p>\n","protected":false},"excerpt":{"rendered":"<p data-start=\"547\" data-end=\"590\">Intens\u012bvi mitrino\u0161s \u0137erme\u0146a losjons-kr\u0113ms<\/p>\n<h2 data-start=\"592\" data-end=\"839\"><strong data-start=\"592\" data-end=\"626\">Natinuel &#8211; Body Vital \u012bpa\u0161\u012bbas<\/strong><\/h2>\n<p data-start=\"592\" data-end=\"839\">\u2714\ufe0f Nekav\u0113joties atjauno un ilgsto\u0161i notur mitrumu<br data-start=\"678\" data-end=\"681\" \/>\u2714\ufe0f Padara \u0101du m\u012bkstu, gludu un komfortablu<br data-start=\"723\" data-end=\"726\" \/>\u2714\ufe0f Nodro\u0161ina atsvaidzino\u0161u un nomierino\u0161u saj\u016btu<br data-start=\"774\" data-end=\"777\" \/>\u2714\ufe0f Pie\u0161\u0137ir iedegumam mirdzumu, uzlabojot t\u0101 toni un notur\u012bbu<\/p>\n","protected":false},"featured_media":67493,"template":"","meta":[],"pwb-brand":[1127],"product_brand":[],"product_cat":[757],"product_tag":[],"giftcard-category":[],"class_list":{"0":"post-46956","1":"product","2":"type-product","3":"status-publish","4":"has-post-thumbnail","6":"pwb-brand-natinuel","7":"product_cat-kermena-kopsana","9":"first","10":"instock","11":"taxable","12":"shipping-taxable","13":"purchasable","14":"product-type-simple"},"acf":[],"brands":[{"id":1127,"name":"Natinuel","slug":"natinuel"}],"_links":{"self":[{"href":"https:\/\/skinstudio.ee\/lv\/wp-json\/wp\/v2\/product\/46956","targetHints":{"allow":["GET"]}}],"collection":[{"href":"https:\/\/skinstudio.ee\/lv\/wp-json\/wp\/v2\/product"}],"about":[{"href":"https:\/\/skinstudio.ee\/lv\/wp-json\/wp\/v2\/types\/product"}],"version-history":[{"count":0,"href":"https:\/\/skinstudio.ee\/lv\/wp-json\/wp\/v2\/product\/46956\/revisions"}],"wp:featuredmedia":[{"embeddable":true,"href":"https:\/\/skinstudio.ee\/lv\/wp-json\/wp\/v2\/media\/67493"}],"wp:attachment":[{"href":"https:\/\/skinstudio.ee\/lv\/wp-json\/wp\/v2\/media?parent=46956"}],"wp:term":[{"taxonomy":"pwb-brand","embeddable":true,"href":"https:\/\/skinstudio.ee\/lv\/wp-json\/wp\/v2\/pwb-brand?post=46956"},{"taxonomy":"product_brand","embeddable":true,"href":"https:\/\/skinstudio.ee\/lv\/wp-json\/wp\/v2\/product_brand?post=46956"},{"taxonomy":"product_cat","embeddable":true,"href":"https:\/\/skinstudio.ee\/lv\/wp-json\/wp\/v2\/product_cat?post=46956"},{"taxonomy":"product_tag","embeddable":true,"href":"https:\/\/skinstudio.ee\/lv\/wp-json\/wp\/v2\/product_tag?post=46956"},{"taxonomy":"giftcard-category","embeddable":true,"href":"https:\/\/skinstudio.ee\/lv\/wp-json\/wp\/v2\/giftcard-category?post=46956"}],"curies":[{"name":"wp","href":"https:\/\/api.w.org\/{rel}","templated":true}]}}