{"id":46972,"date":"2025-08-24T11:13:27","date_gmt":"2025-08-24T11:13:27","guid":{"rendered":"https:\/\/skinstudio.ee\/?post_type=product&#038;p=46972"},"modified":"2026-01-19T15:12:51","modified_gmt":"2026-01-19T15:12:51","slug":"body-plus-25-lotion","status":"publish","type":"product","link":"https:\/\/skinstudio.ee\/lv\/catalog\/natinuel\/body-plus-25-lotion\/","title":{"rendered":"Body Plus 25 Lotion"},"content":{"rendered":"<p data-start=\"122\" data-end=\"686\"><strong>BODY PLUS 25<\/strong> ir \u0137erme\u0146a toniks, kas bag\u0101tin\u0101ts ar jaun\u0101kaj\u0101m akt\u012bvaj\u0101m sast\u0101vda\u013c\u0101m un paredz\u0113ts ikdienas kop\u0161anai hipotonei un sabiez\u0113tai \u0101dai. T\u0101 formula satur vielas ar sp\u0113c\u012bgu un specifisku bio\u0137\u012bmisku iedarb\u012bbu, kas sp\u0113j ietekm\u0113t da\u017e\u0101dus est\u0113tiskos defektus. Da\u017e\u0101das br\u012bv\u0101s AHA sk\u0101bes ir kombin\u0113tas ar jaunu specifisku pept\u012bdu, kas iev\u0113rojami biostimul\u0113 fibroblastus. \u0160o vielu siner\u0123ija pal\u012bdz uztur\u0113t \u0161\u016bnu vielmai\u0146as l\u012bdzsvaru un veicina gan DEJ, gan dermas komponentu re\u0123ener\u0101ciju. Produkts nodro\u0161ina piln\u012bgu \u0101das revitaliz\u0101ciju un struktur\u0101lu atjauno\u0161anos.<\/p>\n<p data-start=\"688\" data-end=\"709\"><strong data-start=\"688\" data-end=\"700\">Tilpums:<\/strong> 150 ml<\/p>\n","protected":false},"excerpt":{"rendered":"<p data-start=\"786\" data-end=\"818\">Biostimul\u0113jo\u0161s \u0137erme\u0146a losjons<\/p>\n<h2 data-start=\"820\" data-end=\"1186\"><strong data-start=\"820\" data-end=\"863\">Natinuel &#8211; Body Plus 25 Lotion \u012bpa\u0161\u012bbas<\/strong><\/h2>\n<p data-start=\"820\" data-end=\"1186\">\u2714\ufe0f Stimul\u0113 \u0161\u016bnu atjauno\u0161anos un aktiviz\u0113 fibroblastus<br data-start=\"919\" data-end=\"922\" \/>\u2714\ufe0f B\u016btiski uzlabo \u0101das gludumu, padarot to m\u012bkstu un z\u012bdainu<br data-start=\"982\" data-end=\"985\" \/>\u2714\ufe0f Veicina kolag\u0113na, elast\u012bna un glikozaminoglik\u0101nu sint\u0113zi<br data-start=\"1044\" data-end=\"1047\" \/>\u2714\ufe0f Atbalsta dermo-epiderm\u0101l\u0101 savienojuma (DEJ) un ekstracelul\u0101r\u0101s matricas (ECM) re\u0123ener\u0101ciju<br data-start=\"1140\" data-end=\"1143\" \/>\u2714\ufe0f Uzlabo \u0101das toni, stingr\u012bbu un bl\u012bvumu<\/p>\n","protected":false},"featured_media":67488,"template":"","meta":[],"pwb-brand":[1127],"product_brand":[],"product_cat":[757],"product_tag":[],"giftcard-category":[],"class_list":{"0":"post-46972","1":"product","2":"type-product","3":"status-publish","4":"has-post-thumbnail","6":"pwb-brand-natinuel","7":"product_cat-kermena-kopsana","9":"first","10":"instock","11":"taxable","12":"shipping-taxable","13":"purchasable","14":"product-type-simple"},"acf":[],"brands":[{"id":1127,"name":"Natinuel","slug":"natinuel"}],"_links":{"self":[{"href":"https:\/\/skinstudio.ee\/lv\/wp-json\/wp\/v2\/product\/46972","targetHints":{"allow":["GET"]}}],"collection":[{"href":"https:\/\/skinstudio.ee\/lv\/wp-json\/wp\/v2\/product"}],"about":[{"href":"https:\/\/skinstudio.ee\/lv\/wp-json\/wp\/v2\/types\/product"}],"version-history":[{"count":0,"href":"https:\/\/skinstudio.ee\/lv\/wp-json\/wp\/v2\/product\/46972\/revisions"}],"wp:featuredmedia":[{"embeddable":true,"href":"https:\/\/skinstudio.ee\/lv\/wp-json\/wp\/v2\/media\/67488"}],"wp:attachment":[{"href":"https:\/\/skinstudio.ee\/lv\/wp-json\/wp\/v2\/media?parent=46972"}],"wp:term":[{"taxonomy":"pwb-brand","embeddable":true,"href":"https:\/\/skinstudio.ee\/lv\/wp-json\/wp\/v2\/pwb-brand?post=46972"},{"taxonomy":"product_brand","embeddable":true,"href":"https:\/\/skinstudio.ee\/lv\/wp-json\/wp\/v2\/product_brand?post=46972"},{"taxonomy":"product_cat","embeddable":true,"href":"https:\/\/skinstudio.ee\/lv\/wp-json\/wp\/v2\/product_cat?post=46972"},{"taxonomy":"product_tag","embeddable":true,"href":"https:\/\/skinstudio.ee\/lv\/wp-json\/wp\/v2\/product_tag?post=46972"},{"taxonomy":"giftcard-category","embeddable":true,"href":"https:\/\/skinstudio.ee\/lv\/wp-json\/wp\/v2\/giftcard-category?post=46972"}],"curies":[{"name":"wp","href":"https:\/\/api.w.org\/{rel}","templated":true}]}}