{"id":46989,"date":"2025-08-24T11:24:26","date_gmt":"2025-08-24T11:24:26","guid":{"rendered":"https:\/\/skinstudio.ee\/?post_type=product&#038;p=46989"},"modified":"2026-01-19T15:12:52","modified_gmt":"2026-01-19T15:12:52","slug":"body-prime-cream","status":"publish","type":"product","link":"https:\/\/skinstudio.ee\/lv\/catalog\/natinuel\/body-prime-cream\/","title":{"rendered":"Body Prime Cream"},"content":{"rendered":"<p data-start=\"117\" data-end=\"538\"><strong>BODY PRIME<\/strong> satur pa\u0161laik visefekt\u012bv\u0101k\u0101s vielas, kas paredz\u0113tas struktur\u0101lai iedarb\u012bbai pret celul\u012btu. Kr\u0113ms veicina tauku \u0161\u016bnu pak\u0101penisku transform\u0101ciju par \u201cjaun\u0101m\u201d audu \u0161\u016bn\u0101m \u2013 glud\u0101m, stingr\u0101m, bez bedr\u012bt\u0113m un nel\u012bdzenumiem. Tas uzlabo \u0161\u0137idruma dren\u0101\u017eu un vielmai\u0146as atkritumu izvad\u012b\u0161anu, pak\u0101peniski samazina celul\u012bta zonu apjomu un veido jaunu siluetu, kuru vairs nav nepiecie\u0161ams sl\u0113pt, bet ar prieku demonstr\u0113t.<\/p>\n<p data-start=\"540\" data-end=\"560\"><strong data-start=\"540\" data-end=\"552\">Tilpums:<\/strong> 60 ml<\/p>\n","protected":false},"excerpt":{"rendered":"<p data-start=\"637\" data-end=\"671\">Pretcelul\u012bta un model\u0113jo\u0161s kr\u0113ms<\/p>\n<h2 data-start=\"673\" data-end=\"1048\"><strong data-start=\"673\" data-end=\"713\">Natinuel &#8211; Body Prime Cream \u012bpa\u0161\u012bbas<\/strong><\/h2>\n<p data-start=\"673\" data-end=\"1048\">\u2714\ufe0f Samazina bedr\u012b\u0161u un \u201capels\u012bna mizas\u201d tekst\u016bras redzam\u012bbu<br data-start=\"775\" data-end=\"778\" \/>\u2714\ufe0f Veicina gludas, stingras un toniz\u0113tas \u0101das veido\u0161anos<br data-start=\"834\" data-end=\"837\" \/>\u2714\ufe0f Darbojas uz adipoc\u012btu bio\u0137\u012bmiju, stimul\u0113jot lipol\u012bzi un blo\u0137\u0113jot tauku uzkr\u0101\u0161anos<br data-start=\"921\" data-end=\"924\" \/>\u2714\ufe0f Uzlabo limfas dren\u0101\u017eu, samazina sastr\u0113gumus un izvada toks\u012bnus<br data-start=\"989\" data-end=\"992\" \/>\u2714\ufe0f Veicina mikrocirkul\u0101ciju un stiprina \u0101das strukt\u016bru<\/p>\n","protected":false},"featured_media":67483,"template":"","meta":[],"pwb-brand":[1127],"product_brand":[],"product_cat":[757],"product_tag":[],"giftcard-category":[],"class_list":{"0":"post-46989","1":"product","2":"type-product","3":"status-publish","4":"has-post-thumbnail","6":"pwb-brand-natinuel","7":"product_cat-kermena-kopsana","9":"first","10":"instock","11":"taxable","12":"shipping-taxable","13":"purchasable","14":"product-type-simple"},"acf":[],"brands":[{"id":1127,"name":"Natinuel","slug":"natinuel"}],"_links":{"self":[{"href":"https:\/\/skinstudio.ee\/lv\/wp-json\/wp\/v2\/product\/46989","targetHints":{"allow":["GET"]}}],"collection":[{"href":"https:\/\/skinstudio.ee\/lv\/wp-json\/wp\/v2\/product"}],"about":[{"href":"https:\/\/skinstudio.ee\/lv\/wp-json\/wp\/v2\/types\/product"}],"version-history":[{"count":0,"href":"https:\/\/skinstudio.ee\/lv\/wp-json\/wp\/v2\/product\/46989\/revisions"}],"wp:featuredmedia":[{"embeddable":true,"href":"https:\/\/skinstudio.ee\/lv\/wp-json\/wp\/v2\/media\/67483"}],"wp:attachment":[{"href":"https:\/\/skinstudio.ee\/lv\/wp-json\/wp\/v2\/media?parent=46989"}],"wp:term":[{"taxonomy":"pwb-brand","embeddable":true,"href":"https:\/\/skinstudio.ee\/lv\/wp-json\/wp\/v2\/pwb-brand?post=46989"},{"taxonomy":"product_brand","embeddable":true,"href":"https:\/\/skinstudio.ee\/lv\/wp-json\/wp\/v2\/product_brand?post=46989"},{"taxonomy":"product_cat","embeddable":true,"href":"https:\/\/skinstudio.ee\/lv\/wp-json\/wp\/v2\/product_cat?post=46989"},{"taxonomy":"product_tag","embeddable":true,"href":"https:\/\/skinstudio.ee\/lv\/wp-json\/wp\/v2\/product_tag?post=46989"},{"taxonomy":"giftcard-category","embeddable":true,"href":"https:\/\/skinstudio.ee\/lv\/wp-json\/wp\/v2\/giftcard-category?post=46989"}],"curies":[{"name":"wp","href":"https:\/\/api.w.org\/{rel}","templated":true}]}}