{"id":47005,"date":"2025-08-24T11:44:44","date_gmt":"2025-08-24T11:44:44","guid":{"rendered":"https:\/\/skinstudio.ee\/?post_type=product&#038;p=47005"},"modified":"2026-01-19T15:12:52","modified_gmt":"2026-01-19T15:12:52","slug":"body-shower","status":"publish","type":"product","link":"https:\/\/skinstudio.ee\/lv\/catalog\/natinuel\/body-shower\/","title":{"rendered":"Body Shower"},"content":{"rendered":"<p data-start=\"113\" data-end=\"345\">BODY SHOWER: fiziolo\u0123isks du\u0161as gels bie\u017eai lieto\u0161anai. Nodro\u0161ina optim\u0101lu \u0101das t\u012br\u012bbu, neboj\u0101jot hidro-lip\u012bdu barjeru, kuras boj\u0101jumi parasti izraisa sausumu un smalku grumbi\u0146u veido\u0161anos uz \u0101das virsmas. Mitrina un m\u012bkstina \u0101du.<\/p>\n<p data-start=\"347\" data-end=\"368\"><strong data-start=\"347\" data-end=\"359\">Tilpums:<\/strong> 200 ml<\/p>\n","protected":false},"excerpt":{"rendered":"<p data-start=\"515\" data-end=\"546\">Fiziolo\u0123isks du\u0161as gels-kr\u0113ms<\/p>\n<h2 data-start=\"548\" data-end=\"838\"><strong data-start=\"548\" data-end=\"583\">Natinuel &#8211; Body Shower \u012bpa\u0161\u012bbas<\/strong><\/h2>\n<p data-start=\"548\" data-end=\"838\">\u2714\ufe0f Maigi att\u012bra \u0101du, neboj\u0101jot hidro-lip\u012bdu barjeru<br data-start=\"637\" data-end=\"640\" \/>\u2714\ufe0f Mitrina un nov\u0113r\u0161 sausumu un velko\u0161u saj\u016btu<br data-start=\"686\" data-end=\"689\" \/>\u2714\ufe0f Padara \u0101du m\u012bkstu, gludu un z\u012bdainu<br data-start=\"727\" data-end=\"730\" \/>\u2714\ufe0f Atbalsta \u0101das elast\u012bbu un nodro\u0161ina svaiguma saj\u016btu<br data-start=\"784\" data-end=\"787\" \/>\u2714\ufe0f Nodro\u0161ina toniz\u0113jo\u0161u un antiseptisku iedarb\u012bbu<\/p>\n","protected":false},"featured_media":67478,"template":"","meta":[],"pwb-brand":[1127],"product_brand":[],"product_cat":[757],"product_tag":[],"giftcard-category":[],"class_list":{"0":"post-47005","1":"product","2":"type-product","3":"status-publish","4":"has-post-thumbnail","6":"pwb-brand-natinuel","7":"product_cat-kermena-kopsana","9":"first","10":"instock","11":"taxable","12":"shipping-taxable","13":"purchasable","14":"product-type-simple"},"acf":[],"brands":[{"id":1127,"name":"Natinuel","slug":"natinuel"}],"_links":{"self":[{"href":"https:\/\/skinstudio.ee\/lv\/wp-json\/wp\/v2\/product\/47005","targetHints":{"allow":["GET"]}}],"collection":[{"href":"https:\/\/skinstudio.ee\/lv\/wp-json\/wp\/v2\/product"}],"about":[{"href":"https:\/\/skinstudio.ee\/lv\/wp-json\/wp\/v2\/types\/product"}],"version-history":[{"count":0,"href":"https:\/\/skinstudio.ee\/lv\/wp-json\/wp\/v2\/product\/47005\/revisions"}],"wp:featuredmedia":[{"embeddable":true,"href":"https:\/\/skinstudio.ee\/lv\/wp-json\/wp\/v2\/media\/67478"}],"wp:attachment":[{"href":"https:\/\/skinstudio.ee\/lv\/wp-json\/wp\/v2\/media?parent=47005"}],"wp:term":[{"taxonomy":"pwb-brand","embeddable":true,"href":"https:\/\/skinstudio.ee\/lv\/wp-json\/wp\/v2\/pwb-brand?post=47005"},{"taxonomy":"product_brand","embeddable":true,"href":"https:\/\/skinstudio.ee\/lv\/wp-json\/wp\/v2\/product_brand?post=47005"},{"taxonomy":"product_cat","embeddable":true,"href":"https:\/\/skinstudio.ee\/lv\/wp-json\/wp\/v2\/product_cat?post=47005"},{"taxonomy":"product_tag","embeddable":true,"href":"https:\/\/skinstudio.ee\/lv\/wp-json\/wp\/v2\/product_tag?post=47005"},{"taxonomy":"giftcard-category","embeddable":true,"href":"https:\/\/skinstudio.ee\/lv\/wp-json\/wp\/v2\/giftcard-category?post=47005"}],"curies":[{"name":"wp","href":"https:\/\/api.w.org\/{rel}","templated":true}]}}