{"id":48082,"date":"2025-05-21T13:44:02","date_gmt":"2025-05-21T13:44:02","guid":{"rendered":"https:\/\/skinstudio.ee\/?post_type=product&#038;p=48082"},"modified":"2026-03-23T13:20:45","modified_gmt":"2026-03-23T13:20:45","slug":"adaptogel-cleanser","status":"publish","type":"product","link":"https:\/\/skinstudio.ee\/lv\/catalog\/instytutum-lv\/adaptogel-cleanser\/","title":{"rendered":"Adaptogel Cleanser"},"content":{"rendered":"<div class=\"product-description\" style=\"font-size: 15px; line-height: 1.7; color: #333;\">\n<p data-start=\"347\" data-end=\"582\"><strong data-start=\"347\" data-end=\"383\">Adaptogel Cleanser no Instytutum<\/strong> &#8211; jaun\u0101s paaudzes att\u012bro\u0161s g\u0113ls, kas apvieno efektivit\u0101ti un maigumu. Formula maigi no\u0146em kosm\u0113tiku, lieko sebumu un pils\u0113tvides pies\u0101r\u0146ojuma p\u0113das, netrauc\u0113jot \u0101das dabisko l\u012bdzsvaru un mikrobiomu.<\/p>\n<p data-start=\"584\" data-end=\"871\">Produkts paredz\u0113ts \u0101das t\u012br\u012bbas, komforta un notur\u012bbas pret ikdienas vides stresa faktoriem atbalstam. Sast\u0101v\u0101 izmantoti maigi augu izcelsmes nejonu virsmakt\u012bvie l\u012bdzek\u013ci, kas efekt\u012bvi att\u012bra, nep\u0101rsausina \u0101du un nerada savilkuma saj\u016btu, pal\u012bdzot saglab\u0101t \u0101das dabisk\u0101s aizsargfunkcijas.<\/p>\n<p data-start=\"873\" data-end=\"912\"><strong data-start=\"873\" data-end=\"912\">Galveno akt\u012bvo sast\u0101vda\u013cu iedarb\u012bba<\/strong><\/p>\n<ul data-start=\"914\" data-end=\"1223\">\n<li data-start=\"914\" data-end=\"1023\">\n<p data-start=\"916\" data-end=\"1023\"><strong data-start=\"916\" data-end=\"937\">\u017de\u0146\u0161e\u0146a ekstrakts<\/strong> &#8211; atbalsta \u0101das vitalit\u0101ti un pal\u012bdz palielin\u0101t t\u0101s notur\u012bbu pret stresa faktoriem.<\/p>\n<\/li>\n<li data-start=\"1024\" data-end=\"1117\">\n<p data-start=\"1026\" data-end=\"1117\"><strong data-start=\"1026\" data-end=\"1052\">Reishi s\u0113nes ekstrakts<\/strong> &#8211; pal\u012bdz stiprin\u0101t \u0101das aizsargfunkcijas un uztur\u0113t l\u012bdzsvaru.<\/p>\n<\/li>\n<li data-start=\"1118\" data-end=\"1223\">\n<p data-start=\"1120\" data-end=\"1223\"><strong data-start=\"1120\" data-end=\"1141\">Alvejas ekstrakts<\/strong> &#8211; nodro\u0161ina nomierino\u0161u iedarb\u012bbu un pal\u012bdz saglab\u0101t svaiguma un komforta saj\u016btu.<\/p>\n<\/li>\n<\/ul>\n<p data-start=\"1225\" data-end=\"1410\">Maig\u0101 g\u0113la tekst\u016bra viegli kl\u0101jas uz mitras \u0101das, att\u012bra bez agres\u012bvas iedarb\u012bbas un noskalojas, neatst\u0101jot savilkuma saj\u016btu. P\u0113c att\u012br\u012b\u0161anas \u0101da j\u016btas t\u012bra, l\u012bdzsvarota un komfortabla.<\/p>\n<p data-start=\"1412\" data-end=\"1624\"><strong data-start=\"1412\" data-end=\"1449\">Kam piem\u0113rots Adaptogel Cleanser:<\/strong> visiem \u0101das tipiem, tostarp jut\u012bgai \u0101dai, \u012bpa\u0161i pie noslieces uz kombin\u0113tu vai taukainu \u0101du vai iekaisumiem. Piem\u0113rots ikdienas lieto\u0161anai un dro\u0161s ar\u012b acu zonas att\u012br\u012b\u0161anai.<\/p>\n<p data-start=\"1626\" data-end=\"1645\"><strong data-start=\"1626\" data-end=\"1638\">Tilpums:<\/strong> 100 ml<\/p>\n<\/div>\n","protected":false},"excerpt":{"rendered":"<p data-start=\"1945\" data-end=\"1969\">Adaptog\u0113ns att\u012bro\u0161s g\u0113ls<\/p>\n<h2 data-start=\"1971\" data-end=\"2015\"><strong data-start=\"1971\" data-end=\"2015\">\u012apa\u0161\u012bbas Instytutum &#8211; Adaptogel Cleanser<\/strong><\/h2>\n<p data-start=\"2017\" data-end=\"2228\">\u2714\ufe0f Dzi\u013ci att\u012bra, netrauc\u0113jot \u0101das l\u012bdzsvaru<br data-start=\"2060\" data-end=\"2063\" \/>\u2714\ufe0f Nesatur sulf\u0101tus un neveido bag\u0101t\u012bgas putas<br data-start=\"2109\" data-end=\"2112\" \/>\u2714\ufe0f No\u0146em kosm\u0113tiku un lieko sebumu<br data-start=\"2146\" data-end=\"2149\" \/>\u2714\ufe0f Stiprina aizsargbarjeru un mikrobiomu<br data-start=\"2189\" data-end=\"2192\" \/>\u2714\ufe0f Atsvaidzina, mitrina un nomierina<\/p>\n","protected":false},"featured_media":61346,"template":"","meta":[],"pwb-brand":[1207],"product_brand":[],"product_cat":[715,741,745,747],"product_tag":[],"giftcard-category":[],"class_list":{"0":"post-48082","1":"product","2":"type-product","3":"status-publish","4":"has-post-thumbnail","6":"pwb-brand-instytutum-lv","7":"product_cat-attirisana","8":"product_cat-izsitumi","9":"product_cat-jutigai-adai","10":"product_cat-taukainai-adai","12":"first","13":"instock","14":"taxable","15":"shipping-taxable","16":"purchasable","17":"product-type-simple"},"acf":[],"brands":[{"id":1207,"name":"Instytutum","slug":"instytutum-lv"}],"_links":{"self":[{"href":"https:\/\/skinstudio.ee\/lv\/wp-json\/wp\/v2\/product\/48082","targetHints":{"allow":["GET"]}}],"collection":[{"href":"https:\/\/skinstudio.ee\/lv\/wp-json\/wp\/v2\/product"}],"about":[{"href":"https:\/\/skinstudio.ee\/lv\/wp-json\/wp\/v2\/types\/product"}],"version-history":[{"count":2,"href":"https:\/\/skinstudio.ee\/lv\/wp-json\/wp\/v2\/product\/48082\/revisions"}],"predecessor-version":[{"id":83729,"href":"https:\/\/skinstudio.ee\/lv\/wp-json\/wp\/v2\/product\/48082\/revisions\/83729"}],"wp:featuredmedia":[{"embeddable":true,"href":"https:\/\/skinstudio.ee\/lv\/wp-json\/wp\/v2\/media\/61346"}],"wp:attachment":[{"href":"https:\/\/skinstudio.ee\/lv\/wp-json\/wp\/v2\/media?parent=48082"}],"wp:term":[{"taxonomy":"pwb-brand","embeddable":true,"href":"https:\/\/skinstudio.ee\/lv\/wp-json\/wp\/v2\/pwb-brand?post=48082"},{"taxonomy":"product_brand","embeddable":true,"href":"https:\/\/skinstudio.ee\/lv\/wp-json\/wp\/v2\/product_brand?post=48082"},{"taxonomy":"product_cat","embeddable":true,"href":"https:\/\/skinstudio.ee\/lv\/wp-json\/wp\/v2\/product_cat?post=48082"},{"taxonomy":"product_tag","embeddable":true,"href":"https:\/\/skinstudio.ee\/lv\/wp-json\/wp\/v2\/product_tag?post=48082"},{"taxonomy":"giftcard-category","embeddable":true,"href":"https:\/\/skinstudio.ee\/lv\/wp-json\/wp\/v2\/giftcard-category?post=48082"}],"curies":[{"name":"wp","href":"https:\/\/api.w.org\/{rel}","templated":true}]}}