{"id":48141,"date":"2023-05-24T17:57:38","date_gmt":"2023-05-24T17:57:38","guid":{"rendered":"https:\/\/skinstudio.ee\/?post_type=product&#038;p=48141"},"modified":"2026-02-27T10:04:35","modified_gmt":"2026-02-27T10:04:35","slug":"firmagic","status":"publish","type":"product","link":"https:\/\/skinstudio.ee\/lv\/catalog\/instytutum-lv\/firmagic\/","title":{"rendered":"Firmagic"},"content":{"rendered":"<p data-start=\"332\" data-end=\"601\"><strong data-start=\"332\" data-end=\"382\">FIRMAGIC EVERYNIGHT FIRMING MASK no Instytutum<\/strong> &#8211; nakts nostiprino\u0161a maska ar liftinga efektu, kas darbojas miega laik\u0101. Formula pal\u012bdz model\u0113t sejas ov\u0101lu, atjaunot tvirtumu un atgriezt \u0101dai gludumu un mirdzumu laik\u0101, kad nakts atjauno\u0161an\u0101s procesi ir visakt\u012bv\u0101kie.<\/p>\n<p data-start=\"603\" data-end=\"773\">Maska atbalsta \u0101das bl\u012bvumu, uzlabo tekst\u016bru un pal\u012bdz veidot izteikt\u0101ku sejas kont\u016bru. Jau p\u0113c pirmaj\u0101m lieto\u0161anas reiz\u0113m \u0101da izskat\u0101s stingr\u0101ka, svaig\u0101ka un atp\u016btusies.<\/p>\n<p data-start=\"775\" data-end=\"814\"><strong data-start=\"775\" data-end=\"814\">Galveno akt\u012bvo sast\u0101vda\u013cu iedarb\u012bba<\/strong><\/p>\n<ul data-start=\"816\" data-end=\"1168\">\n<li data-start=\"816\" data-end=\"923\">\n<p data-start=\"818\" data-end=\"923\"><strong data-start=\"818\" data-end=\"857\">Neiropept\u012bds (Acetyl Hexapeptide-8)<\/strong> &#8211; pal\u012bdz izl\u012bdzin\u0101t m\u012bmikas krunci\u0146as un uzlabot \u0101das tvirtumu.<\/p>\n<\/li>\n<li data-start=\"924\" data-end=\"1031\">\n<p data-start=\"926\" data-end=\"1031\"><strong data-start=\"926\" data-end=\"969\">Bessmertnika un kakadu pl\u016bmes ekstrakti<\/strong> &#8211; atbalsta kolag\u0113na sint\u0113zi un pastiprina dabisko mirdzumu.<\/p>\n<\/li>\n<li data-start=\"1032\" data-end=\"1168\">\n<p data-start=\"1034\" data-end=\"1168\"><strong data-start=\"1034\" data-end=\"1088\">6% Opti-Night Repair Complex (pre- un probiotikas)<\/strong> &#8211; stiprina \u0101das aizsargbarjeru un stimul\u0113 dabiskos nakts atjauno\u0161an\u0101s procesus.<\/p>\n<\/li>\n<\/ul>\n<p data-start=\"1170\" data-end=\"1359\">Bag\u0101t\u012bg\u0101, barojo\u0161\u0101 tekst\u016bra maigi ap\u0146em \u0101du, nodro\u0161inot dzi\u013cu komfortu un mitrin\u0101\u0161anu visas nakts garum\u0101. Maska pal\u012bdz saglab\u0101t mitrumu un atbalsta akt\u012bvu atjauno\u0161anos bez lip\u012bguma saj\u016btas.<\/p>\n<p data-start=\"1361\" data-end=\"1598\"><strong data-start=\"1361\" data-end=\"1412\">Kam piem\u0113rots FIRMAGIC EVERYNIGHT FIRMING MASK:<\/strong> visiem \u0101das tipiem, \u012bpa\u0161i pie tvirtuma zuduma, tonusa samazin\u0101\u0161an\u0101s vai maz\u0101k izteikta sejas ov\u0101la. Piem\u0113rots regul\u0101rai vakara kop\u0161anai un \u0101trai atjauno\u0161anai pirms svar\u012bgiem notikumiem.<\/p>\n<p data-start=\"1600\" data-end=\"1618\"><strong data-start=\"1600\" data-end=\"1612\">Tilpums:<\/strong> 50 ml<\/p>\n","protected":false},"excerpt":{"rendered":"<p data-start=\"1998\" data-end=\"2041\">Nakts nostiprino\u0161a maska ar liftinga efektu<\/p>\n<h2 data-start=\"2043\" data-end=\"2077\"><strong data-start=\"2043\" data-end=\"2077\">\u012apa\u0161\u012bbas Instytutum &#8211; Firmagic<\/strong><\/h2>\n<p data-start=\"2079\" data-end=\"2258\">\u2714\ufe0f Redzami nostiprina un stiprina \u0101du<br data-start=\"2116\" data-end=\"2119\" \/>\u2714\ufe0f Kori\u0123\u0113 sejas ov\u0101lu<br data-start=\"2140\" data-end=\"2143\" \/>\u2714\ufe0f Uzlabo tvirtumu un bl\u012bvumu<br data-start=\"2172\" data-end=\"2175\" \/>\u2714\ufe0f Izl\u012bdzina m\u012bmikas krunci\u0146as<br data-start=\"2205\" data-end=\"2208\" \/>\u2714\ufe0f Aktiviz\u0113 dabiskos nakts atjauno\u0161an\u0101s procesus<\/p>\n","protected":false},"featured_media":61446,"template":"","meta":[],"pwb-brand":[1207],"product_brand":[],"product_cat":[745,725,737,749,739],"product_tag":[],"giftcard-category":[],"class_list":{"0":"post-48141","1":"product","2":"type-product","3":"status-publish","4":"has-post-thumbnail","6":"pwb-brand-instytutum-lv","7":"product_cat-jutigai-adai","8":"product_cat-maskas","9":"product_cat-mitrinasana","10":"product_cat-novecojosa-ada","11":"product_cat-sausai-adai","13":"first","14":"instock","15":"taxable","16":"shipping-taxable","17":"purchasable","18":"product-type-simple"},"acf":[],"brands":[{"id":1207,"name":"Instytutum","slug":"instytutum-lv"}],"_links":{"self":[{"href":"https:\/\/skinstudio.ee\/lv\/wp-json\/wp\/v2\/product\/48141","targetHints":{"allow":["GET"]}}],"collection":[{"href":"https:\/\/skinstudio.ee\/lv\/wp-json\/wp\/v2\/product"}],"about":[{"href":"https:\/\/skinstudio.ee\/lv\/wp-json\/wp\/v2\/types\/product"}],"version-history":[{"count":1,"href":"https:\/\/skinstudio.ee\/lv\/wp-json\/wp\/v2\/product\/48141\/revisions"}],"predecessor-version":[{"id":83779,"href":"https:\/\/skinstudio.ee\/lv\/wp-json\/wp\/v2\/product\/48141\/revisions\/83779"}],"wp:featuredmedia":[{"embeddable":true,"href":"https:\/\/skinstudio.ee\/lv\/wp-json\/wp\/v2\/media\/61446"}],"wp:attachment":[{"href":"https:\/\/skinstudio.ee\/lv\/wp-json\/wp\/v2\/media?parent=48141"}],"wp:term":[{"taxonomy":"pwb-brand","embeddable":true,"href":"https:\/\/skinstudio.ee\/lv\/wp-json\/wp\/v2\/pwb-brand?post=48141"},{"taxonomy":"product_brand","embeddable":true,"href":"https:\/\/skinstudio.ee\/lv\/wp-json\/wp\/v2\/product_brand?post=48141"},{"taxonomy":"product_cat","embeddable":true,"href":"https:\/\/skinstudio.ee\/lv\/wp-json\/wp\/v2\/product_cat?post=48141"},{"taxonomy":"product_tag","embeddable":true,"href":"https:\/\/skinstudio.ee\/lv\/wp-json\/wp\/v2\/product_tag?post=48141"},{"taxonomy":"giftcard-category","embeddable":true,"href":"https:\/\/skinstudio.ee\/lv\/wp-json\/wp\/v2\/giftcard-category?post=48141"}],"curies":[{"name":"wp","href":"https:\/\/api.w.org\/{rel}","templated":true}]}}