{"id":48147,"date":"2023-05-24T17:56:48","date_gmt":"2023-05-24T17:56:48","guid":{"rendered":"https:\/\/skinstudio.ee\/?post_type=product&#038;p=48147"},"modified":"2026-03-30T11:37:23","modified_gmt":"2026-03-30T11:37:23","slug":"superbiotic-regenerating-cream-next-gen","status":"publish","type":"product","link":"https:\/\/skinstudio.ee\/lv\/catalog\/instytutum-lv\/superbiotic-regenerating-cream-next-gen\/","title":{"rendered":"SuperBiotic Regenerating Cream Next-Gen"},"content":{"rendered":"<p data-start=\"76\" data-end=\"445\"><strong data-start=\"76\" data-end=\"133\">SuperBiotic Regenerating Cream Next-Gen no Instytutum<\/strong> &#8211; augstas iedarb\u012bbas atjaunojo\u0161s kr\u0113ms ar kerami\u012bdiem, pre- un probiotik\u0101m, kas paredz\u0113ts \u0101das barjeras stiprin\u0101\u0161anai un mikrobioma l\u012bdzsvara atjauno\u0161anai. Formula iedarbojas ne tikai uz jut\u012bguma izpausm\u0113m, bet ar\u012b uz to c\u0113lo\u0146iem, pal\u012bdzot samazin\u0101t aps\u0101rtumu, kairin\u0101jumu un priek\u0161laic\u012bgas noveco\u0161an\u0101s paz\u012bmes.<\/p>\n<p data-start=\"447\" data-end=\"685\">Kr\u0113ms darbojas p\u0113c <strong>INSIDE &amp; OUT Technology<\/strong> principa: atbalsta akt\u012bvo vielu stabilit\u0101ti, stiprina \u0101das aizsargfunkcijas un veicina atjauno\u0161anos. Rezult\u0101t\u0101 \u0101da k\u013c\u016bst iztur\u012bg\u0101ka, samazin\u0101s reaktivit\u0101te un uzlabojas kop\u0113jais tonis un bl\u012bvums.<\/p>\n<p data-start=\"687\" data-end=\"827\">Piem\u0113rots ikdienas lieto\u0161anai, k\u0101 ar\u012b \u0101das atjauno\u0161anai p\u0113c sk\u0101b\u0113m, retinola un intens\u012bv\u0101m proced\u016br\u0101m, nodro\u0161inot komfortu ar\u012b jut\u012bgai \u0101dai.<\/p>\n<p data-start=\"829\" data-end=\"861\"><strong>Darb\u012bba galvenajiem komponentiem:<\/strong><\/p>\n<p data-start=\"863\" data-end=\"993\"><strong data-start=\"863\" data-end=\"920\">3% Pre- &amp; Probiotics Complex + 3% Brown Algae Extract<\/strong> &#8211; atjauno mikrobiomu, aktiviz\u0113 re\u0123ener\u0101ciju un palielina \u0101das iztur\u012bbu<\/p>\n<p data-start=\"995\" data-end=\"1152\"><strong data-start=\"995\" data-end=\"1082\">Barrier &amp; Protection Complex (Plant Ceramides + Squalane + Cherimoya + Albatrellus)<\/strong> &#8211; stiprina \u0101das barjeru, samazina jut\u012bgumu un nov\u0113r\u0161 mitruma zudumu<\/p>\n<p data-start=\"1154\" data-end=\"1291\"><strong data-start=\"1154\" data-end=\"1213\">Polyglutamic Acid + Provitamin B5 + antioxidant complex<\/strong> &#8211; nodro\u0161ina dzi\u013cu mitrin\u0101\u0161anu, uzlabo elast\u012bbu un veicina \u0101das atjauno\u0161anos<\/p>\n<p data-start=\"1293\" data-end=\"1547\">Kam piem\u0113rots SuperBiotic Regenerating Cream Next-Gen: visiem \u0101das tipiem, \u012bpa\u0161i jut\u012bgai un reakt\u012bvai \u0101dai ar noslieci uz aps\u0101rtumu, kairin\u0101jumu un barjeras trauc\u0113jumiem. Piem\u0113rots atjauno\u0161anai p\u0113c sk\u0101b\u0113m, retinola un p\u012blingiem, k\u0101 ar\u012b ikdienas kop\u0161anai.<\/p>\n<p data-start=\"1549\" data-end=\"1571\"><strong>Tilpums:<\/strong> 15 ml \/ 50 ml<\/p>\n","protected":false},"excerpt":{"rendered":"<p data-start=\"1896\" data-end=\"1928\">Atjaunojo\u0161s kr\u0113ms ar kerami\u012bdiem<\/p>\n<h2 data-start=\"1930\" data-end=\"1995\"><strong data-start=\"1930\" data-end=\"1995\">\u012apa\u0161\u012bbas INSTYTUTUM &#8211; SuperBiotic Regenerating Cream Next-Gen<\/strong><\/h2>\n<p data-start=\"1997\" data-end=\"2213\">\u2714\ufe0f Stiprina \u0101das barjeru un samazina jut\u012bgumu<br data-start=\"2042\" data-end=\"2045\" \/>\u2714\ufe0f Atjauno \u0101das mikrobioma l\u012bdzsvaru<br data-start=\"2081\" data-end=\"2084\" \/>\u2714\ufe0f Samazina aps\u0101rtumu un iekaisuma reakcijas<br data-start=\"2128\" data-end=\"2131\" \/>\u2714\ufe0f Intens\u012bvi mitrina un uzlabo elast\u012bbu<br data-start=\"2170\" data-end=\"2173\" \/>\u2714\ufe0f Palielina \u0101das iztur\u012bbu pret stresu<\/p>\n<p data-start=\"2215\" data-end=\"2244\"><span style=\"text-decoration: underline; color: #0000ff;\"><a style=\"color: #0000ff; text-decoration: underline;\" href=\"https:\/\/skinstudio.ee\/lv\/catalog\/instytutum-lv\/superbiotic-regenerating-cream-pod\/\">Pieejama ar\u012b refill versija!<\/a><\/span><\/p>\n","protected":false},"featured_media":88883,"template":"","meta":[],"pwb-brand":[1207],"product_brand":[],"product_cat":[741,1406,745,737,749,747,753],"product_tag":[],"giftcard-category":[],"class_list":{"0":"post-48147","1":"product","2":"type-product","3":"status-publish","4":"has-post-thumbnail","6":"pwb-brand-instytutum-lv","7":"product_cat-izsitumi","8":"product_cat-jaunumi","9":"product_cat-jutigai-adai","10":"product_cat-mitrinasana","11":"product_cat-novecojosa-ada","12":"product_cat-taukainai-adai","13":"product_cat-travel-size-lv","14":"pa_suurus-15ml-lv","15":"pa_suurus-50ml-lv","17":"first","18":"instock","19":"taxable","20":"shipping-taxable","21":"purchasable","22":"product-type-variable"},"acf":[],"brands":[{"id":1207,"name":"Instytutum","slug":"instytutum-lv"}],"_links":{"self":[{"href":"https:\/\/skinstudio.ee\/lv\/wp-json\/wp\/v2\/product\/48147","targetHints":{"allow":["GET"]}}],"collection":[{"href":"https:\/\/skinstudio.ee\/lv\/wp-json\/wp\/v2\/product"}],"about":[{"href":"https:\/\/skinstudio.ee\/lv\/wp-json\/wp\/v2\/types\/product"}],"version-history":[{"count":6,"href":"https:\/\/skinstudio.ee\/lv\/wp-json\/wp\/v2\/product\/48147\/revisions"}],"predecessor-version":[{"id":88930,"href":"https:\/\/skinstudio.ee\/lv\/wp-json\/wp\/v2\/product\/48147\/revisions\/88930"}],"wp:featuredmedia":[{"embeddable":true,"href":"https:\/\/skinstudio.ee\/lv\/wp-json\/wp\/v2\/media\/88883"}],"wp:attachment":[{"href":"https:\/\/skinstudio.ee\/lv\/wp-json\/wp\/v2\/media?parent=48147"}],"wp:term":[{"taxonomy":"pwb-brand","embeddable":true,"href":"https:\/\/skinstudio.ee\/lv\/wp-json\/wp\/v2\/pwb-brand?post=48147"},{"taxonomy":"product_brand","embeddable":true,"href":"https:\/\/skinstudio.ee\/lv\/wp-json\/wp\/v2\/product_brand?post=48147"},{"taxonomy":"product_cat","embeddable":true,"href":"https:\/\/skinstudio.ee\/lv\/wp-json\/wp\/v2\/product_cat?post=48147"},{"taxonomy":"product_tag","embeddable":true,"href":"https:\/\/skinstudio.ee\/lv\/wp-json\/wp\/v2\/product_tag?post=48147"},{"taxonomy":"giftcard-category","embeddable":true,"href":"https:\/\/skinstudio.ee\/lv\/wp-json\/wp\/v2\/giftcard-category?post=48147"}],"curies":[{"name":"wp","href":"https:\/\/api.w.org\/{rel}","templated":true}]}}