{"id":48153,"date":"2023-05-24T17:56:47","date_gmt":"2023-05-24T17:56:47","guid":{"rendered":"https:\/\/skinstudio.ee\/?post_type=product&#038;p=48153"},"modified":"2026-02-27T10:57:30","modified_gmt":"2026-02-27T10:57:30","slug":"triple-action-resurfacing-peel","status":"publish","type":"product","link":"https:\/\/skinstudio.ee\/lv\/catalog\/instytutum\/triple-action-resurfacing-peel\/","title":{"rendered":"Triple Action Resurfacing Peel"},"content":{"rendered":"<p data-start=\"198\" data-end=\"522\"><strong data-start=\"198\" data-end=\"246\">Triple Action Resurfacing Peel no Instytutum<\/strong> &#8211; tr\u012bsk\u0101r\u0161as iedarb\u012bbas p\u012blings intens\u012bvai \u0101das atjauno\u0161anai, kas apvieno sk\u0101bju eksfoli\u0101ciju, enz\u012bmu att\u012br\u012b\u0161anu un mikropol\u0113\u0161anu. Formula ar 10% sk\u0101bju mais\u012bjumu (glikolsk\u0101be + salicilsk\u0101be) veicina dzi\u013cu atjauno\u0161anos, uzlabo tekst\u016bru un pal\u012bdz ieg\u016bt vienm\u0113r\u012bg\u0101ku \u0101das toni.<\/p>\n<p data-start=\"524\" data-end=\"726\">L\u012bdzeklis pal\u012bdz samazin\u0101t poru redzam\u012bbu, s\u012bk\u0101s l\u012bnijas un hiperpigment\u0101ciju, atjaunojot \u0101das gludumu un mirdzumu. Regul\u0101ras lieto\u0161anas gad\u012bjum\u0101 efekts ir sal\u012bdzin\u0101ms ar profesion\u0101lu mikrodermabr\u0101ziju.<\/p>\n<p data-start=\"728\" data-end=\"767\"><strong data-start=\"728\" data-end=\"767\">Galveno akt\u012bvo sast\u0101vda\u013cu iedarb\u012bba<\/strong><\/p>\n<ul data-start=\"769\" data-end=\"1107\">\n<li data-start=\"769\" data-end=\"889\">\n<p data-start=\"771\" data-end=\"889\"><strong data-start=\"771\" data-end=\"824\">10% sk\u0101bju mais\u012bjums (glikolsk\u0101be + salicilsk\u0101be)<\/strong> &#8211; nodro\u0161ina \u0137\u012bmisku eksfoli\u0101ciju un stimul\u0113 \u0161\u016bnu atjauno\u0161anos.<\/p>\n<\/li>\n<li data-start=\"890\" data-end=\"995\">\n<p data-start=\"892\" data-end=\"995\"><strong data-start=\"892\" data-end=\"937\">Papaijas enz\u012bmi un mikropol\u0113jo\u0161as da\u013ci\u0146as<\/strong> &#8211; maigi no\u0146em atmiru\u0161\u0101s \u0161\u016bnas un izl\u012bdzina \u0101das virsmu.<\/p>\n<\/li>\n<li data-start=\"996\" data-end=\"1107\">\n<p data-start=\"998\" data-end=\"1107\"><strong data-start=\"998\" data-end=\"1043\">Zila\u013c\u0123es, hialuronsk\u0101be un provitam\u012bns B5<\/strong> &#8211; atbalsta mitrin\u0101\u0161anu, nomierina un veicina \u0101das atjauno\u0161anos.<\/p>\n<\/li>\n<\/ul>\n<p data-start=\"1109\" data-end=\"1234\">Kr\u0113mveida tekst\u016bra ar \u012bpa\u0161i smalk\u0101m da\u013ci\u0146\u0101m vienm\u0113r\u012bgi izkl\u0101jas, nodro\u0161inot kontrol\u0113tu eksfoli\u0101ciju bez p\u0101rm\u0113r\u012bgas agresijas.<\/p>\n<p data-start=\"1236\" data-end=\"1452\"><strong data-start=\"1236\" data-end=\"1285\">Kam piem\u0113rots Triple Action Resurfacing Peel:<\/strong> visiem \u0101das tipiem, \u012bpa\u0161i nevienm\u0113r\u012bgas tekst\u016bras, papla\u0161in\u0101tu poru, bl\u0101va to\u0146a un fotonoveco\u0161an\u0101s paz\u012bmju gad\u012bjum\u0101. Piem\u0113rots regul\u0101rai lieto\u0161anai 1-2 reizes ned\u0113\u013c\u0101.<\/p>\n<p data-start=\"1454\" data-end=\"1482\"><strong data-start=\"1454\" data-end=\"1466\">Tilpums:<\/strong> 20 ml \/ 60 ml<\/p>\n","protected":false},"excerpt":{"rendered":"<p data-start=\"2013\" data-end=\"2050\">Tr\u012bsk\u0101r\u0161as iedarb\u012bbas sejas p\u012blings<\/p>\n<h2 data-start=\"2052\" data-end=\"2108\"><strong data-start=\"2052\" data-end=\"2108\">\u012apa\u0161\u012bbas Instytutum &#8211; Triple Action Resurfacing Peel<\/strong><\/h2>\n<p data-start=\"2110\" data-end=\"2342\">\u2714\ufe0f Intens\u012bvi atjauno un izl\u012bdzina \u0101das tekst\u016bru<br data-start=\"2157\" data-end=\"2160\" \/>\u2714\ufe0f Samazina poru redzam\u012bbu un uzlabo gludumu<br data-start=\"2204\" data-end=\"2207\" \/>\u2714\ufe0f Padara bl\u0101vu \u0101du starojo\u0161\u0101ku un mazina pigment\u0101ciju<br data-start=\"2261\" data-end=\"2264\" \/>\u2714\ufe0f Samazina s\u012bko l\u012bniju redzam\u012bbu<br data-start=\"2297\" data-end=\"2300\" \/>\u2714\ufe0f Atbalsta mitrin\u0101\u0161anu un \u0101das komfortu<\/p>\n","protected":false},"featured_media":61461,"template":"","meta":[],"pwb-brand":[1207],"product_brand":[],"product_cat":[741,725,743,751,739,719,753],"product_tag":[],"giftcard-category":[],"class_list":{"0":"post-48153","1":"product","2":"type-product","3":"status-publish","4":"has-post-thumbnail","6":"pwb-brand-instytutum","7":"product_cat-izsitumi","8":"product_cat-maskas","9":"product_cat-paplasinatas-poras","10":"product_cat-pigmentacija-lv","11":"product_cat-sausai-adai","12":"product_cat-skrubji-un-pilingi","13":"product_cat-travel-size-lv","14":"pa_suurus-20ml-lv","15":"pa_suurus-60ml-lv","17":"first","18":"instock","19":"taxable","20":"shipping-taxable","21":"purchasable","22":"product-type-variable"},"acf":[],"brands":[{"id":1207,"name":"Instytutum","slug":"instytutum"}],"_links":{"self":[{"href":"https:\/\/skinstudio.ee\/lv\/wp-json\/wp\/v2\/product\/48153","targetHints":{"allow":["GET"]}}],"collection":[{"href":"https:\/\/skinstudio.ee\/lv\/wp-json\/wp\/v2\/product"}],"about":[{"href":"https:\/\/skinstudio.ee\/lv\/wp-json\/wp\/v2\/types\/product"}],"version-history":[{"count":2,"href":"https:\/\/skinstudio.ee\/lv\/wp-json\/wp\/v2\/product\/48153\/revisions"}],"predecessor-version":[{"id":83815,"href":"https:\/\/skinstudio.ee\/lv\/wp-json\/wp\/v2\/product\/48153\/revisions\/83815"}],"wp:featuredmedia":[{"embeddable":true,"href":"https:\/\/skinstudio.ee\/lv\/wp-json\/wp\/v2\/media\/61461"}],"wp:attachment":[{"href":"https:\/\/skinstudio.ee\/lv\/wp-json\/wp\/v2\/media?parent=48153"}],"wp:term":[{"taxonomy":"pwb-brand","embeddable":true,"href":"https:\/\/skinstudio.ee\/lv\/wp-json\/wp\/v2\/pwb-brand?post=48153"},{"taxonomy":"product_brand","embeddable":true,"href":"https:\/\/skinstudio.ee\/lv\/wp-json\/wp\/v2\/product_brand?post=48153"},{"taxonomy":"product_cat","embeddable":true,"href":"https:\/\/skinstudio.ee\/lv\/wp-json\/wp\/v2\/product_cat?post=48153"},{"taxonomy":"product_tag","embeddable":true,"href":"https:\/\/skinstudio.ee\/lv\/wp-json\/wp\/v2\/product_tag?post=48153"},{"taxonomy":"giftcard-category","embeddable":true,"href":"https:\/\/skinstudio.ee\/lv\/wp-json\/wp\/v2\/giftcard-category?post=48153"}],"curies":[{"name":"wp","href":"https:\/\/api.w.org\/{rel}","templated":true}]}}