{"id":48159,"date":"2023-05-24T17:56:47","date_gmt":"2023-05-24T17:56:47","guid":{"rendered":"https:\/\/skinstudio.ee\/?post_type=product&#038;p=48159"},"modified":"2026-02-27T12:01:09","modified_gmt":"2026-02-27T12:01:09","slug":"hydrafusion-4d-hydrating-water-burst-cream","status":"publish","type":"product","link":"https:\/\/skinstudio.ee\/lv\/catalog\/instytutum-lv\/hydrafusion-4d-hydrating-water-burst-cream\/","title":{"rendered":"HydraFusion 4D Hydrating Water Burst Cream"},"content":{"rendered":"<p data-start=\"115\" data-end=\"480\"><strong data-start=\"115\" data-end=\"175\">HydraFusion 4D Hydrating Water Burst Cream no Instytutum<\/strong> &#8211; uzlabots atjaunojo\u0161s \u016bdens kr\u0113ms ar izteiktu water-burst efektu, kas acumirkl\u012b piepilda \u0101du ar mitrumu. \u010cetru molekul\u0101ro izm\u0113ru hialuronsk\u0101bes kombin\u0101cija veido tr\u012bsdimension\u0101lu mitrin\u0101\u0161anas t\u012bklu, kas iedarbojas da\u017e\u0101dos \u0101das sl\u0101\u0146os un pal\u012bdz uztur\u0113t optim\u0101lu mitruma l\u012bmeni no \u0101rpuses un no iek\u0161puses.<\/p>\n<p data-start=\"482\" data-end=\"647\">Viegls g\u0113lveida kr\u0113ms nodro\u0161ina mitrin\u0101\u0161anu l\u012bdz pat 24 stund\u0101m, pal\u012bdz uzlabot \u0101das tekst\u016bru un atjauno glud\u0101ku, svaig\u0101ku un elast\u012bg\u0101ku izskatu bez smaguma saj\u016btas.<\/p>\n<p data-start=\"649\" data-end=\"688\"><strong data-start=\"649\" data-end=\"688\">Galveno akt\u012bvo sast\u0101vda\u013cu iedarb\u012bba<\/strong><\/p>\n<ul data-start=\"689\" data-end=\"952\">\n<li data-start=\"689\" data-end=\"786\">\n<p data-start=\"691\" data-end=\"786\"><strong data-start=\"691\" data-end=\"718\">4 hialuronsk\u0101bes formas<\/strong> &#8211; nodro\u0161ina daudzl\u012bme\u0146u 3D mitrin\u0101\u0161anu un atbalsta \u0101das elast\u012bbu.<\/p>\n<\/li>\n<li data-start=\"787\" data-end=\"868\">\n<p data-start=\"789\" data-end=\"868\"><strong data-start=\"789\" data-end=\"814\">Skval\u0101ns un glicer\u012bns<\/strong> &#8211; pal\u012bdz saglab\u0101t mitrumu un stiprina \u0101das barjeru.<\/p>\n<\/li>\n<li data-start=\"869\" data-end=\"952\">\n<p data-start=\"871\" data-end=\"952\"><strong data-start=\"871\" data-end=\"903\">Papa\u012bns (papaijas ekstrakts)<\/strong> &#8211; maigi veicina atjauno\u0161anos un uzlabo tekst\u016bru.<\/p>\n<\/li>\n<\/ul>\n<p data-start=\"954\" data-end=\"1086\">Rezult\u0101ts \u2014 \u0101da k\u013c\u016bst glud\u0101ka, dzi\u013ci mitrin\u0101ta un elast\u012bg\u0101ka, samazin\u0101s smalko l\u012bniju redzam\u012bba, par\u0101d\u0101s svaigs un dabisks mirdzums.<\/p>\n<p data-start=\"1088\" data-end=\"1305\"><strong data-start=\"1088\" data-end=\"1149\">Kam piem\u0113rots HydraFusion 4D Hydrating Water Burst Cream:<\/strong> norm\u0101lai, sausai un dehidr\u0113tai \u0101dai, \u012bpa\u0161i sasprindzin\u0101juma, bl\u0101vuma vai elast\u012bbas samazin\u0101\u0161an\u0101s gad\u012bjum\u0101. Piem\u0113rots ikdienas lieto\u0161anai no r\u012bta un vakar\u0101.<\/p>\n<p data-start=\"1307\" data-end=\"1335\"><strong data-start=\"1307\" data-end=\"1319\">Tilpums:<\/strong> 15 ml \/ 50 ml<\/p>\n","protected":false},"excerpt":{"rendered":"<p data-start=\"1470\" data-end=\"1517\">Mitrino\u0161s g\u0113lkr\u0113ms ar 4 hialuronsk\u0101bes form\u0101m<\/p>\n<h2 data-start=\"1519\" data-end=\"1587\"><strong data-start=\"1519\" data-end=\"1587\">\u012apa\u0161\u012bbas Instytutum &#8211; HydraFusion 4D Hydrating Water Burst Cream<\/strong><\/h2>\n<p data-start=\"1589\" data-end=\"1793\">\u2714\ufe0f Dzi\u013ci un ilgsto\u0161i mitrina \u0101du<br data-start=\"1621\" data-end=\"1624\" \/>\u2714\ufe0f Uzlabo elast\u012bbu un mazina smalk\u0101s l\u012bnijas<br data-start=\"1668\" data-end=\"1671\" \/>\u2714\ufe0f Uzlabo tekst\u016bru un veicina atjauno\u0161anos<br data-start=\"1713\" data-end=\"1716\" \/>\u2714\ufe0f Pie\u0161\u0137ir \u0101dai mirdzumu un gludumu<br data-start=\"1751\" data-end=\"1754\" \/>\u2714\ufe0f Atbalsta barjeru un mazina sausumu<\/p>\n","protected":false},"featured_media":48160,"template":"","meta":[],"pwb-brand":[1207],"product_brand":[],"product_cat":[745,737,747,753],"product_tag":[],"giftcard-category":[],"class_list":{"0":"post-48159","1":"product","2":"type-product","3":"status-publish","4":"has-post-thumbnail","6":"pwb-brand-instytutum-lv","7":"product_cat-jutigai-adai","8":"product_cat-mitrinasana","9":"product_cat-taukainai-adai","10":"product_cat-travel-size-lv","11":"pa_suurus-15ml-lv","12":"pa_suurus-50ml-lv","14":"first","15":"instock","16":"taxable","17":"shipping-taxable","18":"purchasable","19":"product-type-variable"},"acf":[],"brands":[{"id":1207,"name":"Instytutum","slug":"instytutum-lv"}],"_links":{"self":[{"href":"https:\/\/skinstudio.ee\/lv\/wp-json\/wp\/v2\/product\/48159","targetHints":{"allow":["GET"]}}],"collection":[{"href":"https:\/\/skinstudio.ee\/lv\/wp-json\/wp\/v2\/product"}],"about":[{"href":"https:\/\/skinstudio.ee\/lv\/wp-json\/wp\/v2\/types\/product"}],"version-history":[{"count":2,"href":"https:\/\/skinstudio.ee\/lv\/wp-json\/wp\/v2\/product\/48159\/revisions"}],"predecessor-version":[{"id":83884,"href":"https:\/\/skinstudio.ee\/lv\/wp-json\/wp\/v2\/product\/48159\/revisions\/83884"}],"wp:featuredmedia":[{"embeddable":true,"href":"https:\/\/skinstudio.ee\/lv\/wp-json\/wp\/v2\/media\/48160"}],"wp:attachment":[{"href":"https:\/\/skinstudio.ee\/lv\/wp-json\/wp\/v2\/media?parent=48159"}],"wp:term":[{"taxonomy":"pwb-brand","embeddable":true,"href":"https:\/\/skinstudio.ee\/lv\/wp-json\/wp\/v2\/pwb-brand?post=48159"},{"taxonomy":"product_brand","embeddable":true,"href":"https:\/\/skinstudio.ee\/lv\/wp-json\/wp\/v2\/product_brand?post=48159"},{"taxonomy":"product_cat","embeddable":true,"href":"https:\/\/skinstudio.ee\/lv\/wp-json\/wp\/v2\/product_cat?post=48159"},{"taxonomy":"product_tag","embeddable":true,"href":"https:\/\/skinstudio.ee\/lv\/wp-json\/wp\/v2\/product_tag?post=48159"},{"taxonomy":"giftcard-category","embeddable":true,"href":"https:\/\/skinstudio.ee\/lv\/wp-json\/wp\/v2\/giftcard-category?post=48159"}],"curies":[{"name":"wp","href":"https:\/\/api.w.org\/{rel}","templated":true}]}}