{"id":48165,"date":"2023-05-24T17:56:47","date_gmt":"2023-05-24T17:56:47","guid":{"rendered":"https:\/\/skinstudio.ee\/?post_type=product&#038;p=48165"},"modified":"2026-02-27T11:20:53","modified_gmt":"2026-02-27T11:20:53","slug":"c-illuminating-3d-moisturizer","status":"publish","type":"product","link":"https:\/\/skinstudio.ee\/lv\/catalog\/instytutum-lv\/c-illuminating-3d-moisturizer\/","title":{"rendered":"C-Illuminating 3D Moisturizer"},"content":{"rendered":"<p data-start=\"137\" data-end=\"410\"><strong data-start=\"137\" data-end=\"196\">Brightening C-Illuminating 3D Moisturizer no Instytutum<\/strong> &#8211; inovat\u012bvs mitrino\u0161s kr\u0113ms, kas pal\u012bdz izl\u012bdzin\u0101t \u0101das toni, uzlabot tvirtumu un nodro\u0161in\u0101t intens\u012bvu mitrin\u0101\u0161anu. Tas mazina bl\u0101vumu, vizu\u0101li izl\u012bdzina \u0101das reljefu un atjauno daudzdimension\u0101lu, mirdzo\u0161u efektu.<\/p>\n<p data-start=\"412\" data-end=\"528\">Kr\u0113ms rada redzamu \u201c3D mirdzuma\u201d efektu \u2014 \u0101da izskat\u0101s glud\u0101ka, piln\u012bg\u0101ka un kopt\u0101ka ar vesel\u012bgu, vienm\u0113r\u012bgu fini\u0161u.<\/p>\n<p data-start=\"530\" data-end=\"569\"><strong data-start=\"530\" data-end=\"569\">Galveno akt\u012bvo sast\u0101vda\u013cu iedarb\u012bba<\/strong><\/p>\n<ul data-start=\"570\" data-end=\"857\">\n<li data-start=\"570\" data-end=\"699\">\n<p data-start=\"572\" data-end=\"699\"><strong data-start=\"572\" data-end=\"612\">C vitam\u012bns (3-O-Ethyl Ascorbic Acid)<\/strong> &#8211; samazina pigment\u0101ciju, pastiprina mirdzumu un nodro\u0161ina antioksidantu aizsardz\u012bbu.<\/p>\n<\/li>\n<li data-start=\"700\" data-end=\"772\">\n<p data-start=\"702\" data-end=\"772\"><strong data-start=\"702\" data-end=\"718\">Tripeptide-1<\/strong> &#8211; veicina kolag\u0113na sint\u0113zi un uzlabo \u0101das tvirtumu.<\/p>\n<\/li>\n<li data-start=\"773\" data-end=\"857\">\n<p data-start=\"775\" data-end=\"857\"><strong data-start=\"775\" data-end=\"808\">Daudzmolekul\u0101r\u0101 hialuronsk\u0101be<\/strong> &#8211; nodro\u0161ina daudzl\u012bme\u0146u un ilgsto\u0161u mitrin\u0101\u0161anu.<\/p>\n<\/li>\n<\/ul>\n<p data-start=\"859\" data-end=\"1009\">Tekst\u016bra ir m\u0113reni bag\u0101t\u012bga un barojo\u0161a, bet komfortabla: kr\u0113ms vienm\u0113r\u012bgi kl\u0101jas, pie\u0161\u0137ir \u0101dai mirdzo\u0161u efektu un sniedz piln\u012bbas saj\u016btu bez smaguma.<\/p>\n<p data-start=\"1011\" data-end=\"1272\"><strong data-start=\"1011\" data-end=\"1071\">Kam piem\u0113rots Brightening C-Illuminating 3D Moisturizer:<\/strong> norm\u0101lai, sausai un kombin\u0113tai \u0101dai, \u012bpa\u0161i bl\u0101vas un dehidr\u0113tas \u0101das gad\u012bjum\u0101 ar samazin\u0101tu tvirtumu. Ieteicams aukstaj\u0101 sezon\u0101 vai periodos, kad \u0101dai nepiecie\u0161ama intens\u012bv\u0101ka baro\u0161ana un atjauno\u0161ana.<\/p>\n<p data-start=\"1274\" data-end=\"1302\"><strong data-start=\"1274\" data-end=\"1286\">Tilpums:<\/strong> 15 ml \/ 50 ml<\/p>\n","protected":false},"excerpt":{"rendered":"<p data-start=\"1594\" data-end=\"1630\">Mitrino\u0161s kr\u0113ms ar mirdzuma efektu<\/p>\n<h2 data-start=\"1632\" data-end=\"1687\"><strong data-start=\"1632\" data-end=\"1687\">\u012apa\u0161\u012bbas Instytutum &#8211; C-Illuminating 3D Moisturizer<\/strong><\/h2>\n<p data-start=\"1689\" data-end=\"1901\">\u2714\ufe0f Pie\u0161\u0137ir \u0101dai t\u016bl\u012bt\u0113ju mirdzumu<br data-start=\"1722\" data-end=\"1725\" \/>\u2714\ufe0f Samazina pigment\u0101ciju un izl\u012bdzina toni<br data-start=\"1767\" data-end=\"1770\" \/>\u2714\ufe0f Nodro\u0161ina daudzl\u012bme\u0146u mitrin\u0101\u0161anu<br data-start=\"1806\" data-end=\"1809\" \/>\u2714\ufe0f Uzlabo \u0101das tvirtumu un bl\u012bvumu<br data-start=\"1843\" data-end=\"1846\" \/>\u2714\ufe0f Atbalsta \u0101das barjeru un antioksidantu aizsardz\u012bbu<\/p>\n","protected":false},"featured_media":61481,"template":"","meta":[],"pwb-brand":[1207],"product_brand":[],"product_cat":[729,745,737,749,751,739,753],"product_tag":[],"giftcard-category":[],"class_list":{"0":"post-48165","1":"product","2":"type-product","3":"status-publish","4":"has-post-thumbnail","6":"pwb-brand-instytutum-lv","7":"product_cat-c-vitamins","8":"product_cat-jutigai-adai","9":"product_cat-mitrinasana","10":"product_cat-novecojosa-ada","11":"product_cat-pigmentacija-lv","12":"product_cat-sausai-adai","13":"product_cat-travel-size-lv","14":"pa_suurus-15ml-lv","15":"pa_suurus-50ml-lv","17":"first","18":"instock","19":"taxable","20":"shipping-taxable","21":"purchasable","22":"product-type-variable"},"acf":[],"brands":[{"id":1207,"name":"Instytutum","slug":"instytutum-lv"}],"_links":{"self":[{"href":"https:\/\/skinstudio.ee\/lv\/wp-json\/wp\/v2\/product\/48165","targetHints":{"allow":["GET"]}}],"collection":[{"href":"https:\/\/skinstudio.ee\/lv\/wp-json\/wp\/v2\/product"}],"about":[{"href":"https:\/\/skinstudio.ee\/lv\/wp-json\/wp\/v2\/types\/product"}],"version-history":[{"count":2,"href":"https:\/\/skinstudio.ee\/lv\/wp-json\/wp\/v2\/product\/48165\/revisions"}],"predecessor-version":[{"id":83836,"href":"https:\/\/skinstudio.ee\/lv\/wp-json\/wp\/v2\/product\/48165\/revisions\/83836"}],"wp:featuredmedia":[{"embeddable":true,"href":"https:\/\/skinstudio.ee\/lv\/wp-json\/wp\/v2\/media\/61481"}],"wp:attachment":[{"href":"https:\/\/skinstudio.ee\/lv\/wp-json\/wp\/v2\/media?parent=48165"}],"wp:term":[{"taxonomy":"pwb-brand","embeddable":true,"href":"https:\/\/skinstudio.ee\/lv\/wp-json\/wp\/v2\/pwb-brand?post=48165"},{"taxonomy":"product_brand","embeddable":true,"href":"https:\/\/skinstudio.ee\/lv\/wp-json\/wp\/v2\/product_brand?post=48165"},{"taxonomy":"product_cat","embeddable":true,"href":"https:\/\/skinstudio.ee\/lv\/wp-json\/wp\/v2\/product_cat?post=48165"},{"taxonomy":"product_tag","embeddable":true,"href":"https:\/\/skinstudio.ee\/lv\/wp-json\/wp\/v2\/product_tag?post=48165"},{"taxonomy":"giftcard-category","embeddable":true,"href":"https:\/\/skinstudio.ee\/lv\/wp-json\/wp\/v2\/giftcard-category?post=48165"}],"curies":[{"name":"wp","href":"https:\/\/api.w.org\/{rel}","templated":true}]}}