{"id":48178,"date":"2023-05-24T17:56:47","date_gmt":"2023-05-24T17:56:47","guid":{"rendered":"https:\/\/skinstudio.ee\/?post_type=product&#038;p=48178"},"modified":"2026-02-27T11:35:41","modified_gmt":"2026-02-27T11:35:41","slug":"pro-grade-anti-aging-x-strength-retinol-serum","status":"publish","type":"product","link":"https:\/\/skinstudio.ee\/lv\/catalog\/instytutum-lv\/pro-grade-anti-aging-x-strength-retinol-serum\/","title":{"rendered":"Pro-Grade Anti-Aging X-Strength Retinol Serum"},"content":{"rendered":"<p data-start=\"134\" data-end=\"456\"><strong data-start=\"134\" data-end=\"197\">Pro-Grade Anti-Aging X-Strength Retinol Serum no Instytutum<\/strong> &#8211; 4. paaudzes retino\u012bdu serums, izstr\u0101d\u0101ts intens\u012bvai \u0101das atjauno\u0161anai, redzamai grumbu izl\u012bdzin\u0101\u0161anai un \u0101das bl\u012bvuma uzlabo\u0161anai. Formula pal\u012bdz mazin\u0101t noveco\u0161an\u0101s paz\u012bmes, nevienm\u0113r\u012bgu tekst\u016bru un bl\u0101vu \u0101das toni, atjaunojot glud\u0101ku un svaig\u0101ku izskatu.<\/p>\n<p data-start=\"458\" data-end=\"622\">Serums stimul\u0113 dabiskos atjauno\u0161an\u0101s procesus, pal\u012bdz samazin\u0101t grumbu dzi\u013cumu un atbalsta \u0101das barjeru, saglab\u0101jot tvirtumu un elast\u012bbu regul\u0101ras lieto\u0161anas laik\u0101.<\/p>\n<p data-start=\"624\" data-end=\"663\"><strong data-start=\"624\" data-end=\"663\">Galveno akt\u012bvo sast\u0101vda\u013cu iedarb\u012bba<\/strong><\/p>\n<ul data-start=\"664\" data-end=\"945\">\n<li data-start=\"664\" data-end=\"761\">\n<p data-start=\"666\" data-end=\"761\"><strong data-start=\"666\" data-end=\"692\">8% retino\u012bdu komplekss<\/strong> &#8211; pa\u0101trina \u0161\u016bnu atjauno\u0161anos un pal\u012bdz samazin\u0101t grumbu redzam\u012bbu.<\/p>\n<\/li>\n<li data-start=\"762\" data-end=\"860\">\n<p data-start=\"764\" data-end=\"860\"><strong data-start=\"764\" data-end=\"813\">Tripeptide-P3 un augu izcelsmes skval\u0101ns (3%)<\/strong> &#8211; atbalsta \u0101das bl\u012bvumu un stiprina barjeru.<\/p>\n<\/li>\n<li data-start=\"861\" data-end=\"945\">\n<p data-start=\"863\" data-end=\"945\"><strong data-start=\"863\" data-end=\"894\">Provitam\u012bns B5 un alanto\u012bns<\/strong> &#8211; mitrina un pal\u012bdz mazin\u0101t iesp\u0113jamo diskomfortu.<\/p>\n<\/li>\n<\/ul>\n<p data-start=\"947\" data-end=\"1043\">Tekst\u016bra ir viegla un z\u012bdaina, \u0101tri ies\u016bcas bez lip\u012bguma, nodro\u0161inot intens\u012bvas kop\u0161anas saj\u016btu.<\/p>\n<p data-start=\"1045\" data-end=\"1279\"><strong data-start=\"1045\" data-end=\"1109\">Kam piem\u0113rots Pro-Grade Anti-Aging X-Strength Retinol Serum:<\/strong> \u0101dai ar redzam\u0101m noveco\u0161an\u0101s paz\u012bm\u0113m, nevienm\u0113r\u012bgu tekst\u016bru un samazin\u0101tu bl\u012bvumu. Piem\u0113rots pak\u0101peniskai ievie\u0161anai vakara kop\u0161anas rut\u012bn\u0101 ar labu retino\u012bdu panesam\u012bbu.<\/p>\n<p data-start=\"1281\" data-end=\"1309\"><strong data-start=\"1281\" data-end=\"1293\">Tilpums:<\/strong> 10 ml \/ 30 ml<\/p>\n","protected":false},"excerpt":{"rendered":"<p data-start=\"1311\" data-end=\"1602\">\n<p data-start=\"1604\" data-end=\"1642\">Intens\u012bvs retino\u012bdu kompleksa serums<\/p>\n<h2 data-start=\"1644\" data-end=\"1715\"><strong data-start=\"1644\" data-end=\"1715\">\u012apa\u0161\u012bbas Instytutum &#8211; Pro-Grade Anti-Aging X-Strength Retinol Serum<\/strong><\/h2>\n<p data-start=\"1717\" data-end=\"1954\">\u2714\ufe0f Sp\u0113c\u012bgi izl\u012bdzina grumbas un mazina noveco\u0161an\u0101s paz\u012bmes<br data-start=\"1775\" data-end=\"1778\" \/>\u2714\ufe0f Atjauno \u0101das tekst\u016bru un uzlabo toni<br data-start=\"1817\" data-end=\"1820\" \/>\u2714\ufe0f Intens\u012bvi mitrina un stiprina \u0101das barjeru<br data-start=\"1865\" data-end=\"1868\" \/>\u2714\ufe0f Izgaismo bl\u0101vu \u0101du un pie\u0161\u0137ir mirdzumu<br data-start=\"1909\" data-end=\"1912\" \/>\u2714\ufe0f Nomierina, baro un mazina kairin\u0101jumu<\/p>\n","protected":false},"featured_media":61476,"template":"","meta":[],"pwb-brand":[1207],"product_brand":[],"product_cat":[727,745,749,751,739,723,747,753],"product_tag":[],"giftcard-category":[],"class_list":{"0":"post-48178","1":"product","2":"type-product","3":"status-publish","4":"has-post-thumbnail","6":"pwb-brand-instytutum-lv","7":"product_cat-a-vitamins-retinols","8":"product_cat-jutigai-adai","9":"product_cat-novecojosa-ada","10":"product_cat-pigmentacija-lv","11":"product_cat-sausai-adai","12":"product_cat-serumi","13":"product_cat-taukainai-adai","14":"product_cat-travel-size-lv","15":"pa_suurus-10ml-lv","16":"pa_suurus-30ml-lv","18":"first","19":"instock","20":"taxable","21":"shipping-taxable","22":"purchasable","23":"product-type-variable"},"acf":[],"brands":[{"id":1207,"name":"Instytutum","slug":"instytutum-lv"}],"_links":{"self":[{"href":"https:\/\/skinstudio.ee\/lv\/wp-json\/wp\/v2\/product\/48178","targetHints":{"allow":["GET"]}}],"collection":[{"href":"https:\/\/skinstudio.ee\/lv\/wp-json\/wp\/v2\/product"}],"about":[{"href":"https:\/\/skinstudio.ee\/lv\/wp-json\/wp\/v2\/types\/product"}],"version-history":[{"count":3,"href":"https:\/\/skinstudio.ee\/lv\/wp-json\/wp\/v2\/product\/48178\/revisions"}],"predecessor-version":[{"id":83855,"href":"https:\/\/skinstudio.ee\/lv\/wp-json\/wp\/v2\/product\/48178\/revisions\/83855"}],"wp:featuredmedia":[{"embeddable":true,"href":"https:\/\/skinstudio.ee\/lv\/wp-json\/wp\/v2\/media\/61476"}],"wp:attachment":[{"href":"https:\/\/skinstudio.ee\/lv\/wp-json\/wp\/v2\/media?parent=48178"}],"wp:term":[{"taxonomy":"pwb-brand","embeddable":true,"href":"https:\/\/skinstudio.ee\/lv\/wp-json\/wp\/v2\/pwb-brand?post=48178"},{"taxonomy":"product_brand","embeddable":true,"href":"https:\/\/skinstudio.ee\/lv\/wp-json\/wp\/v2\/product_brand?post=48178"},{"taxonomy":"product_cat","embeddable":true,"href":"https:\/\/skinstudio.ee\/lv\/wp-json\/wp\/v2\/product_cat?post=48178"},{"taxonomy":"product_tag","embeddable":true,"href":"https:\/\/skinstudio.ee\/lv\/wp-json\/wp\/v2\/product_tag?post=48178"},{"taxonomy":"giftcard-category","embeddable":true,"href":"https:\/\/skinstudio.ee\/lv\/wp-json\/wp\/v2\/giftcard-category?post=48178"}],"curies":[{"name":"wp","href":"https:\/\/api.w.org\/{rel}","templated":true}]}}