{"id":48190,"date":"2023-05-24T17:56:44","date_gmt":"2023-05-24T17:56:44","guid":{"rendered":"https:\/\/skinstudio.ee\/?post_type=product&#038;p=48190"},"modified":"2026-02-27T12:07:46","modified_gmt":"2026-02-27T12:07:46","slug":"transforming-melting-cleanser","status":"publish","type":"product","link":"https:\/\/skinstudio.ee\/lv\/catalog\/instytutum-lv\/transforming-melting-cleanser\/","title":{"rendered":"Transforming Melting Cleanser"},"content":{"rendered":"<p data-start=\"97\" data-end=\"365\"><strong data-start=\"97\" data-end=\"144\">Transforming Melting Cleanser no Instytutum<\/strong> &#8211; transform\u0113jo\u0161s att\u012bro\u0161s balzams, kas saskar\u0113 ar \u0101du k\u016bst un p\u0101rv\u0113r\u0161as z\u012bdain\u0101 e\u013c\u013c\u0101. Saskaroties ar \u016bdeni, tas k\u013c\u016bst par maigu emulsiju, kas saudz\u012bgi no\u0146em virspus\u0113jus net\u012brumus, SPF un dekorat\u012bv\u0101s kosm\u0113tikas atlikumus.<\/p>\n<p data-start=\"367\" data-end=\"595\">L\u012bdzeklis darbojas k\u0101 pirmais att\u012br\u012b\u0161anas solis, pal\u012bdzot no\u0146emt sebumu, putek\u013cus un kosm\u0113tiku, sagatavojot \u0101du dzi\u013c\u0101kai otrajai att\u012br\u012b\u0161anai. Formula saglab\u0101 komfortu, atbalsta hidrolip\u012bdo l\u012bdzsvaru un neatst\u0101j savilkuma saj\u016btu.<\/p>\n<p data-start=\"597\" data-end=\"631\"><strong data-start=\"597\" data-end=\"631\">Galveno akt\u012bvo vielu iedarb\u012bba<\/strong><\/p>\n<ul data-start=\"632\" data-end=\"864\">\n<li data-start=\"632\" data-end=\"707\">\n<p data-start=\"634\" data-end=\"707\"><strong data-start=\"634\" data-end=\"656\">Retinila palmit\u0101ts<\/strong> &#8211; atbalsta \u0101das atjauno\u0161anos un uzlabo tekst\u016bru.<\/p>\n<\/li>\n<li data-start=\"708\" data-end=\"768\">\n<p data-start=\"710\" data-end=\"768\"><strong data-start=\"710\" data-end=\"727\">Hialuronsk\u0101be<\/strong> &#8211; pal\u012bdz saglab\u0101t mitrumu un elast\u012bbu.<\/p>\n<\/li>\n<li data-start=\"769\" data-end=\"864\">\n<p data-start=\"771\" data-end=\"864\"><strong data-start=\"771\" data-end=\"814\">E vitam\u012bns, provitam\u012bns B5 un alanto\u012bns<\/strong> &#8211; nomierina \u0101du un stiprina t\u0101s aizsargfunkcijas.<\/p>\n<\/li>\n<\/ul>\n<p data-start=\"866\" data-end=\"973\">Rezult\u0101ts &#8211; \u0101da j\u016btas att\u012br\u012bta, maiga un glud\u0101ka, izskat\u0101s svaig\u0101ka un kopt\u0101ka bez sausuma vai diskomforta.<\/p>\n<p data-start=\"975\" data-end=\"1141\"><strong data-start=\"975\" data-end=\"1023\">Kam piem\u0113rots Transforming Melting Cleanser:<\/strong> visiem \u0101das tipiem k\u0101 pirmais att\u012br\u012b\u0161anas solis, \u012bpa\u0161i SPF un viegla grima no\u0146em\u0161anai un dubult\u0101s att\u012br\u012b\u0161anas rut\u012bn\u0101.<\/p>\n<p data-start=\"1143\" data-end=\"1172\"><strong data-start=\"1143\" data-end=\"1155\">Tilpums:<\/strong> 20 ml \/ 120 ml<\/p>\n","protected":false},"excerpt":{"rendered":"<p data-start=\"1482\" data-end=\"1530\">Hidrofilais balzams pirmajam att\u012br\u012b\u0161anas solim<\/p>\n<h2 data-start=\"1532\" data-end=\"1587\"><strong data-start=\"1532\" data-end=\"1587\">\u012apa\u0161\u012bbas INSTYTUTUM &#8211; Transforming Melting Cleanser<\/strong><\/h2>\n<p data-start=\"1589\" data-end=\"1758\">\u2714\ufe0f Maigi no\u0146em net\u012brumus un SPF<br data-start=\"1620\" data-end=\"1623\" \/>\u2714\ufe0f Sagatavo \u0101du otrajai att\u012br\u012b\u0161anai<br data-start=\"1658\" data-end=\"1661\" \/>\u2714\ufe0f Uztur komfortu un l\u012bdzsvaru<br data-start=\"1691\" data-end=\"1694\" \/>\u2714\ufe0f Pal\u012bdz uzlabot \u0101das tekst\u016bru<br data-start=\"1725\" data-end=\"1728\" \/>\u2714\ufe0f M\u012bkstina un nomierina \u0101du<\/p>\n","protected":false},"featured_media":61516,"template":"","meta":[],"pwb-brand":[1207],"product_brand":[],"product_cat":[715,745,739,753],"product_tag":[],"giftcard-category":[],"class_list":{"0":"post-48190","1":"product","2":"type-product","3":"status-publish","4":"has-post-thumbnail","6":"pwb-brand-instytutum-lv","7":"product_cat-attirisana","8":"product_cat-jutigai-adai","9":"product_cat-sausai-adai","10":"product_cat-travel-size-lv","11":"pa_suurus-120ml-lv","12":"pa_suurus-20ml-lv","14":"first","15":"instock","16":"taxable","17":"shipping-taxable","18":"purchasable","19":"product-type-variable"},"acf":[],"brands":[{"id":1207,"name":"Instytutum","slug":"instytutum-lv"}],"_links":{"self":[{"href":"https:\/\/skinstudio.ee\/lv\/wp-json\/wp\/v2\/product\/48190","targetHints":{"allow":["GET"]}}],"collection":[{"href":"https:\/\/skinstudio.ee\/lv\/wp-json\/wp\/v2\/product"}],"about":[{"href":"https:\/\/skinstudio.ee\/lv\/wp-json\/wp\/v2\/types\/product"}],"version-history":[{"count":2,"href":"https:\/\/skinstudio.ee\/lv\/wp-json\/wp\/v2\/product\/48190\/revisions"}],"predecessor-version":[{"id":83889,"href":"https:\/\/skinstudio.ee\/lv\/wp-json\/wp\/v2\/product\/48190\/revisions\/83889"}],"wp:featuredmedia":[{"embeddable":true,"href":"https:\/\/skinstudio.ee\/lv\/wp-json\/wp\/v2\/media\/61516"}],"wp:attachment":[{"href":"https:\/\/skinstudio.ee\/lv\/wp-json\/wp\/v2\/media?parent=48190"}],"wp:term":[{"taxonomy":"pwb-brand","embeddable":true,"href":"https:\/\/skinstudio.ee\/lv\/wp-json\/wp\/v2\/pwb-brand?post=48190"},{"taxonomy":"product_brand","embeddable":true,"href":"https:\/\/skinstudio.ee\/lv\/wp-json\/wp\/v2\/product_brand?post=48190"},{"taxonomy":"product_cat","embeddable":true,"href":"https:\/\/skinstudio.ee\/lv\/wp-json\/wp\/v2\/product_cat?post=48190"},{"taxonomy":"product_tag","embeddable":true,"href":"https:\/\/skinstudio.ee\/lv\/wp-json\/wp\/v2\/product_tag?post=48190"},{"taxonomy":"giftcard-category","embeddable":true,"href":"https:\/\/skinstudio.ee\/lv\/wp-json\/wp\/v2\/giftcard-category?post=48190"}],"curies":[{"name":"wp","href":"https:\/\/api.w.org\/{rel}","templated":true}]}}