{"id":48245,"date":"2025-02-24T14:07:12","date_gmt":"2025-02-24T14:07:12","guid":{"rendered":"https:\/\/skinstudio.ee\/?post_type=product&#038;p=48245"},"modified":"2026-03-23T13:36:39","modified_gmt":"2026-03-23T13:36:39","slug":"revitalizing-cryoshot-hydrating-serum","status":"publish","type":"product","link":"https:\/\/skinstudio.ee\/lv\/catalog\/instytutum-lv\/revitalizing-cryoshot-hydrating-serum\/","title":{"rendered":"Revitalizing Cryoshot Hydrating Serum"},"content":{"rendered":"<p data-start=\"388\" data-end=\"714\"><strong data-start=\"388\" data-end=\"430\">Revitalizing Cryoshot Hydrating Serum no Instytutum<\/strong> &#8211; t\u016bl\u012bt\u0113js svaiguma un mirdzuma efekts stresam pak\u013cautai \u0101dai. \u0160is inovat\u012bvais seruma komplekss apvieno krioterapijas iedvesmotu dzes\u0113jo\u0161u efektu ar augstas veiktsp\u0113jas akt\u012bvaj\u0101m viel\u0101m, pal\u012bdzot mazin\u0101t piet\u016bkumu un aps\u0101rtumu, atjaunot \u0101das tonusu un atbalst\u012bt t\u0101s aizsargfunkcijas.<\/p>\n<p data-start=\"716\" data-end=\"921\">Formula paredz\u0113ta intens\u012bvai mitrin\u0101\u0161anai, \u0101das komforta atjauno\u0161anai un kop\u0113j\u0101 izskata uzlabo\u0161anai. L\u012bdzeklis pal\u012bdz saglab\u0101t vienm\u0113r\u012bg\u0101ku toni, mazin\u0101t noguruma paz\u012bmes un atjaunot svaigu, koptu izskatu.<\/p>\n<p data-start=\"923\" data-end=\"962\"><strong data-start=\"923\" data-end=\"962\">Galveno akt\u012bvo sast\u0101vda\u013cu iedarb\u012bba<\/strong><\/p>\n<ul data-start=\"964\" data-end=\"1261\">\n<li data-start=\"964\" data-end=\"1073\">\n<p data-start=\"966\" data-end=\"1073\"><strong data-start=\"966\" data-end=\"985\">10% niacinam\u012bds<\/strong> &#8211; pal\u012bdz izl\u012bdzin\u0101t \u0101das toni, atbalsta aizsargbarjeru un mazina aps\u0101rtuma redzam\u012bbu.<\/p>\n<\/li>\n<li data-start=\"1074\" data-end=\"1174\">\n<p data-start=\"1076\" data-end=\"1174\"><strong data-start=\"1076\" data-end=\"1109\">Daudzmolekul\u0101r\u0101 hialuronsk\u0101be<\/strong> &#8211; nodro\u0161ina daudzl\u012bme\u0146u mitrin\u0101\u0161anu un atbalsta \u0101das elast\u012bbu.<\/p>\n<\/li>\n<li data-start=\"1175\" data-end=\"1261\">\n<p data-start=\"1177\" data-end=\"1261\"><strong data-start=\"1177\" data-end=\"1198\">Pept\u012bdu komplekss<\/strong> &#8211; pal\u012bdz saglab\u0101t \u0101das tvirtumu un uzlabot t\u0101s kop\u0113jo izskatu.<\/p>\n<\/li>\n<\/ul>\n<p data-start=\"1263\" data-end=\"1490\">Viegl\u0101 seruma tekst\u016bra \u0101tri ies\u016bcas, sniedzot t\u016bl\u012bt\u0113ju svaiguma un komforta saj\u016btu bez lip\u012bguma vai smaguma. Uzkl\u0101jot \u0101da k\u013c\u016bst glud\u0101ka un mitrin\u0101t\u0101ka, bet dzes\u0113jo\u0161ais efekts pal\u012bdz vizu\u0101li atsvaidzin\u0101t un toniz\u0113t \u0101das izskatu.<\/p>\n<p data-start=\"1492\" data-end=\"1763\"><strong data-start=\"1492\" data-end=\"1535\">Kam piem\u0113rots Revitalizing Cryoshot Hydrating Serum:<\/strong> visiem \u0101das tipiem, tostarp jut\u012bgai \u0101dai, \u012bpa\u0161i pie noslieces uz aps\u0101rtumu, sausumu, bl\u0101vumu, agr\u012bn\u0101m krunci\u0146\u0101m vai noguruma paz\u012bm\u0113m. Piem\u0113rots ikdienas lieto\u0161anai no r\u012bta un vakar\u0101, k\u0101 ar\u012b \u0101trai \u0101das atjauno\u0161anai dienas laik\u0101.<\/p>\n<p data-start=\"1765\" data-end=\"1783\"><strong data-start=\"1765\" data-end=\"1777\">Tilpums:<\/strong> 30 ml<\/p>\n","protected":false},"excerpt":{"rendered":"<p data-start=\"2195\" data-end=\"2216\">Krio-mitrino\u0161s serums<\/p>\n<h2 data-start=\"2218\" data-end=\"2281\"><strong data-start=\"2218\" data-end=\"2281\">\u012apa\u0161\u012bbas Instytutum &#8211; Revitalizing Cryoshot Hydrating Serum<\/strong><\/h2>\n<p data-start=\"2283\" data-end=\"2542\">\u2714\ufe0f Uzreiz mitrina un pie\u0161\u0137ir svaigu izskatu<br data-start=\"2326\" data-end=\"2329\" \/>\u2714\ufe0f Pal\u012bdz mazin\u0101t piet\u016bkumu, aps\u0101rtumu un noguruma paz\u012bmes<br data-start=\"2387\" data-end=\"2390\" \/>\u2714\ufe0f Izl\u012bdzina \u0101das toni un atjauno mirdzumu<br data-start=\"2432\" data-end=\"2435\" \/>\u2714\ufe0f Atbalsta aizsargbarjeru un kolag\u0113na veido\u0161anos<br data-start=\"2484\" data-end=\"2487\" \/>\u2714\ufe0f Piem\u0113rots visiem \u0101das tipiem, tostarp jut\u012bgai \u0101dai<\/p>\n","protected":false},"featured_media":62625,"template":"","meta":[],"pwb-brand":[1207],"product_brand":[],"product_cat":[745,737,739,723,747],"product_tag":[],"giftcard-category":[],"class_list":{"0":"post-48245","1":"product","2":"type-product","3":"status-publish","4":"has-post-thumbnail","6":"pwb-brand-instytutum-lv","7":"product_cat-jutigai-adai","8":"product_cat-mitrinasana","9":"product_cat-sausai-adai","10":"product_cat-serumi","11":"product_cat-taukainai-adai","13":"first","14":"instock","15":"taxable","16":"shipping-taxable","17":"purchasable","18":"product-type-simple"},"acf":[],"brands":[{"id":1207,"name":"Instytutum","slug":"instytutum-lv"}],"_links":{"self":[{"href":"https:\/\/skinstudio.ee\/lv\/wp-json\/wp\/v2\/product\/48245","targetHints":{"allow":["GET"]}}],"collection":[{"href":"https:\/\/skinstudio.ee\/lv\/wp-json\/wp\/v2\/product"}],"about":[{"href":"https:\/\/skinstudio.ee\/lv\/wp-json\/wp\/v2\/types\/product"}],"version-history":[{"count":1,"href":"https:\/\/skinstudio.ee\/lv\/wp-json\/wp\/v2\/product\/48245\/revisions"}],"predecessor-version":[{"id":83737,"href":"https:\/\/skinstudio.ee\/lv\/wp-json\/wp\/v2\/product\/48245\/revisions\/83737"}],"wp:featuredmedia":[{"embeddable":true,"href":"https:\/\/skinstudio.ee\/lv\/wp-json\/wp\/v2\/media\/62625"}],"wp:attachment":[{"href":"https:\/\/skinstudio.ee\/lv\/wp-json\/wp\/v2\/media?parent=48245"}],"wp:term":[{"taxonomy":"pwb-brand","embeddable":true,"href":"https:\/\/skinstudio.ee\/lv\/wp-json\/wp\/v2\/pwb-brand?post=48245"},{"taxonomy":"product_brand","embeddable":true,"href":"https:\/\/skinstudio.ee\/lv\/wp-json\/wp\/v2\/product_brand?post=48245"},{"taxonomy":"product_cat","embeddable":true,"href":"https:\/\/skinstudio.ee\/lv\/wp-json\/wp\/v2\/product_cat?post=48245"},{"taxonomy":"product_tag","embeddable":true,"href":"https:\/\/skinstudio.ee\/lv\/wp-json\/wp\/v2\/product_tag?post=48245"},{"taxonomy":"giftcard-category","embeddable":true,"href":"https:\/\/skinstudio.ee\/lv\/wp-json\/wp\/v2\/giftcard-category?post=48245"}],"curies":[{"name":"wp","href":"https:\/\/api.w.org\/{rel}","templated":true}]}}