{"id":48250,"date":"2024-02-03T10:50:29","date_gmt":"2024-02-03T10:50:29","guid":{"rendered":"https:\/\/skinstudio.ee\/?post_type=product&#038;p=48250"},"modified":"2026-02-27T12:18:00","modified_gmt":"2026-02-27T12:18:00","slug":"fancy-match-lip-gloss","status":"publish","type":"product","link":"https:\/\/skinstudio.ee\/lv\/catalog\/instytutum-lv\/fancy-match-lip-gloss\/","title":{"rendered":"Fancy Match Lip Gloss"},"content":{"rendered":"<p data-start=\"64\" data-end=\"331\"><strong data-start=\"64\" data-end=\"103\">Fancy Match Lip Gloss no INSTYTUTUM<\/strong> &#8211; l\u016bpu sp\u012bdums, kas apvieno dekorat\u012bvo kosm\u0113tiku un maigu l\u016bpu kop\u0161anu vien\u0101 produkt\u0101. T\u0101 k\u016bsto\u0161\u0101, \u012bpa\u0161i maig\u0101 tekst\u016bra vienm\u0113r\u012bgi kl\u0101jas, nel\u012bp un rada stiklam l\u012bdz\u012bgu sp\u012bdumu, vizu\u0101li padarot l\u016bpas glud\u0101kas un izteiksm\u012bg\u0101kas.<\/p>\n<p data-start=\"333\" data-end=\"640\">Formula ir rad\u012bta ne tikai kr\u0101sai un mirdzumam, bet ar\u012b l\u016bpu dabisk\u0101s formas izcel\u0161anai. Viegla tirp\u0161anas un siltuma saj\u016bta p\u0113c uzkl\u0101\u0161anas rada vizu\u0101lu apjoma efektu, padarot kont\u016bru izteikt\u0101ku un virsmu glud\u0101ku. Sp\u012bdums akcent\u0113 l\u016bpas, pie\u0161\u0137irot t\u0101m koptu, piln\u012bg\u0101ku izskatu un komfortu visas dienas garum\u0101.<\/p>\n<p data-start=\"642\" data-end=\"772\">Univers\u0101lais tonis piel\u0101gojas dabiskajai l\u016bpu kr\u0101sai, t\u0101p\u0113c Fancy Match Lip Gloss lieliski papildina gan dienas, gan vakara grimu.<\/p>\n<p data-start=\"774\" data-end=\"795\"><strong data-start=\"774\" data-end=\"786\">Tilpums:<\/strong> 3,5 ml<\/p>\n","protected":false},"excerpt":{"rendered":"<p data-start=\"1029\" data-end=\"1064\">L\u016bpu sp\u012bdums ar kopjo\u0161u iedarb\u012bbu<\/p>\n<h2 data-start=\"1066\" data-end=\"1113\"><strong data-start=\"1066\" data-end=\"1113\">\u012apa\u0161\u012bbas INSTYTUTUM &#8211; Fancy Match Lip Gloss<\/strong><\/h2>\n<p data-start=\"1115\" data-end=\"1333\">\u2714\ufe0f Baro un mitrina l\u016bpas visas dienas garum\u0101<br data-start=\"1159\" data-end=\"1162\" \/>\u2714\ufe0f Nodro\u0161ina vizu\u0101lu apjoma efektu ar vieglu tirp\u0161anu<br data-start=\"1215\" data-end=\"1218\" \/>\u2714\ufe0f Univers\u0101ls tonis, kas piem\u0113rots daudziem<br data-start=\"1261\" data-end=\"1264\" \/>\u2714\ufe0f Liftinga un izl\u012bdzino\u0161s efekts<br data-start=\"1297\" data-end=\"1300\" \/>\u2714\ufe0f Nel\u012bp\u012bgs, komfortabls fini\u0161s<\/p>\n","protected":false},"featured_media":61426,"template":"","meta":[],"pwb-brand":[1207],"product_brand":[],"product_cat":[770,759],"product_tag":[],"giftcard-category":[],"class_list":{"0":"post-48250","1":"product","2":"type-product","3":"status-publish","4":"has-post-thumbnail","6":"pwb-brand-instytutum-lv","7":"product_cat-grims","8":"product_cat-lupu-kopsana","10":"first","11":"instock","12":"taxable","13":"shipping-taxable","14":"purchasable","15":"product-type-simple"},"acf":[],"brands":[{"id":1207,"name":"Instytutum","slug":"instytutum-lv"}],"_links":{"self":[{"href":"https:\/\/skinstudio.ee\/lv\/wp-json\/wp\/v2\/product\/48250","targetHints":{"allow":["GET"]}}],"collection":[{"href":"https:\/\/skinstudio.ee\/lv\/wp-json\/wp\/v2\/product"}],"about":[{"href":"https:\/\/skinstudio.ee\/lv\/wp-json\/wp\/v2\/types\/product"}],"version-history":[{"count":1,"href":"https:\/\/skinstudio.ee\/lv\/wp-json\/wp\/v2\/product\/48250\/revisions"}],"predecessor-version":[{"id":83910,"href":"https:\/\/skinstudio.ee\/lv\/wp-json\/wp\/v2\/product\/48250\/revisions\/83910"}],"wp:featuredmedia":[{"embeddable":true,"href":"https:\/\/skinstudio.ee\/lv\/wp-json\/wp\/v2\/media\/61426"}],"wp:attachment":[{"href":"https:\/\/skinstudio.ee\/lv\/wp-json\/wp\/v2\/media?parent=48250"}],"wp:term":[{"taxonomy":"pwb-brand","embeddable":true,"href":"https:\/\/skinstudio.ee\/lv\/wp-json\/wp\/v2\/pwb-brand?post=48250"},{"taxonomy":"product_brand","embeddable":true,"href":"https:\/\/skinstudio.ee\/lv\/wp-json\/wp\/v2\/product_brand?post=48250"},{"taxonomy":"product_cat","embeddable":true,"href":"https:\/\/skinstudio.ee\/lv\/wp-json\/wp\/v2\/product_cat?post=48250"},{"taxonomy":"product_tag","embeddable":true,"href":"https:\/\/skinstudio.ee\/lv\/wp-json\/wp\/v2\/product_tag?post=48250"},{"taxonomy":"giftcard-category","embeddable":true,"href":"https:\/\/skinstudio.ee\/lv\/wp-json\/wp\/v2\/giftcard-category?post=48250"}],"curies":[{"name":"wp","href":"https:\/\/api.w.org\/{rel}","templated":true}]}}