{"id":48355,"date":"2023-05-24T17:56:47","date_gmt":"2023-05-24T17:56:47","guid":{"rendered":"https:\/\/skinstudio.ee\/?post_type=product&#038;p=48355"},"modified":"2026-02-27T11:08:58","modified_gmt":"2026-02-27T11:08:58","slug":"brightening-vitamin-c-serum","status":"publish","type":"product","link":"https:\/\/skinstudio.ee\/lv\/catalog\/instytutum-lv\/brightening-vitamin-c-serum\/","title":{"rendered":"Brightening Vitamin C Serum"},"content":{"rendered":"<p data-start=\"140\" data-end=\"457\"><strong data-start=\"140\" data-end=\"185\">Brightening Vitamin C Serum no Instytutum<\/strong> &#8211; superkoncentr\u0113ts serums ar 15% stabilu C vitam\u012bna formu (THD), kas pal\u012bdz izl\u012bdzin\u0101t \u0101das toni, mazin\u0101t grumbi\u0146as un atjaunot mirdzumu. Formula apvieno jaun\u0101s paaudzes antioksidantus un akt\u012bv\u0101s vielas, lai iedarbotos uz pigment\u0101ciju, tvirtuma zudumu un bl\u0101vu \u0101das toni.<\/p>\n<p data-start=\"459\" data-end=\"590\">Izstr\u0101d\u0101ts ar <strong data-start=\"473\" data-end=\"500\">INSIDE &amp; OUT Technology<\/strong>, kas darbojas \u0161\u016bnu, audu un virsmas l\u012bmen\u012b, atbalstot elast\u012bbu un vienm\u0113r\u012bg\u0101ku \u0101das toni.<\/p>\n<p data-start=\"592\" data-end=\"631\"><strong data-start=\"592\" data-end=\"631\">Galveno akt\u012bvo sast\u0101vda\u013cu iedarb\u012bba<\/strong><\/p>\n<ul data-start=\"632\" data-end=\"953\">\n<li data-start=\"632\" data-end=\"758\">\n<p data-start=\"634\" data-end=\"758\"><strong data-start=\"634\" data-end=\"658\">15% C vitam\u012bns (THD)<\/strong> &#8211; nodro\u0161ina sp\u0113c\u012bgu antioksidantu aizsardz\u012bbu, izgaismo pigment\u0101ciju un stimul\u0113 kolag\u0113na sint\u0113zi.<\/p>\n<\/li>\n<li data-start=\"759\" data-end=\"859\">\n<p data-start=\"761\" data-end=\"859\"><strong data-start=\"761\" data-end=\"795\">3% niacinam\u012bds un Tripeptide-5<\/strong> &#8211; atbalsta tvirtumu, izl\u012bdzina toni un stiprina \u0101das barjeru.<\/p>\n<\/li>\n<li data-start=\"860\" data-end=\"953\">\n<p data-start=\"862\" data-end=\"953\"><strong data-start=\"862\" data-end=\"907\">Daudzmolekul\u0101r\u0101 hialuronsk\u0101be un skval\u0101ns<\/strong> &#8211; dzi\u013ci mitrina, m\u012bkstina un uzlabo elast\u012bbu.<\/p>\n<\/li>\n<\/ul>\n<p data-start=\"955\" data-end=\"1064\">Viegl\u0101, z\u012bdain\u0101 tekst\u016bra \u0101tri ies\u016bcas bez lip\u012bguma un ir piem\u0113rota ikdienas lieto\u0161anai, tostarp jut\u012bgai \u0101dai.<\/p>\n<p data-start=\"1066\" data-end=\"1309\"><strong data-start=\"1066\" data-end=\"1112\">Kam piem\u0113rots Brightening Vitamin C Serum:<\/strong> visiem \u0101das tipiem, \u012bpa\u0161i pigment\u0101cijas, p\u0113caknes p\u0113du, bl\u0101va to\u0146a un tvirtuma samazin\u0101\u0161an\u0101s gad\u012bjum\u0101. Piem\u0113rots lieto\u0161anai no r\u012bta vai vakar\u0101 k\u0101 da\u013ca no pretnoveco\u0161an\u0101s un izgaismojo\u0161as kop\u0161anas.<\/p>\n<p data-start=\"1311\" data-end=\"1331\"><strong data-start=\"1311\" data-end=\"1323\">Tilpums:<\/strong> 30 ml<\/p>\n","protected":false},"excerpt":{"rendered":"<p data-start=\"1656\" data-end=\"1688\">Izgaismojo\u0161s C vitam\u012bna serums<\/p>\n<h2 data-start=\"1690\" data-end=\"1743\"><strong data-start=\"1690\" data-end=\"1743\">\u012apa\u0161\u012bbas Instytutum &#8211; Brightening Vitamin C Serum<\/strong><\/h2>\n<p data-start=\"1745\" data-end=\"1997\">\u2714\ufe0f Izl\u012bdzina s\u012bk\u0101s grumbi\u0146as un uzlabo elast\u012bbu<br data-start=\"1792\" data-end=\"1795\" \/>\u2714\ufe0f Samazina pigment\u0101ciju un izl\u012bdzina toni<br data-start=\"1837\" data-end=\"1840\" \/>\u2714\ufe0f Dzi\u013ci mitrina un pie\u0161\u0137ir mirdzumu<br data-start=\"1876\" data-end=\"1879\" \/>\u2714\ufe0f Stiprina barjeru un nodro\u0161ina antioksidantu aizsardz\u012bbu<br data-start=\"1937\" data-end=\"1940\" \/>\u2714\ufe0f Samazina poru redzam\u012bbu un regul\u0113 sebuma izdal\u012b\u0161anos<\/p>\n","protected":false},"featured_media":78906,"template":"","meta":[],"pwb-brand":[1207],"product_brand":[],"product_cat":[729,764,745,737,749,743,751,739,723,747],"product_tag":[],"giftcard-category":[],"class_list":{"0":"post-48355","1":"product","2":"type-product","3":"status-publish","4":"has-post-thumbnail","6":"pwb-brand-instytutum-lv","7":"product_cat-c-vitamins","8":"product_cat-davanu-ideja","9":"product_cat-jutigai-adai","10":"product_cat-mitrinasana","11":"product_cat-novecojosa-ada","12":"product_cat-paplasinatas-poras","13":"product_cat-pigmentacija-lv","14":"product_cat-sausai-adai","15":"product_cat-serumi","16":"product_cat-taukainai-adai","18":"first","19":"instock","20":"taxable","21":"shipping-taxable","22":"purchasable","23":"product-type-simple"},"acf":[],"brands":[{"id":1207,"name":"Instytutum","slug":"instytutum-lv"}],"_links":{"self":[{"href":"https:\/\/skinstudio.ee\/lv\/wp-json\/wp\/v2\/product\/48355","targetHints":{"allow":["GET"]}}],"collection":[{"href":"https:\/\/skinstudio.ee\/lv\/wp-json\/wp\/v2\/product"}],"about":[{"href":"https:\/\/skinstudio.ee\/lv\/wp-json\/wp\/v2\/types\/product"}],"version-history":[{"count":2,"href":"https:\/\/skinstudio.ee\/lv\/wp-json\/wp\/v2\/product\/48355\/revisions"}],"predecessor-version":[{"id":83831,"href":"https:\/\/skinstudio.ee\/lv\/wp-json\/wp\/v2\/product\/48355\/revisions\/83831"}],"wp:featuredmedia":[{"embeddable":true,"href":"https:\/\/skinstudio.ee\/lv\/wp-json\/wp\/v2\/media\/78906"}],"wp:attachment":[{"href":"https:\/\/skinstudio.ee\/lv\/wp-json\/wp\/v2\/media?parent=48355"}],"wp:term":[{"taxonomy":"pwb-brand","embeddable":true,"href":"https:\/\/skinstudio.ee\/lv\/wp-json\/wp\/v2\/pwb-brand?post=48355"},{"taxonomy":"product_brand","embeddable":true,"href":"https:\/\/skinstudio.ee\/lv\/wp-json\/wp\/v2\/product_brand?post=48355"},{"taxonomy":"product_cat","embeddable":true,"href":"https:\/\/skinstudio.ee\/lv\/wp-json\/wp\/v2\/product_cat?post=48355"},{"taxonomy":"product_tag","embeddable":true,"href":"https:\/\/skinstudio.ee\/lv\/wp-json\/wp\/v2\/product_tag?post=48355"},{"taxonomy":"giftcard-category","embeddable":true,"href":"https:\/\/skinstudio.ee\/lv\/wp-json\/wp\/v2\/giftcard-category?post=48355"}],"curies":[{"name":"wp","href":"https:\/\/api.w.org\/{rel}","templated":true}]}}