{"id":48361,"date":"2023-05-24T17:56:47","date_gmt":"2023-05-24T17:56:47","guid":{"rendered":"https:\/\/skinstudio.ee\/?post_type=product&#038;p=48361"},"modified":"2026-02-27T11:29:29","modified_gmt":"2026-02-27T11:29:29","slug":"truly-transforming-brightening-eye-cream","status":"publish","type":"product","link":"https:\/\/skinstudio.ee\/lv\/catalog\/instytutum-lv\/truly-transforming-brightening-eye-cream\/","title":{"rendered":"Truly-Transforming Brightening Eye Cream"},"content":{"rendered":"<p data-start=\"123\" data-end=\"419\"><strong data-start=\"123\" data-end=\"181\">Truly-Transforming Brightening Eye Cream no Instytutum<\/strong> &#8211; sp\u0113c\u012bgs pretnoveco\u0161an\u0101s kop\u0161anas l\u012bdzeklis acu zonai, kas pal\u012bdz mazin\u0101t t\u016bsku, tum\u0161os lokus un tvirtuma zudumu. Kr\u0113ms atsvaidzina skatienu, izl\u012bdzina toni un pal\u012bdz nogludin\u0101t \u0101das reljefu, padarot acu zonu redzami glud\u0101ku un kopt\u0101ku.<\/p>\n<p data-start=\"421\" data-end=\"697\">Formula apvieno mitrino\u0161as, stiprino\u0161as un izgaismojo\u0161as sast\u0101vda\u013cas, kas atbalsta mikrocirkul\u0101ciju un pal\u012bdz stiprin\u0101t kapil\u0101ru strukt\u016bru. Tas samazina tum\u0161o loku redzam\u012bbu, mazina \u0161\u0137idruma aizturi un vizu\u0101li pace\u013c aug\u0161\u0113jo plaksti\u0146u, pie\u0161\u0137irot svaig\u0101ku un atv\u0113rt\u0101ku skatienu.<\/p>\n<p data-start=\"699\" data-end=\"738\"><strong data-start=\"699\" data-end=\"738\">Galveno akt\u012bvo sast\u0101vda\u013cu iedarb\u012bba<\/strong><\/p>\n<ul data-start=\"739\" data-end=\"1051\">\n<li data-start=\"739\" data-end=\"861\">\n<p data-start=\"741\" data-end=\"861\"><strong data-start=\"741\" data-end=\"796\">Daudzmolekul\u0101r\u0101 hialuronsk\u0101be un ave\u0146u cilmes \u0161\u016bnas<\/strong> &#8211; nodro\u0161ina daudzl\u012bme\u0146u mitrin\u0101\u0161anu un atbalsta \u0101das elast\u012bbu.<\/p>\n<\/li>\n<li data-start=\"862\" data-end=\"957\">\n<p data-start=\"864\" data-end=\"957\"><strong data-start=\"864\" data-end=\"904\">Kofe\u012bns un z\u012bda koka mizas ekstrakts<\/strong> &#8211; pal\u012bdz mazin\u0101t t\u016bsku un uzlabo mikrocirkul\u0101ciju.<\/p>\n<\/li>\n<li data-start=\"958\" data-end=\"1051\">\n<p data-start=\"960\" data-end=\"1051\"><strong data-start=\"960\" data-end=\"1005\">Tripeptide-5 un vitam\u012bns PP (niacinam\u012bds)<\/strong> &#8211; atbalsta \u0101das bl\u012bvumu un izgaismo acu zonu.<\/p>\n<\/li>\n<\/ul>\n<p data-start=\"1053\" data-end=\"1179\">Tekst\u016bra ir kr\u0113m\u012bga un komfortabla, viegli kl\u0101jas \u2014 \u0101tri ies\u016bcas, neatst\u0101j smaguma saj\u016btu un ir piem\u0113rota ikdienas lieto\u0161anai.<\/p>\n<p data-start=\"1181\" data-end=\"1336\"><strong data-start=\"1181\" data-end=\"1240\">Kam piem\u0113rots Truly-Transforming Brightening Eye Cream:<\/strong> acu zonai ar redzamu t\u016bsku, tum\u0161iem lokiem un agr\u012bn\u0101m tvirtuma un tonusa samazin\u0101\u0161an\u0101s paz\u012bm\u0113m.<\/p>\n<p data-start=\"1338\" data-end=\"1358\"><strong data-start=\"1338\" data-end=\"1350\">Tilpums:<\/strong> 15 ml<\/p>\n","protected":false},"excerpt":{"rendered":"<p data-start=\"1737\" data-end=\"1783\">Acu kr\u0113ms ar liftinga un izgaismojo\u0161u efektu<\/p>\n<h2 data-start=\"1785\" data-end=\"1851\"><strong data-start=\"1785\" data-end=\"1851\">\u012apa\u0161\u012bbas Instytutum &#8211; Truly-Transforming Brightening Eye Cream<\/strong><\/h2>\n<p data-start=\"1853\" data-end=\"2088\">\u2714\ufe0f Samazina t\u016bsku un maisi\u0146us zem ac\u012bm<br data-start=\"1891\" data-end=\"1894\" \/>\u2714\ufe0f Nogludina smalk\u0101s grumbi\u0146as un uzlabo tvirtumu<br data-start=\"1943\" data-end=\"1946\" \/>\u2714\ufe0f Izgaismo tum\u0161os lokus un izl\u012bdzina toni<br data-start=\"1988\" data-end=\"1991\" \/>\u2714\ufe0f Atbalsta \u0101das barjeru un mikrocirkul\u0101ciju<br data-start=\"2035\" data-end=\"2038\" \/>\u2714\ufe0f Intens\u012bvi mitrina un aizsarg\u0101 jut\u012bgo acu zonu<\/p>\n","protected":false},"featured_media":61456,"template":"","meta":[],"pwb-brand":[1207],"product_brand":[],"product_cat":[733,745,737,749,739,747],"product_tag":[],"giftcard-category":[],"class_list":{"0":"post-48361","1":"product","2":"type-product","3":"status-publish","4":"has-post-thumbnail","6":"pwb-brand-instytutum-lv","7":"product_cat-ada-ap-acim","8":"product_cat-jutigai-adai","9":"product_cat-mitrinasana","10":"product_cat-novecojosa-ada","11":"product_cat-sausai-adai","12":"product_cat-taukainai-adai","14":"first","15":"instock","16":"taxable","17":"shipping-taxable","18":"purchasable","19":"product-type-simple"},"acf":[],"brands":[{"id":1207,"name":"Instytutum","slug":"instytutum-lv"}],"_links":{"self":[{"href":"https:\/\/skinstudio.ee\/lv\/wp-json\/wp\/v2\/product\/48361","targetHints":{"allow":["GET"]}}],"collection":[{"href":"https:\/\/skinstudio.ee\/lv\/wp-json\/wp\/v2\/product"}],"about":[{"href":"https:\/\/skinstudio.ee\/lv\/wp-json\/wp\/v2\/types\/product"}],"version-history":[{"count":1,"href":"https:\/\/skinstudio.ee\/lv\/wp-json\/wp\/v2\/product\/48361\/revisions"}],"predecessor-version":[{"id":83844,"href":"https:\/\/skinstudio.ee\/lv\/wp-json\/wp\/v2\/product\/48361\/revisions\/83844"}],"wp:featuredmedia":[{"embeddable":true,"href":"https:\/\/skinstudio.ee\/lv\/wp-json\/wp\/v2\/media\/61456"}],"wp:attachment":[{"href":"https:\/\/skinstudio.ee\/lv\/wp-json\/wp\/v2\/media?parent=48361"}],"wp:term":[{"taxonomy":"pwb-brand","embeddable":true,"href":"https:\/\/skinstudio.ee\/lv\/wp-json\/wp\/v2\/pwb-brand?post=48361"},{"taxonomy":"product_brand","embeddable":true,"href":"https:\/\/skinstudio.ee\/lv\/wp-json\/wp\/v2\/product_brand?post=48361"},{"taxonomy":"product_cat","embeddable":true,"href":"https:\/\/skinstudio.ee\/lv\/wp-json\/wp\/v2\/product_cat?post=48361"},{"taxonomy":"product_tag","embeddable":true,"href":"https:\/\/skinstudio.ee\/lv\/wp-json\/wp\/v2\/product_tag?post=48361"},{"taxonomy":"giftcard-category","embeddable":true,"href":"https:\/\/skinstudio.ee\/lv\/wp-json\/wp\/v2\/giftcard-category?post=48361"}],"curies":[{"name":"wp","href":"https:\/\/api.w.org\/{rel}","templated":true}]}}