{"id":48372,"date":"2023-05-24T17:56:47","date_gmt":"2023-05-24T17:56:47","guid":{"rendered":"https:\/\/skinstudio.ee\/?post_type=product&#038;p=48372"},"modified":"2026-02-27T11:46:08","modified_gmt":"2026-02-27T11:46:08","slug":"advanced-retinol-toner","status":"publish","type":"product","link":"https:\/\/skinstudio.ee\/lv\/catalog\/instytutum\/advanced-retinol-toner\/","title":{"rendered":"Advanced Retinol Toner"},"content":{"rendered":"<p data-start=\"113\" data-end=\"364\"><strong data-start=\"113\" data-end=\"153\">Advanced Retinol Toner no Instytutum<\/strong> &#8211; uzlabots retinola toniks, kas pal\u012bdz izl\u012bdzin\u0101t \u0101das toni, samazin\u0101t l\u012bnijas un grumbas un stimul\u0113t \u0101das atjauno\u0161anos. Tas darbojas k\u0101 akt\u012bvs vakara kop\u0161anas solis, sagatavojot \u0101du seruma un kr\u0113ma uzkl\u0101\u0161anai.<\/p>\n<p data-start=\"366\" data-end=\"630\">Formula izmanto patent\u0113tu micro-encapsulated stable retinol tehnolo\u0123iju, kas nodro\u0161ina kontrol\u0113tu akt\u012bv\u0101s vielas atbr\u012bvo\u0161anos un efekt\u012bv\u0101ku iek\u013c\u016b\u0161anu epiderm\u0101, vienlaikus samazinot kairin\u0101juma risku. Toniks veicina pak\u0101penisku \u0101das atjauno\u0161anos un uzlabo tekst\u016bru.<\/p>\n<p data-start=\"632\" data-end=\"671\"><strong data-start=\"632\" data-end=\"671\">Galveno akt\u012bvo sast\u0101vda\u013cu iedarb\u012bba<\/strong><\/p>\n<ul data-start=\"672\" data-end=\"951\">\n<li data-start=\"672\" data-end=\"768\">\n<p data-start=\"674\" data-end=\"768\"><strong data-start=\"674\" data-end=\"711\">Micro-encapsulated stable retinol<\/strong> &#8211; stimul\u0113 \u0161\u016bnu atjauno\u0161anos un pal\u012bdz mazin\u0101t grumbas.<\/p>\n<\/li>\n<li data-start=\"769\" data-end=\"867\">\n<p data-start=\"771\" data-end=\"867\"><strong data-start=\"771\" data-end=\"797\">Meln\u0101s rozes ekstrakts<\/strong> &#8211; regul\u0113 sebuma izdal\u012b\u0161anos un nodro\u0161ina antioksidantu aizsardz\u012bbu.<\/p>\n<\/li>\n<li data-start=\"868\" data-end=\"951\">\n<p data-start=\"870\" data-end=\"951\"><strong data-start=\"870\" data-end=\"901\">Provitam\u012bns B5 un alanto\u012bns<\/strong> &#8211; mitrina, nomierina un pal\u012bdz mazin\u0101t aps\u0101rtumu.<\/p>\n<\/li>\n<\/ul>\n<p data-start=\"953\" data-end=\"1095\">Rezult\u0101ts &#8211; \u0101da izskat\u0101s glud\u0101ka, vienm\u0113r\u012bg\u0101ka un svaig\u0101ka, samazin\u0101s l\u012bniju un pigment\u0101cijas redzam\u012bba, uzlabojas maigums un komforta saj\u016bta.<\/p>\n<p data-start=\"1097\" data-end=\"1284\"><strong data-start=\"1097\" data-end=\"1138\">Kam piem\u0113rots Advanced Retinol Toner:<\/strong> \u0101dai ar redzam\u0101m noveco\u0161an\u0101s paz\u012bm\u0113m, nevienm\u0113r\u012bgu toni, papla\u0161in\u0101t\u0101m por\u0101m un bl\u0101vumu. Piem\u0113rots retinola pak\u0101peniskai ievie\u0161anai vakara rut\u012bn\u0101.<\/p>\n<p data-start=\"1286\" data-end=\"1315\"><strong data-start=\"1286\" data-end=\"1298\">Tilpums:<\/strong> 50 ml \/ 150 ml<\/p>\n","protected":false},"excerpt":{"rendered":"<p data-start=\"1705\" data-end=\"1747\">Intens\u012bvs atjaunojo\u0161s toniks ar retinolu<\/p>\n<h2 data-start=\"1749\" data-end=\"1797\"><strong data-start=\"1749\" data-end=\"1797\">\u012apa\u0161\u012bbas Instytutum &#8211; Advanced Retinol Toner<\/strong><\/h2>\n<p data-start=\"1799\" data-end=\"2058\">\u2714\ufe0f Samazina smalko l\u012bniju un grumbu redzam\u012bbu<br data-start=\"1844\" data-end=\"1847\" \/>\u2714\ufe0f Izl\u012bdzina toni un mazina tum\u0161os plankumus<br data-start=\"1891\" data-end=\"1894\" \/>\u2714\ufe0f Veicina \u0161\u016bnu atjauno\u0161anos un kolag\u0113na sint\u0113zi<br data-start=\"1942\" data-end=\"1945\" \/>\u2714\ufe0f Mitrina, nomierina un mazina aps\u0101rtumu<br data-start=\"1986\" data-end=\"1989\" \/>\u2714\ufe0f Regul\u0113 sebuma izdal\u012b\u0161anos un nodro\u0161ina antioksidantu aizsardz\u012bbu<\/p>\n","protected":false},"featured_media":61486,"template":"","meta":[],"pwb-brand":[1207],"product_brand":[],"product_cat":[727,741,749,743,751,739,747,721,753],"product_tag":[],"giftcard-category":[],"class_list":{"0":"post-48372","1":"product","2":"type-product","3":"status-publish","4":"has-post-thumbnail","6":"pwb-brand-instytutum","7":"product_cat-a-vitamins-retinols","8":"product_cat-izsitumi","9":"product_cat-novecojosa-ada","10":"product_cat-paplasinatas-poras","11":"product_cat-pigmentacija-lv","12":"product_cat-sausai-adai","13":"product_cat-taukainai-adai","14":"product_cat-toniki-lv","15":"product_cat-travel-size-lv","16":"pa_suurus-150ml-lv","17":"pa_suurus-50ml-lv","19":"first","20":"instock","21":"taxable","22":"shipping-taxable","23":"purchasable","24":"product-type-variable"},"acf":[],"brands":[{"id":1207,"name":"Instytutum","slug":"instytutum"}],"_links":{"self":[{"href":"https:\/\/skinstudio.ee\/lv\/wp-json\/wp\/v2\/product\/48372","targetHints":{"allow":["GET"]}}],"collection":[{"href":"https:\/\/skinstudio.ee\/lv\/wp-json\/wp\/v2\/product"}],"about":[{"href":"https:\/\/skinstudio.ee\/lv\/wp-json\/wp\/v2\/types\/product"}],"version-history":[{"count":2,"href":"https:\/\/skinstudio.ee\/lv\/wp-json\/wp\/v2\/product\/48372\/revisions"}],"predecessor-version":[{"id":83865,"href":"https:\/\/skinstudio.ee\/lv\/wp-json\/wp\/v2\/product\/48372\/revisions\/83865"}],"wp:featuredmedia":[{"embeddable":true,"href":"https:\/\/skinstudio.ee\/lv\/wp-json\/wp\/v2\/media\/61486"}],"wp:attachment":[{"href":"https:\/\/skinstudio.ee\/lv\/wp-json\/wp\/v2\/media?parent=48372"}],"wp:term":[{"taxonomy":"pwb-brand","embeddable":true,"href":"https:\/\/skinstudio.ee\/lv\/wp-json\/wp\/v2\/pwb-brand?post=48372"},{"taxonomy":"product_brand","embeddable":true,"href":"https:\/\/skinstudio.ee\/lv\/wp-json\/wp\/v2\/product_brand?post=48372"},{"taxonomy":"product_cat","embeddable":true,"href":"https:\/\/skinstudio.ee\/lv\/wp-json\/wp\/v2\/product_cat?post=48372"},{"taxonomy":"product_tag","embeddable":true,"href":"https:\/\/skinstudio.ee\/lv\/wp-json\/wp\/v2\/product_tag?post=48372"},{"taxonomy":"giftcard-category","embeddable":true,"href":"https:\/\/skinstudio.ee\/lv\/wp-json\/wp\/v2\/giftcard-category?post=48372"}],"curies":[{"name":"wp","href":"https:\/\/api.w.org\/{rel}","templated":true}]}}