{"id":48386,"date":"2023-05-24T17:56:47","date_gmt":"2023-05-24T17:56:47","guid":{"rendered":"https:\/\/skinstudio.ee\/?post_type=product&#038;p=48386"},"modified":"2026-02-27T11:50:54","modified_gmt":"2026-02-27T11:50:54","slug":"flawless-pads","status":"publish","type":"product","link":"https:\/\/skinstudio.ee\/lv\/catalog\/instytutum-lv\/flawless-pads\/","title":{"rendered":"Flawless Pads"},"content":{"rendered":"<p data-start=\"113\" data-end=\"380\"><strong data-start=\"113\" data-end=\"144\">Flawless Pads no Instytutum<\/strong> &#8211; ikdienas daudzsk\u0101bju p\u012blinga l\u012bdzeklis iepriek\u0161 samitrin\u0101tu salve\u0161u form\u0101t\u0101, kas atjauno, izl\u012bdzina un atsvaidzina \u0101du. Formula nodro\u0161ina maigu, bet efekt\u012bvu eksfoli\u0101ciju, uzlabo tekst\u016bru un atjauno glud\u0101ku, starojo\u0161\u0101ku \u0101das izskatu.<\/p>\n<p data-start=\"382\" data-end=\"534\">Salvetes darbojas k\u0101 akt\u012bvs kop\u0161anas solis, veicinot pak\u0101penisku atjauno\u0161anos, samazinot poras un uzlabojot kop\u0113jo \u0101das toni regul\u0101ras lieto\u0161anas laik\u0101.<\/p>\n<p data-start=\"536\" data-end=\"575\"><strong data-start=\"536\" data-end=\"575\">Galveno akt\u012bvo sast\u0101vda\u013cu iedarb\u012bba<\/strong><\/p>\n<ul data-start=\"576\" data-end=\"888\">\n<li data-start=\"576\" data-end=\"712\">\n<p data-start=\"578\" data-end=\"712\"><strong data-start=\"578\" data-end=\"650\">Sk\u0101bju komplekss (glikolsk\u0101be, piensk\u0101be, citronsk\u0101be, salicilsk\u0101be)<\/strong> &#8211; maigi no\u0146em atmiru\u0161\u0101s \u0161\u016bnas un stimul\u0113 \u0101das atjauno\u0161anos.<\/p>\n<\/li>\n<li data-start=\"713\" data-end=\"781\">\n<p data-start=\"715\" data-end=\"781\"><strong data-start=\"715\" data-end=\"730\">Niacinam\u012bds<\/strong> &#8211; izl\u012bdzina toni un pal\u012bdz mazin\u0101t pigment\u0101ciju.<\/p>\n<\/li>\n<li data-start=\"782\" data-end=\"888\">\n<p data-start=\"784\" data-end=\"888\"><strong data-start=\"784\" data-end=\"841\">Provitam\u012bns B5, hialuronsk\u0101be un portulakas ekstrakts<\/strong> &#8211; mitrina, nomierina un atbalsta \u0101das barjeru.<\/p>\n<\/li>\n<\/ul>\n<p data-start=\"890\" data-end=\"1042\">Rezult\u0101ts \u2014 \u0101da izskat\u0101s glud\u0101ka, t\u012br\u0101ka un vienm\u0113r\u012bg\u0101ka, samazin\u0101s poru, tum\u0161o plankumu un smalko l\u012bniju redzam\u012bba, par\u0101d\u0101s svaigs un dabisks mirdzums.<\/p>\n<p data-start=\"1044\" data-end=\"1234\"><strong data-start=\"1044\" data-end=\"1077\">Kam piem\u0113rotas Flawless Pads:<\/strong> \u0101dai ar nevienm\u0113r\u012bgu tekst\u016bru, papla\u0161in\u0101t\u0101m por\u0101m, bl\u0101vu toni un pigment\u0101cijas paz\u012bm\u0113m. Piem\u0113rotas sk\u0101bju pak\u0101peniskai ievie\u0161anai atbilsto\u0161i \u0101das jut\u012bgumam.<\/p>\n<p data-start=\"1236\" data-end=\"1258\"><strong data-start=\"1236\" data-end=\"1248\">Tilpums:<\/strong> 60 gab.<\/p>\n","protected":false},"excerpt":{"rendered":"<p data-start=\"1681\" data-end=\"1734\">Mitrino\u0161as sk\u0101bju salvetes dzi\u013cai \u0101das atjauno\u0161anai<\/p>\n<h2 data-start=\"1736\" data-end=\"1775\"><strong data-start=\"1736\" data-end=\"1775\">\u012apa\u0161\u012bbas Instytutum &#8211; Flawless Pads<\/strong><\/h2>\n<p data-start=\"1777\" data-end=\"2005\">\u2714\ufe0f Maigi atjauno \u0101du, no\u0146emot atmiru\u0161\u0101s \u0161\u016bnas<br data-start=\"1822\" data-end=\"1825\" \/>\u2714\ufe0f Samazina poras un uzlabo tekst\u016bru<br data-start=\"1861\" data-end=\"1864\" \/>\u2714\ufe0f Izgaismo tum\u0161os plankumus un mazina hiperpigment\u0101ciju<br data-start=\"1920\" data-end=\"1923\" \/>\u2714\ufe0f Samazina smalk\u0101s l\u012bnijas un noveco\u0161an\u0101s paz\u012bmes<br data-start=\"1973\" data-end=\"1976\" \/>\u2714\ufe0f Mitrina un nomierina \u0101du<\/p>\n","protected":false},"featured_media":62630,"template":"","meta":[],"pwb-brand":[1207],"product_brand":[],"product_cat":[741,749,743,751,719,747,721],"product_tag":[],"giftcard-category":[],"class_list":{"0":"post-48386","1":"product","2":"type-product","3":"status-publish","4":"has-post-thumbnail","6":"pwb-brand-instytutum-lv","7":"product_cat-izsitumi","8":"product_cat-novecojosa-ada","9":"product_cat-paplasinatas-poras","10":"product_cat-pigmentacija-lv","11":"product_cat-skrubji-un-pilingi","12":"product_cat-taukainai-adai","13":"product_cat-toniki-lv","15":"first","16":"instock","17":"taxable","18":"shipping-taxable","19":"purchasable","20":"product-type-simple"},"acf":[],"brands":[{"id":1207,"name":"Instytutum","slug":"instytutum-lv"}],"_links":{"self":[{"href":"https:\/\/skinstudio.ee\/lv\/wp-json\/wp\/v2\/product\/48386","targetHints":{"allow":["GET"]}}],"collection":[{"href":"https:\/\/skinstudio.ee\/lv\/wp-json\/wp\/v2\/product"}],"about":[{"href":"https:\/\/skinstudio.ee\/lv\/wp-json\/wp\/v2\/types\/product"}],"version-history":[{"count":1,"href":"https:\/\/skinstudio.ee\/lv\/wp-json\/wp\/v2\/product\/48386\/revisions"}],"predecessor-version":[{"id":83870,"href":"https:\/\/skinstudio.ee\/lv\/wp-json\/wp\/v2\/product\/48386\/revisions\/83870"}],"wp:featuredmedia":[{"embeddable":true,"href":"https:\/\/skinstudio.ee\/lv\/wp-json\/wp\/v2\/media\/62630"}],"wp:attachment":[{"href":"https:\/\/skinstudio.ee\/lv\/wp-json\/wp\/v2\/media?parent=48386"}],"wp:term":[{"taxonomy":"pwb-brand","embeddable":true,"href":"https:\/\/skinstudio.ee\/lv\/wp-json\/wp\/v2\/pwb-brand?post=48386"},{"taxonomy":"product_brand","embeddable":true,"href":"https:\/\/skinstudio.ee\/lv\/wp-json\/wp\/v2\/product_brand?post=48386"},{"taxonomy":"product_cat","embeddable":true,"href":"https:\/\/skinstudio.ee\/lv\/wp-json\/wp\/v2\/product_cat?post=48386"},{"taxonomy":"product_tag","embeddable":true,"href":"https:\/\/skinstudio.ee\/lv\/wp-json\/wp\/v2\/product_tag?post=48386"},{"taxonomy":"giftcard-category","embeddable":true,"href":"https:\/\/skinstudio.ee\/lv\/wp-json\/wp\/v2\/giftcard-category?post=48386"}],"curies":[{"name":"wp","href":"https:\/\/api.w.org\/{rel}","templated":true}]}}