{"id":48393,"date":"2023-05-24T17:56:47","date_gmt":"2023-05-24T17:56:47","guid":{"rendered":"https:\/\/skinstudio.ee\/?post_type=product&#038;p=48393"},"modified":"2026-02-27T11:56:42","modified_gmt":"2026-02-27T11:56:42","slug":"powerful-retinoil","status":"publish","type":"product","link":"https:\/\/skinstudio.ee\/lv\/catalog\/instytutum-lv\/powerful-retinoil\/","title":{"rendered":"Powerful RetinOil"},"content":{"rendered":"<p data-start=\"113\" data-end=\"423\"><strong data-start=\"113\" data-end=\"149\">Powerful RetinOil no Instytutum<\/strong> &#8211; grezna retino\u012bdu e\u013c\u013ca sejai, kaklam un dekolt\u0113 zonai, kas nodro\u0161ina intens\u012bvu baro\u0161anu, atjauno\u0161anu un noveco\u0161an\u0101s paz\u012bmju korekciju. Formula ir v\u0113rsta uz grumb\u0101m, pigment\u0101ciju, nevienm\u0113r\u012bgu tekst\u016bru un tvirtuma zudumu, pal\u012bdzot atjaunot glud\u0101ku un svaig\u0101ku \u0101das izskatu.<\/p>\n<p data-start=\"425\" data-end=\"615\">E\u013c\u013ca apvieno progres\u012bvu retino\u012bdu tehnolo\u0123iju ar v\u0113rt\u012bgu augu e\u013c\u013cu kompleksu, radot daudzsl\u0101\u0146ainu barojo\u0161u kop\u0161anu, kas atbalsta \u0101das re\u0123ener\u0101ciju un pal\u012bdz saglab\u0101t t\u0101s bl\u012bvumu un elast\u012bbu.<\/p>\n<p data-start=\"617\" data-end=\"656\"><strong data-start=\"617\" data-end=\"656\">Galveno akt\u012bvo sast\u0101vda\u013cu iedarb\u012bba<\/strong><\/p>\n<ul data-start=\"657\" data-end=\"949\">\n<li data-start=\"657\" data-end=\"769\">\n<p data-start=\"659\" data-end=\"769\"><strong data-start=\"659\" data-end=\"712\">Granactive Retinoid (Hydroxypinacolone Retinoate)<\/strong> &#8211; stimul\u0113 \u0101das atjauno\u0161anos un pal\u012bdz mazin\u0101t grumbas.<\/p>\n<\/li>\n<li data-start=\"770\" data-end=\"851\">\n<p data-start=\"772\" data-end=\"851\"><strong data-start=\"772\" data-end=\"786\">Bakuchiols<\/strong> &#8211; pastiprina pretnoveco\u0161an\u0101s efektu un pal\u012bdz izl\u012bdzin\u0101t toni.<\/p>\n<\/li>\n<li data-start=\"852\" data-end=\"949\">\n<p data-start=\"854\" data-end=\"949\"><strong data-start=\"854\" data-end=\"897\">15 v\u0113rt\u012bgas e\u013c\u013cas un ave\u0146u cilmes \u0161\u016bnas<\/strong> &#8211; baro, m\u012bkstina un atbalsta barjeras atjauno\u0161anos.<\/p>\n<\/li>\n<\/ul>\n<p data-start=\"951\" data-end=\"1095\">Rezult\u0101ts &#8211; \u0101da k\u013c\u016bst glud\u0101ka, vienm\u0113r\u012bg\u0101ka un starojo\u0161\u0101ka, samazin\u0101s grumbu un tum\u0161o plankumu redzam\u012bba, uzlabojas tvirtums un komforta saj\u016bta.<\/p>\n<p data-start=\"1097\" data-end=\"1285\"><strong data-start=\"1097\" data-end=\"1134\">Kam piem\u0113rots Powerful Retin Oil:<\/strong> \u0101dai ar redzam\u0101m noveco\u0161an\u0101s paz\u012bm\u0113m, sausumu, nevienm\u0113r\u012bgu tekst\u016bru un samazin\u0101tu tvirtumu. Piem\u0113rots vakara lieto\u0161anai ar labu retino\u012bdu panesam\u012bbu.<\/p>\n<p data-start=\"1287\" data-end=\"1307\"><strong data-start=\"1287\" data-end=\"1299\">Tilpums:<\/strong> 30 ml<\/p>\n","protected":false},"excerpt":{"rendered":"<p data-start=\"1753\" data-end=\"1780\">Koncentr\u0113ta retinola e\u013c\u013ca<\/p>\n<h2 data-start=\"1782\" data-end=\"1825\"><strong data-start=\"1782\" data-end=\"1825\">\u012apa\u0161\u012bbas Instytutum &#8211; Powerful RetinOil<\/strong><\/h2>\n<p data-start=\"1827\" data-end=\"2075\">\u2714\ufe0f Redzami izl\u012bdzina grumbas un mazina noveco\u0161an\u0101s paz\u012bmes<br data-start=\"1885\" data-end=\"1888\" \/>\u2714\ufe0f Uzlabo toni un tekst\u016bru, sa\u0161aurina poras<br data-start=\"1931\" data-end=\"1934\" \/>\u2714\ufe0f Palielina \u0101das tvirtumu un bl\u012bvumu<br data-start=\"1971\" data-end=\"1974\" \/>\u2714\ufe0f Intens\u012bvi baro, mitrina un veicina re\u0123ener\u0101ciju<br data-start=\"2024\" data-end=\"2027\" \/>\u2714\ufe0f Izgaismo tum\u0161os plankumus un mazina bl\u0101vumu<\/p>\n","protected":false},"featured_media":61511,"template":"","meta":[],"pwb-brand":[1207],"product_brand":[],"product_cat":[727,735,737,749,751,739],"product_tag":[],"giftcard-category":[],"class_list":{"0":"post-48393","1":"product","2":"type-product","3":"status-publish","4":"has-post-thumbnail","6":"pwb-brand-instytutum-lv","7":"product_cat-a-vitamins-retinols","8":"product_cat-dekolte-zona","9":"product_cat-mitrinasana","10":"product_cat-novecojosa-ada","11":"product_cat-pigmentacija-lv","12":"product_cat-sausai-adai","14":"first","15":"instock","16":"taxable","17":"shipping-taxable","18":"purchasable","19":"product-type-simple"},"acf":[],"brands":[{"id":1207,"name":"Instytutum","slug":"instytutum-lv"}],"_links":{"self":[{"href":"https:\/\/skinstudio.ee\/lv\/wp-json\/wp\/v2\/product\/48393","targetHints":{"allow":["GET"]}}],"collection":[{"href":"https:\/\/skinstudio.ee\/lv\/wp-json\/wp\/v2\/product"}],"about":[{"href":"https:\/\/skinstudio.ee\/lv\/wp-json\/wp\/v2\/types\/product"}],"version-history":[{"count":2,"href":"https:\/\/skinstudio.ee\/lv\/wp-json\/wp\/v2\/product\/48393\/revisions"}],"predecessor-version":[{"id":83878,"href":"https:\/\/skinstudio.ee\/lv\/wp-json\/wp\/v2\/product\/48393\/revisions\/83878"}],"wp:featuredmedia":[{"embeddable":true,"href":"https:\/\/skinstudio.ee\/lv\/wp-json\/wp\/v2\/media\/61511"}],"wp:attachment":[{"href":"https:\/\/skinstudio.ee\/lv\/wp-json\/wp\/v2\/media?parent=48393"}],"wp:term":[{"taxonomy":"pwb-brand","embeddable":true,"href":"https:\/\/skinstudio.ee\/lv\/wp-json\/wp\/v2\/pwb-brand?post=48393"},{"taxonomy":"product_brand","embeddable":true,"href":"https:\/\/skinstudio.ee\/lv\/wp-json\/wp\/v2\/product_brand?post=48393"},{"taxonomy":"product_cat","embeddable":true,"href":"https:\/\/skinstudio.ee\/lv\/wp-json\/wp\/v2\/product_cat?post=48393"},{"taxonomy":"product_tag","embeddable":true,"href":"https:\/\/skinstudio.ee\/lv\/wp-json\/wp\/v2\/product_tag?post=48393"},{"taxonomy":"giftcard-category","embeddable":true,"href":"https:\/\/skinstudio.ee\/lv\/wp-json\/wp\/v2\/giftcard-category?post=48393"}],"curies":[{"name":"wp","href":"https:\/\/api.w.org\/{rel}","templated":true}]}}