{"id":48462,"date":"2025-06-09T12:46:11","date_gmt":"2025-06-09T12:46:11","guid":{"rendered":"https:\/\/skinstudio.ee\/?post_type=product&#038;p=48462"},"modified":"2026-03-13T13:21:16","modified_gmt":"2026-03-13T13:21:16","slug":"collagen-reactive-pm","status":"publish","type":"product","link":"https:\/\/skinstudio.ee\/lv\/catalog\/hydropeptide-lv\/collagen-reactive-pm\/","title":{"rendered":"Collagen Reactive PM"},"content":{"rendered":"<p data-start=\"3475\" data-end=\"3806\"><strong data-start=\"3475\" data-end=\"3517\">Collagen ReActivate PM no HydroPeptide<\/strong> &#8211; augstas efektivit\u0101tes nakts seruma kr\u0113ms, kas paredz\u0113ts intens\u012bvai \u0101das atjauno\u0161anai un \u0101das elast\u012bbas atbalstam miega laik\u0101. Formula apvieno pept\u012bdus, maigu retino\u012bdu un antioksidantus, kas pal\u012bdz aktiviz\u0113t \u0101das atjauno\u0161an\u0101s procesus, atbalsta kolag\u0113na sint\u0113zi un uzlabo \u0101das tekst\u016bru.<\/p>\n<p data-start=\"3808\" data-end=\"4132\">Patent\u0113t\u0101 <strong data-start=\"3818\" data-end=\"3828\">NIMNI\u2122<\/strong> tehnolo\u0123ija stimul\u0113 kolag\u0113na veido\u0161anos da\u017e\u0101dos \u0101das l\u012bme\u0146os. Kombin\u0101cij\u0101 ar pept\u012bdiem un mitrino\u0161iem komponentiem formula pal\u012bdz palielin\u0101t \u0101das bl\u012bvumu un elast\u012bbu, izl\u012bdzin\u0101t grumbas un redzami uzlabot \u0101das toni un tekst\u016bru. Jau p\u0113c da\u017e\u0101m lieto\u0161anas reiz\u0113m \u0101da izskat\u0101s glud\u0101ka, tvirt\u0101ka un svaig\u0101ka.<\/p>\n<p data-start=\"4134\" data-end=\"4164\"><strong data-start=\"4134\" data-end=\"4164\">Akt\u012bvo komponentu darb\u012bba:<\/strong><\/p>\n<p data-start=\"4166\" data-end=\"4285\">\u2022 <strong data-start=\"4168\" data-end=\"4214\">NIMNI\u2122 Technology + Palmitoyl Tripeptide-5<\/strong>: stimul\u0113 kolag\u0113na sint\u0113zi un pal\u012bdz uzlabot \u0101das bl\u012bvumu un elast\u012bbu<\/p>\n<p data-start=\"4287\" data-end=\"4397\">\u2022 <strong data-start=\"4289\" data-end=\"4317\">Retinyl Sunflowerseedate<\/strong>: maigs retino\u012bds, kas veicina \u0101das atjauno\u0161anos un pal\u012bdz izl\u012bdzin\u0101t tekst\u016bru<\/p>\n<p data-start=\"4399\" data-end=\"4499\">\u2022 <strong data-start=\"4401\" data-end=\"4435\">Sodium Hyaluronate + Panthenol<\/strong>: nodro\u0161ina dzi\u013cu mitrin\u0101\u0161anu un pal\u012bdz saglab\u0101t \u0101das komfortu<\/p>\n<p data-start=\"4501\" data-end=\"4619\"><strong data-start=\"4501\" data-end=\"4541\">Kam piem\u0113rots Collagen ReActivate PM<\/strong>: nobriedu\u0161ai, bl\u0101vai un noguru\u0161ai \u0101dai ar elast\u012bbas zuduma un grumbu paz\u012bm\u0113m.<\/p>\n<p data-start=\"4621\" data-end=\"4639\"><strong data-start=\"4621\" data-end=\"4633\">Tilpums:<\/strong> 30 ml<\/p>\n","protected":false},"excerpt":{"rendered":"<p data-start=\"4717\" data-end=\"4751\">Kolag\u0113nu aktiviz\u0113jo\u0161s nakts serums<\/p>\n<h2 data-start=\"4753\" data-end=\"4801\"><strong data-start=\"4753\" data-end=\"4801\">\u012apa\u0161\u012bbas HydroPeptide &#8211; Collagen Reactive PM<\/strong><\/h2>\n<p data-start=\"4803\" data-end=\"5007\">\u2714\ufe0f Akt\u012bvi stimul\u0113 kolag\u0113na veido\u0161anos<br data-start=\"4840\" data-end=\"4843\" \/>\u2714\ufe0f Uzlabo \u0101das bl\u012bvumu un elast\u012bbu<br data-start=\"4877\" data-end=\"4880\" \/>\u2714\ufe0f Izl\u012bdzina grumbas un tekst\u016bras nevienm\u0113r\u012bbu<br data-start=\"4926\" data-end=\"4929\" \/>\u2714\ufe0f Uzlabo \u0101das toni un kop\u0113jo izskatu<br data-start=\"4966\" data-end=\"4969\" \/>\u2714\ufe0f Nodro\u0161ina antioksidantu aizsardz\u012bbu<\/p>\n","protected":false},"featured_media":61638,"template":"","meta":[],"pwb-brand":[1211],"product_brand":[],"product_cat":[727,737,749],"product_tag":[],"giftcard-category":[],"class_list":{"0":"post-48462","1":"product","2":"type-product","3":"status-publish","4":"has-post-thumbnail","6":"pwb-brand-hydropeptide-lv","7":"product_cat-a-vitamins-retinols","8":"product_cat-mitrinasana","9":"product_cat-novecojosa-ada","11":"first","12":"instock","13":"taxable","14":"shipping-taxable","15":"purchasable","16":"product-type-simple"},"acf":[],"brands":[{"id":1211,"name":"HydroPeptide","slug":"hydropeptide-lv"}],"_links":{"self":[{"href":"https:\/\/skinstudio.ee\/lv\/wp-json\/wp\/v2\/product\/48462","targetHints":{"allow":["GET"]}}],"collection":[{"href":"https:\/\/skinstudio.ee\/lv\/wp-json\/wp\/v2\/product"}],"about":[{"href":"https:\/\/skinstudio.ee\/lv\/wp-json\/wp\/v2\/types\/product"}],"version-history":[{"count":1,"href":"https:\/\/skinstudio.ee\/lv\/wp-json\/wp\/v2\/product\/48462\/revisions"}],"predecessor-version":[{"id":85703,"href":"https:\/\/skinstudio.ee\/lv\/wp-json\/wp\/v2\/product\/48462\/revisions\/85703"}],"wp:featuredmedia":[{"embeddable":true,"href":"https:\/\/skinstudio.ee\/lv\/wp-json\/wp\/v2\/media\/61638"}],"wp:attachment":[{"href":"https:\/\/skinstudio.ee\/lv\/wp-json\/wp\/v2\/media?parent=48462"}],"wp:term":[{"taxonomy":"pwb-brand","embeddable":true,"href":"https:\/\/skinstudio.ee\/lv\/wp-json\/wp\/v2\/pwb-brand?post=48462"},{"taxonomy":"product_brand","embeddable":true,"href":"https:\/\/skinstudio.ee\/lv\/wp-json\/wp\/v2\/product_brand?post=48462"},{"taxonomy":"product_cat","embeddable":true,"href":"https:\/\/skinstudio.ee\/lv\/wp-json\/wp\/v2\/product_cat?post=48462"},{"taxonomy":"product_tag","embeddable":true,"href":"https:\/\/skinstudio.ee\/lv\/wp-json\/wp\/v2\/product_tag?post=48462"},{"taxonomy":"giftcard-category","embeddable":true,"href":"https:\/\/skinstudio.ee\/lv\/wp-json\/wp\/v2\/giftcard-category?post=48462"}],"curies":[{"name":"wp","href":"https:\/\/api.w.org\/{rel}","templated":true}]}}