{"id":48467,"date":"2025-01-12T09:57:44","date_gmt":"2025-01-12T09:57:44","guid":{"rendered":"https:\/\/skinstudio.ee\/?post_type=product&#038;p=48467"},"modified":"2026-03-13T13:36:43","modified_gmt":"2026-03-13T13:36:43","slug":"clear-rescue","status":"publish","type":"product","link":"https:\/\/skinstudio.ee\/lv\/catalog\/hydropeptide-lv\/clear-rescue\/","title":{"rendered":"Clear Rescue"},"content":{"rendered":"<p data-start=\"6\" data-end=\"283\"><strong data-start=\"6\" data-end=\"38\">Clear Rescue no HydroPeptide<\/strong> &#8211; att\u012bro\u0161s serums, kas paredz\u0113ts kompleksai aknei pak\u013cautas \u0101das kop\u0161anai. Formula ar 0,5% salicilsk\u0101bi un HydroPeptide rakstur\u012bgo pept\u012bdu tehnolo\u0123iju pal\u012bdz maigi att\u012br\u012bt poras, regul\u0113t lieko sebuma izdal\u012b\u0161anos un uzlabot \u0101das kop\u0113jo st\u0101vokli.<\/p>\n<p data-start=\"285\" data-end=\"504\">Serums darbojas vair\u0101kos l\u012bme\u0146os: pal\u012bdz regul\u0113t bakt\u0113rijas, kas izraisa izsitumus, \u0161\u0137\u012bdina por\u0101s uzkr\u0101tos net\u012brumus un atbalsta \u0101das dabisko aizsardz\u012bbu. \u0160\u0101da pieeja pal\u012bdz padar\u012bt \u0101du t\u012br\u0101ku, glud\u0101ku un l\u012bdzsvarot\u0101ku.<\/p>\n<p data-start=\"506\" data-end=\"691\">Nomierino\u0161ie un atjaunojo\u0161ie komponenti pal\u012bdz samazin\u0101t redzamu aps\u0101rtumu un vienlaikus atbalsta \u0101das aizsargbarjeru. Regul\u0101ri lietojot, \u0101da izskat\u0101s t\u012br\u0101ka, mier\u012bg\u0101ka un vienm\u0113r\u012bg\u0101ka.<\/p>\n<p data-start=\"693\" data-end=\"723\"><strong data-start=\"693\" data-end=\"723\">Akt\u012bvo komponentu darb\u012bba:<\/strong><\/p>\n<p data-start=\"725\" data-end=\"818\">\u2022 <strong data-start=\"727\" data-end=\"752\">Salicylic Acid (0.5%)<\/strong>: maigi eksfoli\u0113 \u0101du, att\u012bra poras un pal\u012bdz samazin\u0101t izsitumus<\/p>\n<p data-start=\"820\" data-end=\"916\">\u2022 <strong data-start=\"822\" data-end=\"854\">HydroPeptide Peptide Complex<\/strong>: pal\u012bdz atbalst\u012bt \u0101das atjauno\u0161anos un uzlabot t\u0101s tekst\u016bru<\/p>\n<p data-start=\"918\" data-end=\"1029\">\u2022 <strong data-start=\"920\" data-end=\"952\">Lactobacillus Ferment Lysate<\/strong>: pal\u012bdz uztur\u0113t \u0101das mikrobioma l\u012bdzsvaru un samazin\u0101t iekaisuma reakcijas<\/p>\n<p data-start=\"1031\" data-end=\"1169\"><strong data-start=\"1031\" data-end=\"1061\">Kam piem\u0113rots Clear Rescue<\/strong>: aknei pak\u013cautai \u0101dai, p\u0101rm\u0113r\u012bgai sebuma izdal\u012b\u0161anai, p\u0113c iekaisuma plankumiem un nevienm\u0113r\u012bgam \u0101das tonim.<\/p>\n<p data-start=\"1171\" data-end=\"1189\"><strong data-start=\"1171\" data-end=\"1183\">Tilpums:<\/strong> 30 ml<\/p>\n","protected":false},"excerpt":{"rendered":"<p data-start=\"1584\" data-end=\"1609\">Att\u012bro\u0161s anti-akne serums<\/p>\n<h2 data-start=\"1611\" data-end=\"1651\"><strong data-start=\"1611\" data-end=\"1651\">\u012apa\u0161\u012bbas HydroPeptide &#8211; Clear Rescue<\/strong><\/h2>\n<p data-start=\"1653\" data-end=\"1875\">\u2714\ufe0f Pal\u012bdz kontrol\u0113t akni izraiso\u0161\u0101s bakt\u0113rijas<br data-start=\"1699\" data-end=\"1702\" \/>\u2714\ufe0f Att\u012bra poras un samazina lieko sebuma daudzumu<br data-start=\"1751\" data-end=\"1754\" \/>\u2714\ufe0f Samazina aps\u0101rtumu un iekaisumu<br data-start=\"1788\" data-end=\"1791\" \/>\u2714\ufe0f Pal\u012bdz uzlabot \u0101das kop\u0113jo t\u012br\u012bbu<br data-start=\"1827\" data-end=\"1830\" \/>\u2714\ufe0f Pal\u012bdz nov\u0113rst jaunu izsitumu veido\u0161anos<\/p>\n","protected":false},"featured_media":61678,"template":"","meta":[],"pwb-brand":[1211],"product_brand":[],"product_cat":[741,723,747],"product_tag":[],"giftcard-category":[],"class_list":{"0":"post-48467","1":"product","2":"type-product","3":"status-publish","4":"has-post-thumbnail","6":"pwb-brand-hydropeptide-lv","7":"product_cat-izsitumi","8":"product_cat-serumi","9":"product_cat-taukainai-adai","11":"first","12":"instock","13":"taxable","14":"shipping-taxable","15":"purchasable","16":"product-type-simple"},"acf":[],"brands":[{"id":1211,"name":"HydroPeptide","slug":"hydropeptide-lv"}],"_links":{"self":[{"href":"https:\/\/skinstudio.ee\/lv\/wp-json\/wp\/v2\/product\/48467","targetHints":{"allow":["GET"]}}],"collection":[{"href":"https:\/\/skinstudio.ee\/lv\/wp-json\/wp\/v2\/product"}],"about":[{"href":"https:\/\/skinstudio.ee\/lv\/wp-json\/wp\/v2\/types\/product"}],"version-history":[{"count":1,"href":"https:\/\/skinstudio.ee\/lv\/wp-json\/wp\/v2\/product\/48467\/revisions"}],"predecessor-version":[{"id":85729,"href":"https:\/\/skinstudio.ee\/lv\/wp-json\/wp\/v2\/product\/48467\/revisions\/85729"}],"wp:featuredmedia":[{"embeddable":true,"href":"https:\/\/skinstudio.ee\/lv\/wp-json\/wp\/v2\/media\/61678"}],"wp:attachment":[{"href":"https:\/\/skinstudio.ee\/lv\/wp-json\/wp\/v2\/media?parent=48467"}],"wp:term":[{"taxonomy":"pwb-brand","embeddable":true,"href":"https:\/\/skinstudio.ee\/lv\/wp-json\/wp\/v2\/pwb-brand?post=48467"},{"taxonomy":"product_brand","embeddable":true,"href":"https:\/\/skinstudio.ee\/lv\/wp-json\/wp\/v2\/product_brand?post=48467"},{"taxonomy":"product_cat","embeddable":true,"href":"https:\/\/skinstudio.ee\/lv\/wp-json\/wp\/v2\/product_cat?post=48467"},{"taxonomy":"product_tag","embeddable":true,"href":"https:\/\/skinstudio.ee\/lv\/wp-json\/wp\/v2\/product_tag?post=48467"},{"taxonomy":"giftcard-category","embeddable":true,"href":"https:\/\/skinstudio.ee\/lv\/wp-json\/wp\/v2\/giftcard-category?post=48467"}],"curies":[{"name":"wp","href":"https:\/\/api.w.org\/{rel}","templated":true}]}}