{"id":48478,"date":"2024-05-10T12:52:05","date_gmt":"2024-05-10T12:52:05","guid":{"rendered":"https:\/\/skinstudio.ee\/?post_type=product&#038;p=48478"},"modified":"2026-03-13T13:57:49","modified_gmt":"2026-03-13T13:57:49","slug":"solar-dew","status":"publish","type":"product","link":"https:\/\/skinstudio.ee\/lv\/catalog\/hydropeptide-lv\/solar-dew\/","title":{"rendered":"Solar Dew"},"content":{"rendered":"<p data-start=\"6\" data-end=\"298\"><strong data-start=\"6\" data-end=\"35\">Solar Dew no HydroPeptide<\/strong> &#8211; viegls miner\u0101lais saules aizsargserums, kas nodro\u0161ina efekt\u012bvu ikdienas aizsardz\u012bbu pret saules starojumu un vienlaikus pal\u012bdz saglab\u0101t \u0101das mitruma l\u012bdzsvaru. Z\u012bdain\u0101 tekst\u016bra viegli k\u016bst uz \u0101das, \u0101tri ies\u016bcas un pie\u0161\u0137ir dabisku mirdzumu bez balta p\u0101rkl\u0101juma.<\/p>\n<p data-start=\"300\" data-end=\"578\">Formula apvieno miner\u0101los UV filtrus un barojo\u0161as sast\u0101vda\u013cas, kas pal\u012bdz aizsarg\u0101t \u0101du no apk\u0101rt\u0113j\u0101s vides stresa un uztur\u0113t optim\u0101lu mitruma l\u012bmeni visas dienas garum\u0101. Viegl\u0101 konsistence padara produktu piem\u0113rotu ikdienas lieto\u0161anai, pal\u012bdzot saglab\u0101t \u0101du gludu un starojo\u0161u.<\/p>\n<p data-start=\"580\" data-end=\"736\">Patent\u0113tais <strong data-start=\"592\" data-end=\"616\">CellRenew-16 pept\u012bds<\/strong> kop\u0101 ar antioksidantu atbalsto\u0161\u0101m sast\u0101vda\u013c\u0101m pal\u012bdz stiprin\u0101t \u0101das dabiskos aizsargmeh\u0101nismus un uzlabot t\u0101s notur\u012bbu.<\/p>\n<p data-start=\"738\" data-end=\"768\"><strong data-start=\"738\" data-end=\"768\">Akt\u012bvo komponentu darb\u012bba:<\/strong><\/p>\n<p data-start=\"770\" data-end=\"899\">\u2022 <strong data-start=\"772\" data-end=\"796\">CellRenew-16 Peptide<\/strong>: HydroPeptide patent\u0113ts pept\u012bds, kas atbalsta \u0101das aizsargmeh\u0101nismus un struktur\u0101lo prote\u012bnu sint\u0113zi<\/p>\n<p data-start=\"901\" data-end=\"1031\">\u2022 <strong data-start=\"903\" data-end=\"936\">Titanium Dioxide + Zinc Oxide<\/strong>: 100% miner\u0101lie UV filtri, kas nodro\u0161ina pla\u0161a spektra aizsardz\u012bbu pret UVA un UVB starojumu<\/p>\n<p data-start=\"1033\" data-end=\"1150\">\u2022 <strong data-start=\"1035\" data-end=\"1071\">Squalane + Hydrogenated Lecithin<\/strong>: baro \u0101du, stiprina aizsargbarjeru un pal\u012bdz uztur\u0113t optim\u0101lu mitruma l\u012bmeni<\/p>\n<p data-start=\"1152\" data-end=\"1300\"><strong data-start=\"1152\" data-end=\"1179\">Kam piem\u0113rots Solar Dew<\/strong>: visiem \u0101das tipiem, tostarp jut\u012bgai \u0101dai, kurai nepiecie\u0161ama viegla miner\u0101l\u0101 saules aizsardz\u012bba un papildu mitrin\u0101\u0161ana.<\/p>\n<p data-start=\"1302\" data-end=\"1320\"><strong data-start=\"1302\" data-end=\"1314\">Tilpums:<\/strong> 40 ml<\/p>\n","protected":false},"excerpt":{"rendered":"<p data-start=\"1527\" data-end=\"1565\">Viegls miner\u0101lais saules aizsargserums<\/p>\n<h2 data-start=\"1567\" data-end=\"1604\"><strong data-start=\"1567\" data-end=\"1604\">\u012apa\u0161\u012bbas HydroPeptide &#8211; Solar Dew<\/strong><\/h2>\n<p data-start=\"1606\" data-end=\"1823\">\u2714\ufe0f Nodro\u0161ina pla\u0161a spektra SPF 30 aizsardz\u012bbu<br data-start=\"1651\" data-end=\"1654\" \/>\u2714\ufe0f Stiprina \u0101das dabisko aizsargbarjeru<br data-start=\"1693\" data-end=\"1696\" \/>\u2714\ufe0f Pal\u012bdz neitraliz\u0113t br\u012bvo radik\u0101\u013cu ietekmi<br data-start=\"1740\" data-end=\"1743\" \/>\u2714\ufe0f Nodro\u0161ina vieglu mitrin\u0101\u0161anu un komfortu<br data-start=\"1786\" data-end=\"1789\" \/>\u2714\ufe0f Pie\u0161\u0137ir \u0101dai dabisku mirdzumu<\/p>\n","protected":false},"featured_media":61718,"template":"","meta":[],"pwb-brand":[1211],"product_brand":[],"product_cat":[731],"product_tag":[],"giftcard-category":[],"class_list":{"0":"post-48478","1":"product","2":"type-product","3":"status-publish","4":"has-post-thumbnail","6":"pwb-brand-hydropeptide-lv","7":"product_cat-spf-aizsardziba","9":"first","10":"instock","11":"taxable","12":"shipping-taxable","13":"purchasable","14":"product-type-simple"},"acf":[],"brands":[{"id":1211,"name":"HydroPeptide","slug":"hydropeptide-lv"}],"_links":{"self":[{"href":"https:\/\/skinstudio.ee\/lv\/wp-json\/wp\/v2\/product\/48478","targetHints":{"allow":["GET"]}}],"collection":[{"href":"https:\/\/skinstudio.ee\/lv\/wp-json\/wp\/v2\/product"}],"about":[{"href":"https:\/\/skinstudio.ee\/lv\/wp-json\/wp\/v2\/types\/product"}],"version-history":[{"count":1,"href":"https:\/\/skinstudio.ee\/lv\/wp-json\/wp\/v2\/product\/48478\/revisions"}],"predecessor-version":[{"id":85773,"href":"https:\/\/skinstudio.ee\/lv\/wp-json\/wp\/v2\/product\/48478\/revisions\/85773"}],"wp:featuredmedia":[{"embeddable":true,"href":"https:\/\/skinstudio.ee\/lv\/wp-json\/wp\/v2\/media\/61718"}],"wp:attachment":[{"href":"https:\/\/skinstudio.ee\/lv\/wp-json\/wp\/v2\/media?parent=48478"}],"wp:term":[{"taxonomy":"pwb-brand","embeddable":true,"href":"https:\/\/skinstudio.ee\/lv\/wp-json\/wp\/v2\/pwb-brand?post=48478"},{"taxonomy":"product_brand","embeddable":true,"href":"https:\/\/skinstudio.ee\/lv\/wp-json\/wp\/v2\/product_brand?post=48478"},{"taxonomy":"product_cat","embeddable":true,"href":"https:\/\/skinstudio.ee\/lv\/wp-json\/wp\/v2\/product_cat?post=48478"},{"taxonomy":"product_tag","embeddable":true,"href":"https:\/\/skinstudio.ee\/lv\/wp-json\/wp\/v2\/product_tag?post=48478"},{"taxonomy":"giftcard-category","embeddable":true,"href":"https:\/\/skinstudio.ee\/lv\/wp-json\/wp\/v2\/giftcard-category?post=48478"}],"curies":[{"name":"wp","href":"https:\/\/api.w.org\/{rel}","templated":true}]}}