{"id":48513,"date":"2024-02-02T10:30:34","date_gmt":"2024-02-02T10:30:34","guid":{"rendered":"https:\/\/skinstudio.ee\/?post_type=product&#038;p=48513"},"modified":"2026-03-13T14:08:35","modified_gmt":"2026-03-13T14:08:35","slug":"retinol-routine-booster","status":"publish","type":"product","link":"https:\/\/skinstudio.ee\/lv\/catalog\/hydropeptide-lv\/retinol-routine-booster\/","title":{"rendered":"Retinol Routine Booster"},"content":{"rendered":"<p data-start=\"6\" data-end=\"374\"><strong data-start=\"6\" data-end=\"49\">Retinol Routine Booster no HydroPeptide<\/strong> &#8211; augstas efektivit\u0101tes retinola boosters ar 1% retinolu, kas paredz\u0113ts intens\u012bvai \u0101das atjauno\u0161anai un redzamai noveco\u0161an\u0101s paz\u012bmju korekcijai. Formula apvieno progres\u012bvu retino\u012bdu kompleksu un HydroPeptide patent\u0113to pept\u012bdu tehnolo\u0123iju, pal\u012bdzot uzlabot \u0101das bl\u012bvumu, izl\u012bdzin\u0101t tekst\u016bru un padar\u012bt \u0101das toni vienm\u0113r\u012bg\u0101ku.<\/p>\n<p data-start=\"376\" data-end=\"642\"><strong data-start=\"376\" data-end=\"413\">Universal Tri-Retinol tehnolo\u0123ija<\/strong> apvieno tr\u012bs progres\u012bvas retino\u012bdu formas, kas pak\u0101peniski izdal\u0101s \u0101d\u0101, nodro\u0161inot optim\u0101lu akt\u012bvo vielu pieg\u0101di un labu panesam\u012bbu. \u0160\u012b pieeja veicina \u0101das atjauno\u0161anos, samazina grumbu redzam\u012bbu un uzlabo \u0101das kop\u0113jo kvalit\u0101ti.<\/p>\n<p data-start=\"644\" data-end=\"849\">Formula papildin\u0101ta ar izgaismojo\u0161iem un mitrino\u0161iem komponentiem, kas pal\u012bdz samazin\u0101t pigment\u0101cijas redzam\u012bbu, stiprina \u0101das aizsargbarjeru un pie\u0161\u0137ir \u0101dai stingr\u0101ku, vienm\u0113r\u012bg\u0101ku un starojo\u0161\u0101ku izskatu.<\/p>\n<p data-start=\"851\" data-end=\"881\"><strong data-start=\"851\" data-end=\"881\">Akt\u012bvo komponentu darb\u012bba:<\/strong><\/p>\n<p data-start=\"883\" data-end=\"1040\">\u2022 <strong data-start=\"885\" data-end=\"967\">1% Triple Retinol Complex (Retinol + Retinyl Linoleate + Glyceryl Diretinoate)<\/strong>: pa\u0101trina \u0161\u016bnu atjauno\u0161anos, izl\u012bdzina grumbas un uzlabo \u0101das tekst\u016bru<\/p>\n<p data-start=\"1042\" data-end=\"1174\">\u2022 <strong data-start=\"1044\" data-end=\"1073\">CellRenew-16 Peptide (5%)<\/strong>: HydroPeptide patent\u0113ts pept\u012bds, kas stimul\u0113 struktur\u0101lo prote\u012bnu sint\u0113zi un stiprina \u0101das barjeru<\/p>\n<p data-start=\"1176\" data-end=\"1291\">\u2022 <strong data-start=\"1178\" data-end=\"1193\">Niacinamide<\/strong>: pal\u012bdz izl\u012bdzin\u0101t \u0101das toni, samazina pigment\u0101cijas redzam\u012bbu un atbalsta \u0101das aizsargfunkciju<\/p>\n<p data-start=\"1293\" data-end=\"1418\"><strong data-start=\"1293\" data-end=\"1334\">Kam piem\u0113rots Retinol Routine Booster<\/strong>: \u0101dai ar izteikt\u0101m noveco\u0161an\u0101s paz\u012bm\u0113m, nevienm\u0113r\u012bgu toni, grumb\u0101m un pigment\u0101ciju.<\/p>\n<p data-start=\"1420\" data-end=\"1438\"><strong data-start=\"1420\" data-end=\"1432\">Tilpums:<\/strong> 30 ml<\/p>\n","protected":false},"excerpt":{"rendered":"<p data-start=\"1992\" data-end=\"2031\">1% retinola \u0101das atjaunojo\u0161ais boosters<\/p>\n<h2 data-start=\"2033\" data-end=\"2084\"><strong data-start=\"2033\" data-end=\"2084\">\u012apa\u0161\u012bbas HydroPeptide &#8211; Retinol Routine Booster<\/strong><\/h2>\n<p data-start=\"2086\" data-end=\"2283\">\u2714\ufe0f Intens\u012bvi stimul\u0113 \u0101das atjauno\u0161anos<br data-start=\"2124\" data-end=\"2127\" \/>\u2714\ufe0f Redzami samazina grumbu dzi\u013cumu<br data-start=\"2161\" data-end=\"2164\" \/>\u2714\ufe0f Palielina \u0101das bl\u012bvumu un elast\u012bbu<br data-start=\"2201\" data-end=\"2204\" \/>\u2714\ufe0f Izgaismo pigment\u0101ciju un izl\u012bdzina toni<br data-start=\"2246\" data-end=\"2249\" \/>\u2714\ufe0f Padara \u0101du gludu un starojo\u0161u<\/p>\n","protected":false},"featured_media":61738,"template":"","meta":[],"pwb-brand":[1211],"product_brand":[],"product_cat":[727,749,751,723],"product_tag":[],"giftcard-category":[],"class_list":{"0":"post-48513","1":"product","2":"type-product","3":"status-publish","4":"has-post-thumbnail","6":"pwb-brand-hydropeptide-lv","7":"product_cat-a-vitamins-retinols","8":"product_cat-novecojosa-ada","9":"product_cat-pigmentacija-lv","10":"product_cat-serumi","12":"first","13":"instock","14":"taxable","15":"shipping-taxable","16":"purchasable","17":"product-type-simple"},"acf":[],"brands":[{"id":1211,"name":"HydroPeptide","slug":"hydropeptide-lv"}],"_links":{"self":[{"href":"https:\/\/skinstudio.ee\/lv\/wp-json\/wp\/v2\/product\/48513","targetHints":{"allow":["GET"]}}],"collection":[{"href":"https:\/\/skinstudio.ee\/lv\/wp-json\/wp\/v2\/product"}],"about":[{"href":"https:\/\/skinstudio.ee\/lv\/wp-json\/wp\/v2\/types\/product"}],"version-history":[{"count":1,"href":"https:\/\/skinstudio.ee\/lv\/wp-json\/wp\/v2\/product\/48513\/revisions"}],"predecessor-version":[{"id":85795,"href":"https:\/\/skinstudio.ee\/lv\/wp-json\/wp\/v2\/product\/48513\/revisions\/85795"}],"wp:featuredmedia":[{"embeddable":true,"href":"https:\/\/skinstudio.ee\/lv\/wp-json\/wp\/v2\/media\/61738"}],"wp:attachment":[{"href":"https:\/\/skinstudio.ee\/lv\/wp-json\/wp\/v2\/media?parent=48513"}],"wp:term":[{"taxonomy":"pwb-brand","embeddable":true,"href":"https:\/\/skinstudio.ee\/lv\/wp-json\/wp\/v2\/pwb-brand?post=48513"},{"taxonomy":"product_brand","embeddable":true,"href":"https:\/\/skinstudio.ee\/lv\/wp-json\/wp\/v2\/product_brand?post=48513"},{"taxonomy":"product_cat","embeddable":true,"href":"https:\/\/skinstudio.ee\/lv\/wp-json\/wp\/v2\/product_cat?post=48513"},{"taxonomy":"product_tag","embeddable":true,"href":"https:\/\/skinstudio.ee\/lv\/wp-json\/wp\/v2\/product_tag?post=48513"},{"taxonomy":"giftcard-category","embeddable":true,"href":"https:\/\/skinstudio.ee\/lv\/wp-json\/wp\/v2\/giftcard-category?post=48513"}],"curies":[{"name":"wp","href":"https:\/\/api.w.org\/{rel}","templated":true}]}}