{"id":48524,"date":"2023-08-18T14:44:40","date_gmt":"2023-08-18T14:44:40","guid":{"rendered":"https:\/\/skinstudio.ee\/?post_type=product&#038;p=48524"},"modified":"2026-03-13T14:17:03","modified_gmt":"2026-03-13T14:17:03","slug":"daily-drench","status":"publish","type":"product","link":"https:\/\/skinstudio.ee\/lv\/catalog\/hydropeptide-lv\/daily-drench\/","title":{"rendered":"Daily Drench"},"content":{"rendered":"<p data-start=\"6\" data-end=\"277\"><strong data-start=\"6\" data-end=\"38\">Daily Drench no HydroPeptide<\/strong> &#8211; intens\u012bvs pept\u012bdu boosters ar tr\u012bsk\u0101r\u0161u hialuronsk\u0101bi, kas paredz\u0113ts dzi\u013cai un ilgsto\u0161ai \u0101das mitrin\u0101\u0161anai. Atsvaidzino\u0161\u0101 g\u0113la-seruma tekst\u016bra uzreiz pies\u0101tina \u0101du ar mitrumu, pal\u012bdzot uzlabot t\u0101s elast\u012bbu, gludumu un kop\u0113jo vitalit\u0101ti.<\/p>\n<p data-start=\"279\" data-end=\"527\">Formula apvieno tr\u012bs hialuronsk\u0101bes formas un Austr\u0101lijas rozellas ekstraktu, nodro\u0161inot daudzl\u012bme\u0146u mitrin\u0101\u0161anu, kas var saglab\u0101ties l\u012bdz pat 72 stund\u0101m p\u0113c uzkl\u0101\u0161anas. \u0160is komplekss pal\u012bdz uztur\u0113t optim\u0101lu mitruma l\u012bmeni un uzlabot \u0101das tekst\u016bru.<\/p>\n<p data-start=\"529\" data-end=\"694\">Patent\u0113tais <strong data-start=\"541\" data-end=\"565\">CellRenew-16 pept\u012bds<\/strong> stimul\u0113 struktur\u0101lo prote\u012bnu un \u0101das pa\u0161u hialuronsk\u0101bes sint\u0113zi, pal\u012bdzot uzlabot \u0101das bl\u012bvumu, elast\u012bbu un visp\u0101r\u0113jo notur\u012bbu.<\/p>\n<p data-start=\"696\" data-end=\"726\"><strong data-start=\"696\" data-end=\"726\">Akt\u012bvo komponentu darb\u012bba:<\/strong><\/p>\n<p data-start=\"728\" data-end=\"832\">\u2022 <strong data-start=\"730\" data-end=\"764\">Triple Hyaluronic Acid Complex<\/strong>: nodro\u0161ina daudzl\u012bme\u0146u mitrin\u0101\u0161anu un pal\u012bdz saglab\u0101t mitrumu \u0101d\u0101<\/p>\n<p data-start=\"834\" data-end=\"961\">\u2022 <strong data-start=\"836\" data-end=\"860\">CellRenew-16 Peptide<\/strong>: HydroPeptide patent\u0113ts pept\u012bds, kas stimul\u0113 struktur\u0101lo prote\u012bnu sint\u0113zi un stiprina \u0101das barjeru<\/p>\n<p data-start=\"963\" data-end=\"1071\">\u2022 <strong data-start=\"965\" data-end=\"1006\">Hibiscus Sabdariffa (Rosella) Extract<\/strong>: pal\u012bdz uztur\u0113t mitruma l\u012bmeni un uzlabo \u0101das svaigumu un toni<\/p>\n<p data-start=\"1073\" data-end=\"1186\"><strong data-start=\"1073\" data-end=\"1103\">Kam piem\u0113rots Daily Drench<\/strong>: visiem \u0101das tipiem, \u012bpa\u0161i dehidr\u0113tai, bl\u0101vai \u0101dai un \u0101dai ar samazin\u0101tu elast\u012bbu.<\/p>\n<p data-start=\"1188\" data-end=\"1206\"><strong data-start=\"1188\" data-end=\"1200\">Tilpums:<\/strong> 30 ml<\/p>\n","protected":false},"excerpt":{"rendered":"<p data-start=\"1464\" data-end=\"1519\">Pept\u012bdu mitrino\u0161ais boosters ar tr\u012bsk\u0101r\u0161u hialuronsk\u0101bi<\/p>\n<h2 data-start=\"1521\" data-end=\"1561\"><strong data-start=\"1521\" data-end=\"1561\">\u012apa\u0161\u012bbas HydroPeptide &#8211; Daily Drench<\/strong><\/h2>\n<p data-start=\"1563\" data-end=\"1772\">\u2714\ufe0f Nodro\u0161ina intens\u012bvu mitrin\u0101\u0161anu l\u012bdz 72 stund\u0101m<br data-start=\"1613\" data-end=\"1616\" \/>\u2714\ufe0f Atjauno \u0101das mitruma l\u012bdzsvaru<br data-start=\"1649\" data-end=\"1652\" \/>\u2714\ufe0f Uzlabo \u0101das elast\u012bbu un bl\u012bvumu<br data-start=\"1686\" data-end=\"1689\" \/>\u2714\ufe0f Samazina smalko l\u012bniju redzam\u012bbu<br data-start=\"1724\" data-end=\"1727\" \/>\u2714\ufe0f Pie\u0161\u0137ir \u0101dai svaigu un starojo\u0161u izskatu<\/p>\n","protected":false},"featured_media":61748,"template":"","meta":[],"pwb-brand":[1211],"product_brand":[],"product_cat":[737,747],"product_tag":[],"giftcard-category":[],"class_list":{"0":"post-48524","1":"product","2":"type-product","3":"status-publish","4":"has-post-thumbnail","6":"pwb-brand-hydropeptide-lv","7":"product_cat-mitrinasana","8":"product_cat-taukainai-adai","10":"first","11":"instock","12":"taxable","13":"shipping-taxable","14":"purchasable","15":"product-type-simple"},"acf":[],"brands":[{"id":1211,"name":"HydroPeptide","slug":"hydropeptide-lv"}],"_links":{"self":[{"href":"https:\/\/skinstudio.ee\/lv\/wp-json\/wp\/v2\/product\/48524","targetHints":{"allow":["GET"]}}],"collection":[{"href":"https:\/\/skinstudio.ee\/lv\/wp-json\/wp\/v2\/product"}],"about":[{"href":"https:\/\/skinstudio.ee\/lv\/wp-json\/wp\/v2\/types\/product"}],"version-history":[{"count":1,"href":"https:\/\/skinstudio.ee\/lv\/wp-json\/wp\/v2\/product\/48524\/revisions"}],"predecessor-version":[{"id":85827,"href":"https:\/\/skinstudio.ee\/lv\/wp-json\/wp\/v2\/product\/48524\/revisions\/85827"}],"wp:featuredmedia":[{"embeddable":true,"href":"https:\/\/skinstudio.ee\/lv\/wp-json\/wp\/v2\/media\/61748"}],"wp:attachment":[{"href":"https:\/\/skinstudio.ee\/lv\/wp-json\/wp\/v2\/media?parent=48524"}],"wp:term":[{"taxonomy":"pwb-brand","embeddable":true,"href":"https:\/\/skinstudio.ee\/lv\/wp-json\/wp\/v2\/pwb-brand?post=48524"},{"taxonomy":"product_brand","embeddable":true,"href":"https:\/\/skinstudio.ee\/lv\/wp-json\/wp\/v2\/product_brand?post=48524"},{"taxonomy":"product_cat","embeddable":true,"href":"https:\/\/skinstudio.ee\/lv\/wp-json\/wp\/v2\/product_cat?post=48524"},{"taxonomy":"product_tag","embeddable":true,"href":"https:\/\/skinstudio.ee\/lv\/wp-json\/wp\/v2\/product_tag?post=48524"},{"taxonomy":"giftcard-category","embeddable":true,"href":"https:\/\/skinstudio.ee\/lv\/wp-json\/wp\/v2\/giftcard-category?post=48524"}],"curies":[{"name":"wp","href":"https:\/\/api.w.org\/{rel}","templated":true}]}}