{"id":48534,"date":"2023-05-24T17:56:48","date_gmt":"2023-05-24T17:56:48","guid":{"rendered":"https:\/\/skinstudio.ee\/?post_type=product&#038;p=48534"},"modified":"2026-02-19T15:01:56","modified_gmt":"2026-02-19T15:01:56","slug":"exfoliating-cleanser","status":"publish","type":"product","link":"https:\/\/skinstudio.ee\/lv\/catalog\/hydropeptide-lv\/exfoliating-cleanser\/","title":{"rendered":"Exfoliating Cleanser"},"content":{"rendered":"<div class=\"given_product_description_long\">\n<p data-start=\"3061\" data-end=\"3361\"><strong data-start=\"3061\" data-end=\"3101\">Exfoliating Cleanser no HydroPeptide<\/strong> &#8211; att\u012bro\u0161s l\u012bdzeklis ar pept\u012bdu, alfa hidroksi sk\u0101bju un augu ekstraktu kompleksu, kas paredz\u0113ts r\u016bp\u012bgai net\u012brumu un kosm\u0113tikas no\u0146em\u0161anai vienlaikus nodro\u0161inot maigu \u0101das atjauno\u0161anu. Formula att\u012bra saudz\u012bgi bez sausuma saj\u016btas, atst\u0101jot \u0101du svaigu un gludu.<\/p>\n<p data-start=\"3363\" data-end=\"3594\">Produkts veicina maigu atmiru\u0161o \u0161\u016bnu eksfoli\u0101ciju, pal\u012bdz nov\u0113rst raga sl\u0101\u0146a sabiez\u0113\u0161anu un vizu\u0101li samazina poru redzam\u012bbu. Akt\u012bv\u0101 formula pal\u012bdz izl\u012bdzin\u0101t \u0101das toni, uzlabot tekst\u016bru un p\u0113c att\u012br\u012b\u0161anas nodro\u0161ina viegluma saj\u016btu.<\/p>\n<p data-start=\"3596\" data-end=\"3620\"><strong data-start=\"3596\" data-end=\"3620\">Akt\u012bv\u0101s sast\u0101vda\u013cas:<\/strong><\/p>\n<ul data-start=\"3622\" data-end=\"3855\">\n<li data-start=\"3622\" data-end=\"3721\">\n<p data-start=\"3624\" data-end=\"3721\"><strong data-start=\"3624\" data-end=\"3655\">Peptide Complex + Peptiskin<\/strong> &#8211; atbalsta kolag\u0113na sint\u0113zi un pal\u012bdz samazin\u0101t m\u012bmikas l\u012bnijas<\/p>\n<\/li>\n<li data-start=\"3722\" data-end=\"3796\">\n<p data-start=\"3724\" data-end=\"3796\"><strong data-start=\"3724\" data-end=\"3747\">Glycolic Acid (AHA)<\/strong> &#8211; maigi atjauno \u0101das virsmu un uzlabo tekst\u016bru<\/p>\n<\/li>\n<li data-start=\"3797\" data-end=\"3855\">\n<p data-start=\"3799\" data-end=\"3855\"><strong data-start=\"3799\" data-end=\"3819\">Jojoba Oil Beads<\/strong> &#8211; saudz\u012bgi eksfoli\u0113 bez kairin\u0101juma<\/p>\n<\/li>\n<\/ul>\n<p data-start=\"3857\" data-end=\"3961\"><strong data-start=\"3857\" data-end=\"3875\">Kam piem\u0113rots:<\/strong> visiem \u0101das tipiem; \u012bpa\u0161i bl\u0101vai \u0101dai, papla\u0161in\u0101t\u0101m por\u0101m un nevienm\u0113r\u012bgai tekst\u016brai.<\/p>\n<p data-start=\"3963\" data-end=\"3990\"><strong data-start=\"3963\" data-end=\"3975\">Tilpums:<\/strong> 30 ml \/ 200 ml<\/p>\n<\/div>\n","protected":false},"excerpt":{"rendered":"<div class=\"given_product_description_top\">\n<p data-start=\"4149\" data-end=\"4192\">Att\u012bro\u0161s l\u012bdzeklis ar miorelaks\u0113jo\u0161u efektu<\/p>\n<h2 data-start=\"4194\" data-end=\"4242\"><strong data-start=\"4194\" data-end=\"4242\">\u012apa\u0161\u012bbas HydroPeptide &#8211; Exfoliating Cleanser<\/strong><\/h2>\n<p data-start=\"4244\" data-end=\"4426\">\u2714\ufe0f Att\u012bra un maigi atjauno \u0101du<br data-start=\"4274\" data-end=\"4277\" \/>\u2714\ufe0f Stimul\u0113 epidermas \u0161\u016bnu atjauno\u0161anos<br data-start=\"4315\" data-end=\"4318\" \/>\u2714\ufe0f Izl\u012bdzina toni un mikroreljefu<br data-start=\"4351\" data-end=\"4354\" \/>\u2714\ufe0f Samazina poru un bl\u0101vuma redzam\u012bbu<br data-start=\"4391\" data-end=\"4394\" \/>\u2714\ufe0f Piem\u0113rots ikdienas lieto\u0161anai<\/p>\n<\/div>\n","protected":false},"featured_media":61898,"template":"","meta":[],"pwb-brand":[1211],"product_brand":[],"product_cat":[715,745,751,739,753],"product_tag":[],"giftcard-category":[],"class_list":{"0":"post-48534","1":"product","2":"type-product","3":"status-publish","4":"has-post-thumbnail","6":"pwb-brand-hydropeptide-lv","7":"product_cat-attirisana","8":"product_cat-jutigai-adai","9":"product_cat-pigmentacija-lv","10":"product_cat-sausai-adai","11":"product_cat-travel-size-lv","12":"pa_suurus-200ml-lv","13":"pa_suurus-30ml-lv","15":"first","16":"instock","17":"taxable","18":"shipping-taxable","19":"purchasable","20":"product-type-variable"},"acf":[],"brands":[{"id":1211,"name":"HydroPeptide","slug":"hydropeptide-lv"}],"_links":{"self":[{"href":"https:\/\/skinstudio.ee\/lv\/wp-json\/wp\/v2\/product\/48534","targetHints":{"allow":["GET"]}}],"collection":[{"href":"https:\/\/skinstudio.ee\/lv\/wp-json\/wp\/v2\/product"}],"about":[{"href":"https:\/\/skinstudio.ee\/lv\/wp-json\/wp\/v2\/types\/product"}],"version-history":[{"count":1,"href":"https:\/\/skinstudio.ee\/lv\/wp-json\/wp\/v2\/product\/48534\/revisions"}],"predecessor-version":[{"id":82732,"href":"https:\/\/skinstudio.ee\/lv\/wp-json\/wp\/v2\/product\/48534\/revisions\/82732"}],"wp:featuredmedia":[{"embeddable":true,"href":"https:\/\/skinstudio.ee\/lv\/wp-json\/wp\/v2\/media\/61898"}],"wp:attachment":[{"href":"https:\/\/skinstudio.ee\/lv\/wp-json\/wp\/v2\/media?parent=48534"}],"wp:term":[{"taxonomy":"pwb-brand","embeddable":true,"href":"https:\/\/skinstudio.ee\/lv\/wp-json\/wp\/v2\/pwb-brand?post=48534"},{"taxonomy":"product_brand","embeddable":true,"href":"https:\/\/skinstudio.ee\/lv\/wp-json\/wp\/v2\/product_brand?post=48534"},{"taxonomy":"product_cat","embeddable":true,"href":"https:\/\/skinstudio.ee\/lv\/wp-json\/wp\/v2\/product_cat?post=48534"},{"taxonomy":"product_tag","embeddable":true,"href":"https:\/\/skinstudio.ee\/lv\/wp-json\/wp\/v2\/product_tag?post=48534"},{"taxonomy":"giftcard-category","embeddable":true,"href":"https:\/\/skinstudio.ee\/lv\/wp-json\/wp\/v2\/giftcard-category?post=48534"}],"curies":[{"name":"wp","href":"https:\/\/api.w.org\/{rel}","templated":true}]}}