{"id":48569,"date":"2023-05-24T17:56:48","date_gmt":"2023-05-24T17:56:48","guid":{"rendered":"https:\/\/skinstudio.ee\/?post_type=product&#038;p=48569"},"modified":"2026-02-19T15:08:03","modified_gmt":"2026-02-19T15:08:03","slug":"cleansing-gel","status":"publish","type":"product","link":"https:\/\/skinstudio.ee\/lv\/catalog\/hydropeptide-lv\/cleansing-gel\/","title":{"rendered":"Cleansing Gel"},"content":{"rendered":"<div class=\"given_product_description_long\">\n<p data-start=\"3026\" data-end=\"3260\"><strong data-start=\"3026\" data-end=\"3059\">Cleansing Gel no HydroPeptide<\/strong> &#8211; maigs att\u012bro\u0161s gels, kas delik\u0101ti no\u0146em net\u012brumus un kosm\u0113tiku, vienlaikus toniz\u0113jot \u0101du. Formula uztur optim\u0101lu \u016bdens-lip\u012bdu l\u012bdzsvaru, neizraisa sausuma saj\u016btu un atst\u0101j \u0101du svaigu un komfortablu.<\/p>\n<p data-start=\"3262\" data-end=\"3486\">Akt\u012bv\u0101 formula pal\u012bdz nomierin\u0101t jut\u012bgu un kairin\u0101tu \u0101du, veicina m\u012bkstin\u0101\u0161anu un atbalsta dabisk\u0101s aizsargfunkcijas. Maiga atjaunojo\u0161a iedarb\u012bba uzlabo \u0101das gludumu un pal\u012bdz saglab\u0101t vienm\u0113r\u012bgu toni bez agres\u012bvas ietekmes.<\/p>\n<p data-start=\"3488\" data-end=\"3512\"><strong data-start=\"3488\" data-end=\"3512\">Akt\u012bv\u0101s sast\u0101vda\u013cas:<\/strong><\/p>\n<ul data-start=\"3514\" data-end=\"3830\">\n<li data-start=\"3514\" data-end=\"3592\">\n<p data-start=\"3516\" data-end=\"3592\"><strong data-start=\"3516\" data-end=\"3545\">Amaranth Peptide Cleanser<\/strong> &#8211; maigi att\u012bra un samazina virsmas spriegumu<\/p>\n<\/li>\n<li data-start=\"3593\" data-end=\"3757\">\n<p data-start=\"3595\" data-end=\"3757\"><strong data-start=\"3595\" data-end=\"3702\">Antioxidant Botanical Complex (Green Tea, Chamomile, Cucumber, Apple, Witch Hazel, Geranium, Calendula)<\/strong> &#8211; antioksidantu aizsardz\u012bba un nomierino\u0161a iedarb\u012bba<\/p>\n<\/li>\n<li data-start=\"3758\" data-end=\"3830\">\n<p data-start=\"3760\" data-end=\"3830\"><strong data-start=\"3760\" data-end=\"3787\">Peptiskin + Lactic Acid<\/strong> &#8211; atbalsta atjauno\u0161anos un uzlabo tekst\u016bru<\/p>\n<\/li>\n<\/ul>\n<p data-start=\"3832\" data-end=\"3900\"><strong data-start=\"3832\" data-end=\"3850\">Kam piem\u0113rots:<\/strong> visiem \u0101das tipiem; \u012bpa\u0161i jut\u012bgai un sausai \u0101dai.<\/p>\n<p data-start=\"3902\" data-end=\"3929\"><strong data-start=\"3902\" data-end=\"3914\">Tilpums:<\/strong> 30 ml \/ 200 ml<\/p>\n<\/div>\n","protected":false},"excerpt":{"rendered":"<div class=\"given_product_description_top\">\n<p data-start=\"4119\" data-end=\"4159\">Maigs att\u012bro\u0161s gels ar toniz\u0113jo\u0161u efektu<\/p>\n<h2 data-start=\"4161\" data-end=\"4202\"><strong data-start=\"4161\" data-end=\"4202\">\u012apa\u0161\u012bbas HydroPeptide &#8211; Cleansing Gel<\/strong><\/h2>\n<p data-start=\"4204\" data-end=\"4372\">\u2714\ufe0f Maigi att\u012bra bez sausuma<br data-start=\"4231\" data-end=\"4234\" \/>\u2714\ufe0f Uztur \u016bdens-lip\u012bdu l\u012bdzsvaru<br data-start=\"4265\" data-end=\"4268\" \/>\u2714\ufe0f Nomierina un mazina kairin\u0101jumu<br data-start=\"4302\" data-end=\"4305\" \/>\u2714\ufe0f Atsvaidzina un uzlabo gludumu<br data-start=\"4337\" data-end=\"4340\" \/>\u2714\ufe0f Piem\u0113rots ikdienas lieto\u0161anai<\/p>\n<\/div>\n","protected":false},"featured_media":61893,"template":"","meta":[],"pwb-brand":[1211],"product_brand":[],"product_cat":[715,741,745,743,739,747,753],"product_tag":[],"giftcard-category":[],"class_list":{"0":"post-48569","1":"product","2":"type-product","3":"status-publish","4":"has-post-thumbnail","6":"pwb-brand-hydropeptide-lv","7":"product_cat-attirisana","8":"product_cat-izsitumi","9":"product_cat-jutigai-adai","10":"product_cat-paplasinatas-poras","11":"product_cat-sausai-adai","12":"product_cat-taukainai-adai","13":"product_cat-travel-size-lv","14":"pa_suurus-200ml-lv","15":"pa_suurus-30ml-lv","17":"first","18":"instock","19":"taxable","20":"shipping-taxable","21":"purchasable","22":"product-type-variable"},"acf":[],"brands":[{"id":1211,"name":"HydroPeptide","slug":"hydropeptide-lv"}],"_links":{"self":[{"href":"https:\/\/skinstudio.ee\/lv\/wp-json\/wp\/v2\/product\/48569","targetHints":{"allow":["GET"]}}],"collection":[{"href":"https:\/\/skinstudio.ee\/lv\/wp-json\/wp\/v2\/product"}],"about":[{"href":"https:\/\/skinstudio.ee\/lv\/wp-json\/wp\/v2\/types\/product"}],"version-history":[{"count":1,"href":"https:\/\/skinstudio.ee\/lv\/wp-json\/wp\/v2\/product\/48569\/revisions"}],"predecessor-version":[{"id":82753,"href":"https:\/\/skinstudio.ee\/lv\/wp-json\/wp\/v2\/product\/48569\/revisions\/82753"}],"wp:featuredmedia":[{"embeddable":true,"href":"https:\/\/skinstudio.ee\/lv\/wp-json\/wp\/v2\/media\/61893"}],"wp:attachment":[{"href":"https:\/\/skinstudio.ee\/lv\/wp-json\/wp\/v2\/media?parent=48569"}],"wp:term":[{"taxonomy":"pwb-brand","embeddable":true,"href":"https:\/\/skinstudio.ee\/lv\/wp-json\/wp\/v2\/pwb-brand?post=48569"},{"taxonomy":"product_brand","embeddable":true,"href":"https:\/\/skinstudio.ee\/lv\/wp-json\/wp\/v2\/product_brand?post=48569"},{"taxonomy":"product_cat","embeddable":true,"href":"https:\/\/skinstudio.ee\/lv\/wp-json\/wp\/v2\/product_cat?post=48569"},{"taxonomy":"product_tag","embeddable":true,"href":"https:\/\/skinstudio.ee\/lv\/wp-json\/wp\/v2\/product_tag?post=48569"},{"taxonomy":"giftcard-category","embeddable":true,"href":"https:\/\/skinstudio.ee\/lv\/wp-json\/wp\/v2\/giftcard-category?post=48569"}],"curies":[{"name":"wp","href":"https:\/\/api.w.org\/{rel}","templated":true}]}}